{"id":16621,"date":"2023-03-22T23:44:46","date_gmt":"2023-03-23T05:44:46","guid":{"rendered":"https:\/\/arka.design\/ludoteka\/?page_id=16621"},"modified":"2023-03-22T23:44:46","modified_gmt":"2023-03-23T05:44:46","slug":"terminos-y-condiciones","status":"publish","type":"page","link":"https:\/\/shapp.mx\/ludoteka\/terminos-y-condiciones\/","title":{"rendered":"T\u00e9rminos y condiciones"},"content":{"rendered":"\t\t<div data-elementor-type=\"wp-page\" data-elementor-id=\"16621\" class=\"elementor elementor-16621\">\n\t\t\t\t\t\t<section class=\"elementor-section elementor-top-section elementor-element elementor-element-396214f elementor-section-boxed elementor-section-height-default elementor-section-height-default\" data-id=\"396214f\" data-element_type=\"section\">\n\t\t\t\t\t\t<div class=\"elementor-container elementor-column-gap-default\">\n\t\t\t\t\t<div class=\"elementor-column elementor-col-100 elementor-top-column elementor-element elementor-element-4571499\" data-id=\"4571499\" data-element_type=\"column\">\n\t\t\t<div class=\"elementor-widget-wrap elementor-element-populated\">\n\t\t\t\t\t\t<div class=\"elementor-element elementor-element-cdca296 elementor-widget elementor-widget-text-editor\" data-id=\"cdca296\" data-element_type=\"widget\" data-widget_type=\"text-editor.default\">\n\t\t\t\t<div class=\"elementor-widget-container\">\n\t\t\t\t\t\t\t\t\t<h3><strong>T\u00e9rminos y condiciones<\/strong><\/h3>\n<p>Los presentes T\u00e9rminos y Condiciones son aplicables a todas las personas que utilizan este sitio web, localizado en www.ludoteka.mx (el \u00abSitio web\u00bb o la \u00abTienda en L\u00ednea\u00bb). Estos T\u00e9rminos y Condiciones constituyen las condiciones generales de contrataci\u00f3n y conjuntamente con las \u00d3rdenes de Compra, las Confirmaciones de Compra correspondientes y los dem\u00e1s Documentos Contractuales del Sitio, rigen la relaci\u00f3n que existe entre La Ludoteka y los Cliente que utilizan el Sitio web que adquieren mercanc\u00edas a trav\u00e9s de medios electr\u00f3nicos y\/o\u00a0 las personas que visitan el Sitio web y consultan o usan su contenido (los \u00abUsuarios\u00bb). Por favor lea cuidadosamente estos T\u00e9rminos y Condiciones. Al hacer uso de este Sitio web Usted manifiesta que ha le\u00eddo y entendido los Documentos Contractuales del Sitio y que acepta obligarse conformidad con las declaraciones y cl\u00e1usulas que los mismos establecen.<\/p>\n<h4><strong>1. Antecedentes<\/strong><\/h4>\n<p>La Ludoteka ha desarrollado la Tienda en L\u00ednea para que cualquier cliente de La Ludoteka, localizado en M\u00e9xico, pueda adquirir alguno de los art\u00edculos contemplados en nuestro Cat\u00e1logo de Art\u00edculos en L\u00ednea y solicitar que dichos art\u00edculos sean entregados en cualquier domicilio localizado en M\u00e9xico. El uso de este Sitio web se rige por la legislaci\u00f3n de los Estados Unidos Mexicanos. Si Usted usa este sitio desde otro pa\u00eds, Usted estar\u00e1 utilizando nuestro Sitio web bajo su propio riesgo y es responsable de cumplir con las leyes mexicanas y aquellas que se encuentran en vigor en la jurisdicci\u00f3n en la que Usted se ubica.<\/p>\n<h4><strong>2. Declaraciones de La Ludoteka<\/strong><\/h4>\n<p>La Ludoteka declara:\u00a0 La Ludoteka ha desarrollado su Tienda en L\u00ednea con el prop\u00f3sito de que los clientes de La Ludoteka puedan adquirir a trav\u00e9s de medios electr\u00f3nicos las mercanc\u00edas que se muestran en el Cat\u00e1logo de Art\u00edculos en L\u00ednea en nuestro Sitio web, en los t\u00e9rminos que las partes acuerden en la Orden de Compra y la Confirmaci\u00f3n de Compra correspondientes.<\/p>\n<h4><strong>3. Declaraciones del Cliente de la tienda en linea de La Ludoteka<\/strong><\/h4>\n<p>El clientes de La Ludoteka declara, por su propio derecho: ser una persona f\u00edsica, mayor de 18 a\u00f1os de edad y contar con plena capacidad jur\u00eddica para poder obligarse en t\u00e9rminos del presente contrato: ostentar la calidad de Cliente que desea registrarse en el Sitio web para crear una cuenta y le permita adquirir art\u00edculos de la Tienda en L\u00ednea; que se encuentra consciente de que todas las transacciones que sean realizadas en el Sitio web por s\u00ed mismo o por un tercero y que se encuentren asociadas al uso de sus contrase\u00f1as y\/o de su firma electr\u00f3nica, ser\u00e1n atribuibles al Cliente de La Ludoteka.<\/p>\n<h4><strong>4. Definiciones<\/strong><\/h4>\n<p>Los t\u00e9rminos que se describen a continuaci\u00f3n tendr\u00e1n el significado que se les atribuye; lo anterior, ya sea que se utilicen con may\u00fasculas o min\u00fasculas, en singular o plural o de forma abreviada.<\/p>\n<p>\u00abCat\u00e1logo de Art\u00edculos en L\u00ednea\u00bb o \u00abCat\u00e1logo\u00bb.- Est\u00e1 conformado por todas las mercanc\u00edas, bienes, certificados de regalo y, en su caso, servicios, que se encuentran disponibles en la Tienda en L\u00ednea; los art\u00edculos del Cat\u00e1logo no necesariamente se encuentran disponibles o en existencia al momento en que se realiza un Pedido; asimismo, pueden ser cambiados, substituidos o descontinuados de tiempo en tiempo a discreci\u00f3n de La Ludoteka.<\/p>\n<p>\u00abContenidos del Sitio\u00bb.- Este t\u00e9rmino incluye cualquier informaci\u00f3n o material contenido o publicado en el Sitio web. Comprende, de manera enunciativa m\u00e1s no limitativa: marcas, dise\u00f1os, descripciones de productos, texto en lenguaje HTML, gr\u00e1ficas, archivos, fotograf\u00edas o im\u00e1genes; tambi\u00e9n comprende el c\u00f3digo, los programas de c\u00f3mputo, representaciones de software, bases de datos y cualquier obra derivada que el Sitio web utiliza.<\/p>\n<p>\u00abConfirmaci\u00f3n de Compra\u00bb o \u00abConfirmaci\u00f3n de Pedido\u00bb.- Es el mensaje de datos generado por el Sitio web en el cual La Ludoteka manifiesta su aceptaci\u00f3n para surtir la Orden de Compra propuesta por el Cliente. La Confirmaci\u00f3n de Compra confirma que La Ludoteka ha vendido y el Socio ha comprado los art\u00edculos correspondientes y hace constar el momento de la compra. El mensaje incluye un n\u00famero de orden para que el Cliente pueda monitorear la entrega de su pedido.<\/p>\n<p>\u00abDocumentos Contractuales del Sitio\u00bb.- El t\u00e9rmino incluye a estos T\u00e9rminos y Condiciones, el Aviso de Privacidad, la Pol\u00edtica de Entrega, Devoluciones y Cancelaciones y, en lo que resulte aplicable, el Contrato de Afiliaci\u00f3n; en general, el t\u00e9rmino comprende tambi\u00e9n cualquier otro contrato, convenio, aviso o pol\u00edtica que La Ludoteka emita y publique de tiempo en tiempo y que sea aplicable a las transacciones que se realizan a trav\u00e9s de la Tienda en L\u00ednea.<\/p>\n<p>\u00abOrden de Compra\u00bb o \u00abPedido\u00bb.- Es el mensaje de datos generado por el Cliente para solicitar la adquisici\u00f3n de un art\u00edculo del Cat\u00e1logo de Art\u00edculos en L\u00ednea, y en el cual el Cliente manifiesta su voluntad de adquirir dichos art\u00edculos en la cantidad, precio, t\u00e9rminos y condiciones ah\u00ed establecidos.<\/p>\n<p>\u00abCliente\u00bb.- Cualquier persona que visita y\/o usa el Sitio Web por cualquier motivo.<\/p>\n<h4><strong>5. Objeto<\/strong><\/h4>\n<p>Los presentes T\u00e9rminos y Condiciones, conjuntamente con los Documentos Contractuales del Sitio establecen las condiciones generales de contrataci\u00f3n que son aplicables: (i) de manera supletoria a las operaciones de compraventa que se llevan a cabo entre La Ludoteka y los Clientes en la Tienda en L\u00ednea y; (ii) al uso que Usted hace del Sitio web y del Contenido del Sitio.<\/p>\n<h4><strong>6. Restricciones de acceso o de uso aplicables en el Sitio<\/strong><\/h4>\n<p>Sitio exclusivo para Cliente. Cualquier persona puede visitar y consultar las p\u00e1ginas del Sitio web. Los Clientes que deseen adquirir mercanc\u00edas deber\u00e1n registrarse al Sitio web para efectos de abrir una cuenta<\/p>\n<p>Entregas de art\u00edculos \u00fanicamente en M\u00e9xico. Este Sitio web s\u00f3lo puede ser utilizado para adquirir art\u00edculos que vayan a ser entregados en alg\u00fan domicilio localizado en M\u00e9xico<\/p>\n<p>Restricci\u00f3n para menores de edad e incapaces. Para registrarse y comprar en este Sitio web Usted debe tener al menos 18 a\u00f1os de edad. La Ludoteka no fomenta ni permite de manera consciente que menores de edad puedan hacer uso de este Sitio web. Si Usted no ha cumplido 18 a\u00f1os o su capacidad contractual est\u00e1 limitada por la legislaci\u00f3n aplicable, Usted no debe hacernos llegar \u00d3rdenes de Compra o utilizar de manera alguna nuestro Sitio web.<\/p>\n<h4><strong>7. Licencia para el uso del Sitio web; usos permitidos y restricciones<\/strong><\/h4>\n<p>Si Usted cumple con los requisitos anteriormente se\u00f1alados y no est\u00e1 sujeto a alguna de las restricciones referidas en la Cl\u00e1usula 6 anterior, La Ludoteka le otorga una licencia personal, no exclusiva, revocable e intransferible para que Usted pueda usar nuestro Sitio web para uso exclusivamente personal, privado y sin fines de lucro.<\/p>\n<p>Esta licencia se encuentra sujeta a restricciones y no incluye, entre otros, los siguientes usos: (i) utilizar el Sitio web para revender productos o hacer cualquier otro uso comercial del Sitio web o de los Contenidos del Sitio; (ii) llevar a cabo la modificaci\u00f3n, adaptaci\u00f3n, traducci\u00f3n, reversi\u00f3n de ingenier\u00eda, desensamblaje, descompilaci\u00f3n o conversi\u00f3n de cualquier formato o programa de c\u00f3mputo que exista del Sitio web. Usted solo est\u00e1 autorizado para utilizar el c\u00f3digo HTML o cualquier otro c\u00f3digo de este Sitio web en la forma en que Usted lo recibe a trav\u00e9s de su navegador; tampoco queda autorizado para poner dichos c\u00f3digos a disposici\u00f3n de un tercero; (iii) copiar, imitar, replicar para su uso en servidores espejo, reproducir, distribuir, publicar, descargar, mostrar o transmitir cualquier Contenido del Sitio (incluyendo marcas registradas) en cualquier forma o por cualquier medio; esta restricci\u00f3n incluye, pero no se limita a los siguientes medios: medios electr\u00f3nicos, mec\u00e1nicos, medios de fotocopiado, grabaci\u00f3n o cualquier otro medio; (iv) recopilar y usar cualquier listado de productos o descripciones de productos; (v) hacer modificaciones al Sitio Web y\/o a los Contenidos del Sitio o realizar cualquier obra derivada a partir de dichos materiales o; (vi) utilizar cualquier mecanismo o herramienta automatizada (incluyendo bots, spiders entre otros) o cualquier m\u00e9todo o tecnolog\u00eda similar que tenga como finalidad o como consecuencia, el realizar la extracci\u00f3n, obtenci\u00f3n o recopilaci\u00f3n, directa o indirecta, de los Contenidos del Sitio, o de cualquier informaci\u00f3n o datos personales relacionados con el Sitio web. Excepto por los usos del Sitio web que han sido autorizados en esta cl\u00e1usula, se hace notar que La Ludoteka no le otorga a Usted de manera expl\u00edcita o impl\u00edcita, derecho o licencia alguna para que Usted pueda utilizar cualquier patente, marca registrada, derecho de autor, derechos de acceso, uso o explotaci\u00f3n de bases de datos o cualquier otro derecho de propiedad intelectual que pertenezca a la La Ludoteka o a cualquier tercero, en los t\u00e9rminos de la legislaci\u00f3n aplicable (incluyendo derechos de autor o de propiedad industrial). Usted no debe utilizar meta-tags o texto oculto que incluya el nombre, marca registrada o los nombres de los productos de la La Ludotekasin obtener previamente consentimiento expreso y por escrito de La Ludoteka.<\/p>\n\t\t\t\t\t\t\t\t<\/div>\n\t\t\t\t<\/div>\n\t\t\t\t\t<\/div>\n\t\t<\/div>\n\t\t\t\t\t<\/div>\n\t\t<\/section>\n\t\t\t\t<\/div>\n\t\t","protected":false},"excerpt":{"rendered":"","protected":false},"author":1,"featured_media":0,"parent":0,"menu_order":0,"comment_status":"closed","ping_status":"closed","template":"","meta":{"inline_featured_image":false,"footnotes":""},"class_list":["post-16621","page","type-page","status-publish","hentry"],"_links":{"self":[{"href":"https:\/\/shapp.mx\/ludoteka\/wp-json\/wp\/v2\/pages\/16621","targetHints":{"allow":["GET"]}}],"collection":[{"href":"https:\/\/shapp.mx\/ludoteka\/wp-json\/wp\/v2\/pages"}],"about":[{"href":"https:\/\/shapp.mx\/ludoteka\/wp-json\/wp\/v2\/types\/page"}],"author":[{"embeddable":true,"href":"https:\/\/shapp.mx\/ludoteka\/wp-json\/wp\/v2\/users\/1"}],"replies":[{"embeddable":true,"href":"https:\/\/shapp.mx\/ludoteka\/wp-json\/wp\/v2\/comments?post=16621"}],"version-history":[{"count":0,"href":"https:\/\/shapp.mx\/ludoteka\/wp-json\/wp\/v2\/pages\/16621\/revisions"}],"wp:attachment":[{"href":"https:\/\/shapp.mx\/ludoteka\/wp-json\/wp\/v2\/media?parent=16621"}],"curies":[{"name":"wp","href":"https:\/\/api.w.org\/{rel}","templated":true}]}}