{"id":16626,"date":"2023-03-22T23:46:26","date_gmt":"2023-03-23T05:46:26","guid":{"rendered":"https:\/\/arka.design\/ludoteka\/?page_id=16626"},"modified":"2023-03-22T23:46:26","modified_gmt":"2023-03-23T05:46:26","slug":"aviso-de-privacidad","status":"publish","type":"page","link":"https:\/\/shapp.mx\/ludoteka\/aviso-de-privacidad\/","title":{"rendered":"Aviso de privacidad"},"content":{"rendered":"\t\t<div data-elementor-type=\"wp-page\" data-elementor-id=\"16626\" class=\"elementor elementor-16626\">\n\t\t\t\t\t\t<section class=\"elementor-section elementor-top-section elementor-element elementor-element-8f6010b elementor-section-boxed elementor-section-height-default elementor-section-height-default\" data-id=\"8f6010b\" data-element_type=\"section\">\n\t\t\t\t\t\t<div class=\"elementor-container elementor-column-gap-default\">\n\t\t\t\t\t<div class=\"elementor-column elementor-col-100 elementor-top-column elementor-element elementor-element-7db854d\" data-id=\"7db854d\" data-element_type=\"column\">\n\t\t\t<div class=\"elementor-widget-wrap elementor-element-populated\">\n\t\t\t\t\t\t<div class=\"elementor-element elementor-element-ed5b2c3 elementor-widget elementor-widget-text-editor\" data-id=\"ed5b2c3\" data-element_type=\"widget\" data-widget_type=\"text-editor.default\">\n\t\t\t\t<div class=\"elementor-widget-container\">\n\t\t\t\t\t\t\t\t\t<h3><strong>Aviso de privacidad<\/strong><\/h3>\n<p><strong>\u00a0<\/strong>La Ludoteka es el responsable del tratamiento de sus datos personales.<\/p>\n<h3><strong>El compromiso de La Ludoteka con su privacidad<\/strong><\/h3>\n<p>En La Ludoteka respetamos su derecho a la privacidad y a la protecci\u00f3n de sus datos personales. Nosotros no vendemos o rentamos a terceros sus datos. Solamente transferimos o compartimos a terceros sus datos personales en los t\u00e9rminos establecidos en este Aviso de Privacidad. Estas comunicaciones se realizan \u00fanicamente si usted las ha consentido o bien cuando no se requiere su consentimiento, en t\u00e9rminos de la legislaci\u00f3n aplicable. Asimismo, para nosotros resulta importante que usted cuente con la capacidad de realizar decisiones bien informadas acerca de la forma en que usamos sus datos personales.<\/p>\n<p>Este Aviso de Privacidad explica las pol\u00edticas y pr\u00e1cticas de privacidad que se rigen en La Ludoteca con relaci\u00f3n al tratamiento que hacemos de sus datos personales (entendiendo por tratamiento la obtenci\u00f3n, el uso, la divulgaci\u00f3n, y almacenamiento de dichos datos) y las medidas que tomamos para proteger sus datos. Este Aviso est\u00e1 dirigido a: Nuestros clientes, cuando utilizan nuestra p\u00e1gina web, localizada en https:\/\/ludoteka.mx\/\u00a0(el \u201cSitio web\u201d).<\/p>\n<p>&nbsp;<\/p>\n<h4><strong>\u00bfQu\u00e9 son los datos personales?<\/strong><\/h4>\n<p>Se consideran datos personales cualquier informaci\u00f3n concerniente a una persona f\u00edsica, que la identifique o que pueda ser asociada a una persona identificable.<\/p>\n<p>&nbsp;<\/p>\n<h4><strong>\u00bfQu\u00e9 datos personales son obtenidos por La Ludoteka?<\/strong><\/h4>\n<ul>\n<li>Para los fines establecidos en este Aviso de Privacidad, podemos obtener los datos personales que se refieren a continuaci\u00f3n:<\/li>\n<li>Datos de identificaci\u00f3n: informaci\u00f3n que permite diferenciarlo de otros individuos. Estos datos incluyen: nombre, t\u00edtulo, firma aut\u00f3grafa, firma electr\u00f3nica, registro federal de contribuyentes (RFC); copia del documento con el cual acredita su identidad (Credencial para Votar con Fotograf\u00eda u otro tipo de documento);<\/li>\n<li>Datos de contacto: informaci\u00f3n que nos permite mantenernos en contacto con usted. Esos datos incluyen su domicilio, domicilio fiscal, domicilio para efectos de realizar entregas, correo electr\u00f3nico, tel\u00e9fono particular u otro tel\u00e9fono de contacto;<\/li>\n<\/ul>\n<p>&nbsp;<\/p>\n<h4><strong>\u00bfQu\u00e9 datos personales sensibles son obtenidos por La Ludoteka?<\/strong><\/h4>\n<p>La Ludoteka puede obtener ciertos datos personales que son considerados como sensibles en t\u00e9rminos de la Ley Federal de Protecci\u00f3n de Datos Personales en Posesi\u00f3n de los Particulares (la \u00abLFPDPPP\u00bb).<\/p>\n<p>&nbsp;<\/p>\n<h4><strong>Obtenci\u00f3n de sus datos personales<\/strong><\/h4>\n<p>La Ludoteka obtiene datos de usted ya sea personalmente o de manera directa (v.g. a trav\u00e9s de correo electr\u00f3nico, v\u00eda telef\u00f3nica o a trav\u00e9s de su interacci\u00f3n con el Sitio web). Algunos ejemplos son los siguientes:<\/p>\n<ul>\n<li>Cuando usted se registra para acceder y usar el Sitio web;<\/li>\n<li>Cuando usted se registra en el Sitio web para recibir informaci\u00f3n y promociones;<\/li>\n<li>Cuando usted adquiere productos o servicios a trav\u00e9s del Sitio;<\/li>\n<li>Cuando se pone en contacto con nosotros, cualquiera que sea el motivo de su comunicaci\u00f3n, a trav\u00e9s del Sitio web, o a trav\u00e9s de nuestro Centro de Atenci\u00f3n para Compras en L\u00ednea;<\/li>\n<li>Cuando usted participa en alguna promoci\u00f3n o encuesta.<\/li>\n<\/ul>\n<p>&nbsp;<\/p>\n<p>La Ludoteka puede obtener de manear autom\u00e1tica cierta informaci\u00f3n cuando usted visita el Sitio web. Esta informaci\u00f3n incluye la direcci\u00f3n IP asociada a su equipo de c\u00f3mputo y el sistema operativo que utiliza, la p\u00e1gina web desde la cual usted fue enlazado a nuestro Sitio web, su actividad dentro del Sitio web, la fecha y hora en la que visit\u00f3 nuestra tienda en l\u00ednea y sus compras. Esta informaci\u00f3n puede ser obtenida a trav\u00e9s del uso de \u00abCookies\u00bb y \u00abWeb Beacons\u00bb. Para mayor informaci\u00f3n sobre estas tecnolog\u00edas, consulte m\u00e1s adelante\u00a0la secci\u00f3n espec\u00edfica.<\/p>\n<p>La Ludoteka tambi\u00e9n puede obtener informaci\u00f3n de usted de manera indirecta cuando \u00e9sta nos es proporcionada por terceros a quienes hemos contratado para apoyarnos en procesos espec\u00edficos. Estos procesos incluyen la correcci\u00f3n de registros, los servicios de prevenci\u00f3n de fraude y el ofrecimiento de ofertas o productos especiales. Es posible que conjuntemos la informaci\u00f3n que recibimos de estos terceros con aquella que ya tenemos de usted.<\/p>\n\t\t\t\t\t\t\t\t<\/div>\n\t\t\t\t<\/div>\n\t\t\t\t\t<\/div>\n\t\t<\/div>\n\t\t\t\t\t<\/div>\n\t\t<\/section>\n\t\t\t\t<\/div>\n\t\t","protected":false},"excerpt":{"rendered":"","protected":false},"author":1,"featured_media":0,"parent":0,"menu_order":0,"comment_status":"closed","ping_status":"closed","template":"","meta":{"inline_featured_image":false,"footnotes":""},"class_list":["post-16626","page","type-page","status-publish","hentry"],"_links":{"self":[{"href":"https:\/\/shapp.mx\/ludoteka\/wp-json\/wp\/v2\/pages\/16626","targetHints":{"allow":["GET"]}}],"collection":[{"href":"https:\/\/shapp.mx\/ludoteka\/wp-json\/wp\/v2\/pages"}],"about":[{"href":"https:\/\/shapp.mx\/ludoteka\/wp-json\/wp\/v2\/types\/page"}],"author":[{"embeddable":true,"href":"https:\/\/shapp.mx\/ludoteka\/wp-json\/wp\/v2\/users\/1"}],"replies":[{"embeddable":true,"href":"https:\/\/shapp.mx\/ludoteka\/wp-json\/wp\/v2\/comments?post=16626"}],"version-history":[{"count":0,"href":"https:\/\/shapp.mx\/ludoteka\/wp-json\/wp\/v2\/pages\/16626\/revisions"}],"wp:attachment":[{"href":"https:\/\/shapp.mx\/ludoteka\/wp-json\/wp\/v2\/media?parent=16626"}],"curies":[{"name":"wp","href":"https:\/\/api.w.org\/{rel}","templated":true}]}}