{"id":17266,"date":"2023-04-21T16:31:51","date_gmt":"2023-04-21T22:31:51","guid":{"rendered":"https:\/\/arka.design\/ludoteka\/?post_type=product&#038;p=17266"},"modified":"2023-06-29T15:04:54","modified_gmt":"2023-06-29T21:04:54","slug":"7-wonders","status":"publish","type":"product","link":"https:\/\/shapp.mx\/ludoteka\/producto\/7-wonders\/","title":{"rendered":"7 Wonders"},"content":{"rendered":"<p>\u00a1Toma las decisiones correctas para llevar tu civilizaci\u00f3n a la prosperidad! Lidera una de las siete ciudades m\u00e1s grandes de la Antig\u00fcedad. Desarrolla tu civilizaci\u00f3n a nivel militar, cient\u00edfico, cultural y econ\u00f3mico. Una vez construido, \u00bftu Wonder te traer\u00e1 gloria durante milenios? Sin tiempo de inactividad, diversi\u00f3n renovada en cada juego y equilibrio perfecto independientemente del n\u00famero de jugadores. 3-7 jugadores. Edad 10+ 30 minutos de tiempo de juego. Contenido: 7 tablas maravillas 148 cartas de edad: 49 tarjetas de edad I, 49 tarjetas de edad II (edad I y II envuelta en una baraja), 50 tarjetas de edad III, 78 monedas: 54 monedas por valor de 1 24 monedas por valor de 3 48 fichas de conflicto militar: 24 fichas militares. Defeat 24444Victorias (8 por edad) 1 bloc de puntuaci\u00f3n 3 hojas de descripci\u00f3n de efectos, 1 lista de cartas y cadenas hoja 1 libro de reglas.<\/p>\n","protected":false},"excerpt":{"rendered":"<p>\u00a1Toma las decisiones correctas para llevar tu civilizaci\u00f3n a la prosperidad! Lidera una de las siete ciudades m\u00e1s grandes de la Antig\u00fcedad. Desarrolla tu civilizaci\u00f3n a nivel militar, cient\u00edfico, cultural y econ\u00f3mico. Una vez construido, \u00bftu Wonder te traer\u00e1 gloria durante milenios? Sin tiempo de inactividad, diversi\u00f3n renovada en cada juego y equilibrio perfecto independientemente [&hellip;]<\/p>\n","protected":false},"featured_media":18356,"template":"","meta":{"inline_featured_image":false,"_juego_de_la_semana":"no","_idioma":"Espa\u00f1ol","_jugadores-minimos":"3","_jugadores-maximos":"7","_duracion-minima":"30","_duracion-maxima":"","_edad-recomendada":"10","_editorial":"","imagen-header":"19044","_precio-proveedor":"","_fecha-compra":0},"product_brand":[],"product_cat":[168],"product_tag":[],"editoriales":[182],"class_list":{"0":"post-17266","1":"product","2":"type-product","3":"status-publish","4":"has-post-thumbnail","6":"product_cat-juegos-de-cartas","7":"editoriales-asmodee","9":"first","10":"instock","11":"shipping-taxable","12":"purchasable","13":"product-type-simple"},"_links":{"self":[{"href":"https:\/\/shapp.mx\/ludoteka\/wp-json\/wp\/v2\/product\/17266","targetHints":{"allow":["GET"]}}],"collection":[{"href":"https:\/\/shapp.mx\/ludoteka\/wp-json\/wp\/v2\/product"}],"about":[{"href":"https:\/\/shapp.mx\/ludoteka\/wp-json\/wp\/v2\/types\/product"}],"wp:featuredmedia":[{"embeddable":true,"href":"https:\/\/shapp.mx\/ludoteka\/wp-json\/wp\/v2\/media\/18356"}],"wp:attachment":[{"href":"https:\/\/shapp.mx\/ludoteka\/wp-json\/wp\/v2\/media?parent=17266"}],"wp:term":[{"taxonomy":"product_brand","embeddable":true,"href":"https:\/\/shapp.mx\/ludoteka\/wp-json\/wp\/v2\/product_brand?post=17266"},{"taxonomy":"product_cat","embeddable":true,"href":"https:\/\/shapp.mx\/ludoteka\/wp-json\/wp\/v2\/product_cat?post=17266"},{"taxonomy":"product_tag","embeddable":true,"href":"https:\/\/shapp.mx\/ludoteka\/wp-json\/wp\/v2\/product_tag?post=17266"},{"taxonomy":"editoriales","embeddable":true,"href":"https:\/\/shapp.mx\/ludoteka\/wp-json\/wp\/v2\/editoriales?post=17266"}],"curies":[{"name":"wp","href":"https:\/\/api.w.org\/{rel}","templated":true}]}}