{"id":17267,"date":"2023-04-21T16:31:52","date_gmt":"2023-04-21T22:31:52","guid":{"rendered":"https:\/\/arka.design\/ludoteka\/?post_type=product&#038;p=17267"},"modified":"2023-06-29T15:05:33","modified_gmt":"2023-06-29T21:05:33","slug":"alto-voltaje","status":"publish","type":"product","link":"https:\/\/shapp.mx\/ludoteka\/producto\/alto-voltaje\/","title":{"rendered":"Alto Voltaje"},"content":{"rendered":"<p>Hay una carta con un valor en la mesa con un n\u00famero que puede sumar o restar en el centro. \u00a1R\u00e1pido! Tienes que encontrar una de tus cartas que sea el resultado de esa suma o resta. Todo depende de las cartas en tu mano \u00a1y de si eres m\u00e1s r\u00e1pido que el resto de los jugadores! El primer jugador que consiga descartarse gana la partida. Si te gustan los juegos r\u00e1pidos, \u00a1\u00e9ste es tu juego.<\/p>\n","protected":false},"excerpt":{"rendered":"<p>Hay una carta con un valor en la mesa con un n\u00famero que puede sumar o restar en el centro. \u00a1R\u00e1pido! Tienes que encontrar una de tus cartas que sea el resultado de esa suma o resta. Todo depende de las cartas en tu mano \u00a1y de si eres m\u00e1s r\u00e1pido que el resto de [&hellip;]<\/p>\n","protected":false},"featured_media":18357,"template":"","meta":{"inline_featured_image":false,"_juego_de_la_semana":"no","_idioma":"Espa\u00f1ol","_jugadores-minimos":"2","_jugadores-maximos":"4","_duracion-minima":"15","_duracion-maxima":"2","_edad-recomendada":"8","_editorial":"","imagen-header":"19044","_precio-proveedor":"","_fecha-compra":0},"product_brand":[],"product_cat":[168],"product_tag":[],"editoriales":[],"class_list":{"0":"post-17267","1":"product","2":"type-product","3":"status-publish","4":"has-post-thumbnail","6":"product_cat-juegos-de-cartas","8":"first","9":"instock","10":"shipping-taxable","11":"purchasable","12":"product-type-simple"},"_links":{"self":[{"href":"https:\/\/shapp.mx\/ludoteka\/wp-json\/wp\/v2\/product\/17267","targetHints":{"allow":["GET"]}}],"collection":[{"href":"https:\/\/shapp.mx\/ludoteka\/wp-json\/wp\/v2\/product"}],"about":[{"href":"https:\/\/shapp.mx\/ludoteka\/wp-json\/wp\/v2\/types\/product"}],"wp:featuredmedia":[{"embeddable":true,"href":"https:\/\/shapp.mx\/ludoteka\/wp-json\/wp\/v2\/media\/18357"}],"wp:attachment":[{"href":"https:\/\/shapp.mx\/ludoteka\/wp-json\/wp\/v2\/media?parent=17267"}],"wp:term":[{"taxonomy":"product_brand","embeddable":true,"href":"https:\/\/shapp.mx\/ludoteka\/wp-json\/wp\/v2\/product_brand?post=17267"},{"taxonomy":"product_cat","embeddable":true,"href":"https:\/\/shapp.mx\/ludoteka\/wp-json\/wp\/v2\/product_cat?post=17267"},{"taxonomy":"product_tag","embeddable":true,"href":"https:\/\/shapp.mx\/ludoteka\/wp-json\/wp\/v2\/product_tag?post=17267"},{"taxonomy":"editoriales","embeddable":true,"href":"https:\/\/shapp.mx\/ludoteka\/wp-json\/wp\/v2\/editoriales?post=17267"}],"curies":[{"name":"wp","href":"https:\/\/api.w.org\/{rel}","templated":true}]}}