{"id":17270,"date":"2023-04-21T16:31:53","date_gmt":"2023-04-21T22:31:53","guid":{"rendered":"https:\/\/arka.design\/ludoteka\/?post_type=product&#038;p=17270"},"modified":"2023-07-06T12:05:55","modified_gmt":"2023-07-06T18:05:55","slug":"catan","status":"publish","type":"product","link":"https:\/\/shapp.mx\/ludoteka\/producto\/catan\/","title":{"rendered":"Catan"},"content":{"rendered":"<p><span data-sheets-value=\"{&quot;1&quot;:2,&quot;2&quot;:&quot;CATAN es un cl\u00e1sico moderno que no puede faltar en ninguna colecci\u00f3n de juegos. Creado en 1995 y conocido originalmente como Los Colonos de CATAN, este juego nos pondr\u00e1 a competir por tener el asentamiento m\u00e1s pr\u00f3spero de la isla. Para esto usaremos los recursos naturales que est\u00e1n a nuestra disposici\u00f3n los cuales convertiremos en caminos y poblados que eventualmente se convertir\u00e1n en ciudades. Tambi\u00e9n usaremos los recursos para desarrollarnos y traer prosperidad a nuestra gente. Cada turno lanzaremos los dados y el resultado determinar\u00e1 qu\u00e9 materiales ser\u00e1n producidos en esa ronda, dependiendo del terreno activado ser\u00e1 el material producido y todos aquellos que tengan poblados colindantes con estos terrenos recibir\u00e1n una carta de recursos, a menos de que tengan una ciudad, en cuyo caso recibir\u00e1n dos. En el juego existen 5 recursos (ovejas, trigo, madera, ladrillos y minerales) que usaremos para construir y desarrollar nuestro asentamiento, pero dif\u00edcilmente alg\u00fan jugador tendr\u00e1 acceso a todos ellos, sobretodo al inicio de la partida. Es por eso que una acci\u00f3n muy importante durante nuestro turno es comerciar con el resto de los jugadores ofreciendo aquellos materiales que tenemos de sobra por aquellos que nos hacen falta. No hay un l\u00edmite de recursos que podamos ofrecer en nuestras transacciones y el hacer m\u00e1s interesante nuestra oferta seguro har\u00e1 que los otros jugadores prefieran cambiar con nosotros. \u00a1Pero cuidado! acumular muchos recursos puede costarnos caro, pues en la isla rondan unos ladrones que, cada vez que el la tirada de dados la suma sea 7, asaltaran a todos aquellos que tengan acumulados ocho o m\u00e1s recursos haci\u00e9ndoles perder la mitad de sus productos. Y no solo eso, los ladrones se mover\u00e1n a alguno de los terrenos del tablero evitando que produzca recursos hasta que sean movidos nuevamente. En definitiva CATAN es un innovador y divertido juego que ha recibido los premios m\u00e1s importantes internacionalmente, por lo cual no debe faltar en tu colecci\u00f3n.&quot;}\" data-sheets-userformat=\"{&quot;2&quot;:33561345,&quot;3&quot;:{&quot;1&quot;:0},&quot;11&quot;:4,&quot;12&quot;:0,&quot;14&quot;:{&quot;1&quot;:2,&quot;2&quot;:0},&quot;15&quot;:&quot;Arial&quot;,&quot;28&quot;:1}\"><strong>CATAN<\/strong>\u00a0es un cl\u00e1sico moderno que no puede faltar en ninguna colecci\u00f3n de juegos. Creado en 1995 y conocido originalmente como\u00a0<strong>Los Colonos de CATAN<\/strong>, este juego nos pondr\u00e1 a competir por tener el asentamiento m\u00e1s pr\u00f3spero de la isla. Para esto usaremos los recursos naturales que est\u00e1n a nuestra disposici\u00f3n los cuales convertiremos en caminos y poblados que eventualmente se convertir\u00e1n en ciudades. Tambi\u00e9n usaremos los recursos para desarrollarnos y traer prosperidad a nuestra gente.<\/span><\/p>\n<p><span data-sheets-value=\"{&quot;1&quot;:2,&quot;2&quot;:&quot;CATAN es un cl\u00e1sico moderno que no puede faltar en ninguna colecci\u00f3n de juegos. Creado en 1995 y conocido originalmente como Los Colonos de CATAN, este juego nos pondr\u00e1 a competir por tener el asentamiento m\u00e1s pr\u00f3spero de la isla. Para esto usaremos los recursos naturales que est\u00e1n a nuestra disposici\u00f3n los cuales convertiremos en caminos y poblados que eventualmente se convertir\u00e1n en ciudades. Tambi\u00e9n usaremos los recursos para desarrollarnos y traer prosperidad a nuestra gente. Cada turno lanzaremos los dados y el resultado determinar\u00e1 qu\u00e9 materiales ser\u00e1n producidos en esa ronda, dependiendo del terreno activado ser\u00e1 el material producido y todos aquellos que tengan poblados colindantes con estos terrenos recibir\u00e1n una carta de recursos, a menos de que tengan una ciudad, en cuyo caso recibir\u00e1n dos. En el juego existen 5 recursos (ovejas, trigo, madera, ladrillos y minerales) que usaremos para construir y desarrollar nuestro asentamiento, pero dif\u00edcilmente alg\u00fan jugador tendr\u00e1 acceso a todos ellos, sobretodo al inicio de la partida. Es por eso que una acci\u00f3n muy importante durante nuestro turno es comerciar con el resto de los jugadores ofreciendo aquellos materiales que tenemos de sobra por aquellos que nos hacen falta. No hay un l\u00edmite de recursos que podamos ofrecer en nuestras transacciones y el hacer m\u00e1s interesante nuestra oferta seguro har\u00e1 que los otros jugadores prefieran cambiar con nosotros. \u00a1Pero cuidado! acumular muchos recursos puede costarnos caro, pues en la isla rondan unos ladrones que, cada vez que el la tirada de dados la suma sea 7, asaltaran a todos aquellos que tengan acumulados ocho o m\u00e1s recursos haci\u00e9ndoles perder la mitad de sus productos. Y no solo eso, los ladrones se mover\u00e1n a alguno de los terrenos del tablero evitando que produzca recursos hasta que sean movidos nuevamente. En definitiva CATAN es un innovador y divertido juego que ha recibido los premios m\u00e1s importantes internacionalmente, por lo cual no debe faltar en tu colecci\u00f3n.&quot;}\" data-sheets-userformat=\"{&quot;2&quot;:33561345,&quot;3&quot;:{&quot;1&quot;:0},&quot;11&quot;:4,&quot;12&quot;:0,&quot;14&quot;:{&quot;1&quot;:2,&quot;2&quot;:0},&quot;15&quot;:&quot;Arial&quot;,&quot;28&quot;:1}\">Cada turno lanzaremos los dados y el resultado determinar\u00e1 qu\u00e9 materiales ser\u00e1n producidos en esa ronda, dependiendo del terreno activado ser\u00e1 el material producido y todos aquellos que tengan poblados colindantes con estos terrenos recibir\u00e1n una carta de recursos, a menos de que tengan una ciudad, en cuyo caso recibir\u00e1n dos.<\/span><\/p>\n<p><span data-sheets-value=\"{&quot;1&quot;:2,&quot;2&quot;:&quot;CATAN es un cl\u00e1sico moderno que no puede faltar en ninguna colecci\u00f3n de juegos. Creado en 1995 y conocido originalmente como Los Colonos de CATAN, este juego nos pondr\u00e1 a competir por tener el asentamiento m\u00e1s pr\u00f3spero de la isla. Para esto usaremos los recursos naturales que est\u00e1n a nuestra disposici\u00f3n los cuales convertiremos en caminos y poblados que eventualmente se convertir\u00e1n en ciudades. Tambi\u00e9n usaremos los recursos para desarrollarnos y traer prosperidad a nuestra gente. Cada turno lanzaremos los dados y el resultado determinar\u00e1 qu\u00e9 materiales ser\u00e1n producidos en esa ronda, dependiendo del terreno activado ser\u00e1 el material producido y todos aquellos que tengan poblados colindantes con estos terrenos recibir\u00e1n una carta de recursos, a menos de que tengan una ciudad, en cuyo caso recibir\u00e1n dos. En el juego existen 5 recursos (ovejas, trigo, madera, ladrillos y minerales) que usaremos para construir y desarrollar nuestro asentamiento, pero dif\u00edcilmente alg\u00fan jugador tendr\u00e1 acceso a todos ellos, sobretodo al inicio de la partida. Es por eso que una acci\u00f3n muy importante durante nuestro turno es comerciar con el resto de los jugadores ofreciendo aquellos materiales que tenemos de sobra por aquellos que nos hacen falta. No hay un l\u00edmite de recursos que podamos ofrecer en nuestras transacciones y el hacer m\u00e1s interesante nuestra oferta seguro har\u00e1 que los otros jugadores prefieran cambiar con nosotros. \u00a1Pero cuidado! acumular muchos recursos puede costarnos caro, pues en la isla rondan unos ladrones que, cada vez que el la tirada de dados la suma sea 7, asaltaran a todos aquellos que tengan acumulados ocho o m\u00e1s recursos haci\u00e9ndoles perder la mitad de sus productos. Y no solo eso, los ladrones se mover\u00e1n a alguno de los terrenos del tablero evitando que produzca recursos hasta que sean movidos nuevamente. En definitiva CATAN es un innovador y divertido juego que ha recibido los premios m\u00e1s importantes internacionalmente, por lo cual no debe faltar en tu colecci\u00f3n.&quot;}\" data-sheets-userformat=\"{&quot;2&quot;:33561345,&quot;3&quot;:{&quot;1&quot;:0},&quot;11&quot;:4,&quot;12&quot;:0,&quot;14&quot;:{&quot;1&quot;:2,&quot;2&quot;:0},&quot;15&quot;:&quot;Arial&quot;,&quot;28&quot;:1}\">En el juego existen 5 recursos (ovejas, trigo, madera, ladrillos y minerales) que usaremos para construir y desarrollar nuestro asentamiento, pero dif\u00edcilmente alg\u00fan jugador tendr\u00e1 acceso a todos ellos, sobretodo al inicio de la partida. Es por eso que una acci\u00f3n muy importante durante nuestro turno es comerciar con el resto de los jugadores ofreciendo aquellos materiales que tenemos de sobra por aquellos que nos hacen falta. No hay un l\u00edmite de recursos que podamos ofrecer en nuestras transacciones y el hacer m\u00e1s interesante nuestra oferta seguro har\u00e1 que los otros jugadores prefieran cambiar con nosotros.<\/span><\/p>\n<p><span data-sheets-value=\"{&quot;1&quot;:2,&quot;2&quot;:&quot;CATAN es un cl\u00e1sico moderno que no puede faltar en ninguna colecci\u00f3n de juegos. Creado en 1995 y conocido originalmente como Los Colonos de CATAN, este juego nos pondr\u00e1 a competir por tener el asentamiento m\u00e1s pr\u00f3spero de la isla. Para esto usaremos los recursos naturales que est\u00e1n a nuestra disposici\u00f3n los cuales convertiremos en caminos y poblados que eventualmente se convertir\u00e1n en ciudades. Tambi\u00e9n usaremos los recursos para desarrollarnos y traer prosperidad a nuestra gente. Cada turno lanzaremos los dados y el resultado determinar\u00e1 qu\u00e9 materiales ser\u00e1n producidos en esa ronda, dependiendo del terreno activado ser\u00e1 el material producido y todos aquellos que tengan poblados colindantes con estos terrenos recibir\u00e1n una carta de recursos, a menos de que tengan una ciudad, en cuyo caso recibir\u00e1n dos. En el juego existen 5 recursos (ovejas, trigo, madera, ladrillos y minerales) que usaremos para construir y desarrollar nuestro asentamiento, pero dif\u00edcilmente alg\u00fan jugador tendr\u00e1 acceso a todos ellos, sobretodo al inicio de la partida. Es por eso que una acci\u00f3n muy importante durante nuestro turno es comerciar con el resto de los jugadores ofreciendo aquellos materiales que tenemos de sobra por aquellos que nos hacen falta. No hay un l\u00edmite de recursos que podamos ofrecer en nuestras transacciones y el hacer m\u00e1s interesante nuestra oferta seguro har\u00e1 que los otros jugadores prefieran cambiar con nosotros. \u00a1Pero cuidado! acumular muchos recursos puede costarnos caro, pues en la isla rondan unos ladrones que, cada vez que el la tirada de dados la suma sea 7, asaltaran a todos aquellos que tengan acumulados ocho o m\u00e1s recursos haci\u00e9ndoles perder la mitad de sus productos. Y no solo eso, los ladrones se mover\u00e1n a alguno de los terrenos del tablero evitando que produzca recursos hasta que sean movidos nuevamente. En definitiva CATAN es un innovador y divertido juego que ha recibido los premios m\u00e1s importantes internacionalmente, por lo cual no debe faltar en tu colecci\u00f3n.&quot;}\" data-sheets-userformat=\"{&quot;2&quot;:33561345,&quot;3&quot;:{&quot;1&quot;:0},&quot;11&quot;:4,&quot;12&quot;:0,&quot;14&quot;:{&quot;1&quot;:2,&quot;2&quot;:0},&quot;15&quot;:&quot;Arial&quot;,&quot;28&quot;:1}\">\u00a1Pero cuidado! acumular muchos recursos puede costarnos caro, pues en la isla rondan unos ladrones que, cada vez que el la tirada de dados la suma sea 7, asaltaran a todos aquellos que tengan acumulados ocho o m\u00e1s recursos haci\u00e9ndoles perder la mitad de sus productos. Y no solo eso, los ladrones se mover\u00e1n a alguno de los terrenos del tablero evitando que produzca recursos hasta que sean movidos nuevamente. En definitiva\u00a0<strong>CATAN<\/strong>\u00a0es un innovador y divertido juego que ha recibido los premios m\u00e1s importantes internacionalmente, por lo cual no debe faltar en tu colecci\u00f3n.<\/span><\/p>\n","protected":false},"excerpt":{"rendered":"<p>CATAN\u00a0es un cl\u00e1sico moderno que no puede faltar en ninguna colecci\u00f3n de juegos. Creado en 1995 y conocido originalmente como\u00a0Los Colonos de CATAN, este juego nos pondr\u00e1 a competir por tener el asentamiento m\u00e1s pr\u00f3spero de la isla. Para esto usaremos los recursos naturales que est\u00e1n a nuestra disposici\u00f3n los cuales convertiremos en caminos y [&hellip;]<\/p>\n","protected":false},"featured_media":18359,"template":"","meta":{"inline_featured_image":false,"_juego_de_la_semana":"no","_idioma":"Espa\u00f1ol","_jugadores-minimos":"2","_jugadores-maximos":"4","_duracion-minima":"70","_duracion-maxima":"","_edad-recomendada":"12","_editorial":"Devir","imagen-header":"19044","_precio-proveedor":"","_fecha-compra":0},"product_brand":[],"product_cat":[162,164],"product_tag":[],"editoriales":[184],"class_list":{"0":"post-17270","1":"product","2":"type-product","3":"status-publish","4":"has-post-thumbnail","6":"product_cat-destacados","7":"product_cat-eurogame","8":"editoriales-devir","10":"first","11":"instock","12":"featured","13":"shipping-taxable","14":"purchasable","15":"product-type-simple"},"_links":{"self":[{"href":"https:\/\/shapp.mx\/ludoteka\/wp-json\/wp\/v2\/product\/17270","targetHints":{"allow":["GET"]}}],"collection":[{"href":"https:\/\/shapp.mx\/ludoteka\/wp-json\/wp\/v2\/product"}],"about":[{"href":"https:\/\/shapp.mx\/ludoteka\/wp-json\/wp\/v2\/types\/product"}],"wp:featuredmedia":[{"embeddable":true,"href":"https:\/\/shapp.mx\/ludoteka\/wp-json\/wp\/v2\/media\/18359"}],"wp:attachment":[{"href":"https:\/\/shapp.mx\/ludoteka\/wp-json\/wp\/v2\/media?parent=17270"}],"wp:term":[{"taxonomy":"product_brand","embeddable":true,"href":"https:\/\/shapp.mx\/ludoteka\/wp-json\/wp\/v2\/product_brand?post=17270"},{"taxonomy":"product_cat","embeddable":true,"href":"https:\/\/shapp.mx\/ludoteka\/wp-json\/wp\/v2\/product_cat?post=17270"},{"taxonomy":"product_tag","embeddable":true,"href":"https:\/\/shapp.mx\/ludoteka\/wp-json\/wp\/v2\/product_tag?post=17270"},{"taxonomy":"editoriales","embeddable":true,"href":"https:\/\/shapp.mx\/ludoteka\/wp-json\/wp\/v2\/editoriales?post=17270"}],"curies":[{"name":"wp","href":"https:\/\/api.w.org\/{rel}","templated":true}]}}