{"id":17271,"date":"2023-04-21T16:31:53","date_gmt":"2023-04-21T22:31:53","guid":{"rendered":"https:\/\/arka.design\/ludoteka\/?post_type=product&#038;p=17271"},"modified":"2023-06-29T15:13:41","modified_gmt":"2023-06-29T21:13:41","slug":"catan-duelo","status":"publish","type":"product","link":"https:\/\/shapp.mx\/ludoteka\/producto\/catan-duelo\/","title":{"rendered":"Catan Duelo"},"content":{"rendered":"<p>Catan: El Duelo es la nueva versi\u00f3n de Principes de Cat\u00e1n, un juego de mesa para dos personas basado en el universo CATAN en el que\u00a0 controlar\u00e1s uno de los dos principados que est\u00e1n desarrollando la colonia de Catan y compiten por la corona del reino. Utiliza tus cartas para ampliar tu principado, explora y coloniza nuevas tierras, adquiere recursos ampliando tus zonas e intenta controlar a tu oponente con tu ejercito y desarrollo.<\/p>\n<p>El buen uso del oro, las combinaciones inteligentes, y el comercio desarrollar\u00e1n tu dominio y te llevar\u00e1n al liderazgo de Catan. Ampl\u00eda tus asentamientos y contrata h\u00e9roes, defiende tus tierras a trav\u00e9s de la pol\u00edtica, la invenci\u00f3n, y la intriga.<\/p>\n<p>La mejor estrategia y una pizca de suerte con los dados decidir\u00e1n qui\u00e9n ser\u00e1 el ganador de \u00abCatan: El Duelo\u00bb.<\/p>\n","protected":false},"excerpt":{"rendered":"<p>Catan: El Duelo es la nueva versi\u00f3n de Principes de Cat\u00e1n, un juego de mesa para dos personas basado en el universo CATAN en el que\u00a0 controlar\u00e1s uno de los dos principados que est\u00e1n desarrollando la colonia de Catan y compiten por la corona del reino. Utiliza tus cartas para ampliar tu principado, explora y [&hellip;]<\/p>\n","protected":false},"featured_media":18454,"template":"","meta":{"inline_featured_image":false,"_juego_de_la_semana":"no","_idioma":"Espa\u00f1ol","_jugadores-minimos":"2","_jugadores-maximos":"","_duracion-minima":"30","_duracion-maxima":"75","_edad-recomendada":"12","_editorial":"Devir","imagen-header":"19044","_precio-proveedor":"","_fecha-compra":0},"product_brand":[],"product_cat":[164],"product_tag":[],"editoriales":[184],"class_list":{"0":"post-17271","1":"product","2":"type-product","3":"status-publish","4":"has-post-thumbnail","6":"product_cat-eurogame","7":"editoriales-devir","9":"first","10":"instock","11":"featured","12":"shipping-taxable","13":"purchasable","14":"product-type-simple"},"_links":{"self":[{"href":"https:\/\/shapp.mx\/ludoteka\/wp-json\/wp\/v2\/product\/17271","targetHints":{"allow":["GET"]}}],"collection":[{"href":"https:\/\/shapp.mx\/ludoteka\/wp-json\/wp\/v2\/product"}],"about":[{"href":"https:\/\/shapp.mx\/ludoteka\/wp-json\/wp\/v2\/types\/product"}],"wp:featuredmedia":[{"embeddable":true,"href":"https:\/\/shapp.mx\/ludoteka\/wp-json\/wp\/v2\/media\/18454"}],"wp:attachment":[{"href":"https:\/\/shapp.mx\/ludoteka\/wp-json\/wp\/v2\/media?parent=17271"}],"wp:term":[{"taxonomy":"product_brand","embeddable":true,"href":"https:\/\/shapp.mx\/ludoteka\/wp-json\/wp\/v2\/product_brand?post=17271"},{"taxonomy":"product_cat","embeddable":true,"href":"https:\/\/shapp.mx\/ludoteka\/wp-json\/wp\/v2\/product_cat?post=17271"},{"taxonomy":"product_tag","embeddable":true,"href":"https:\/\/shapp.mx\/ludoteka\/wp-json\/wp\/v2\/product_tag?post=17271"},{"taxonomy":"editoriales","embeddable":true,"href":"https:\/\/shapp.mx\/ludoteka\/wp-json\/wp\/v2\/editoriales?post=17271"}],"curies":[{"name":"wp","href":"https:\/\/api.w.org\/{rel}","templated":true}]}}