{"id":17274,"date":"2023-04-21T16:31:53","date_gmt":"2023-04-21T22:31:53","guid":{"rendered":"https:\/\/arka.design\/ludoteka\/?post_type=product&#038;p=17274"},"modified":"2023-06-29T15:11:00","modified_gmt":"2023-06-29T21:11:00","slug":"catan-navegantes","status":"publish","type":"product","link":"https:\/\/shapp.mx\/ludoteka\/producto\/catan-navegantes\/","title":{"rendered":"Catan Navegantes"},"content":{"rendered":"<p><span data-sheets-value=\"{&quot;1&quot;:2,&quot;2&quot;:&quot;Agrega nuevos retos a tus partidas de CATAN con la expansi\u00f3n de NAVEGANTES. En NAVEGANTES, los jugadores ampliaremos nuestros horizontes m\u00e1s all\u00e1 de la isla y construiremos barcos para establecer nuevas rutas mar\u00edtimas, las cuales nos permitir\u00e1n alcanzar islas m\u00e1s peque\u00f1as que se encuentran cerca de la isla principal. Con estas rutas podremos encontrar nuevos lugares para obtener recursos expandiendo a\u00fan m\u00e1s nuestros asentamientos, aquellos que sean los primeros en establecerse en estas islas recibir\u00e1n puntos de victoria extras. La expansi\u00f3n de NAVEGANTES incluye nuevas losetas de agua que usaremos para separar las distintas islas. Adem\u00e1s, en el manual se incluyen diferentes configuraciones para armar el tablero lo cual har\u00e1 que nuestras partidas sean completamente distintas unas de otras. Tambi\u00e9n en esta expansi\u00f3n encontramos un nuevo tipo de terreno: las minas de oro, las cuales producen el recurso que los afortunados jugadores que se encuentran a su lado deseen. Pero no todo puede ser perfecto en esta nueva aventura, pues navegando las aguas entre estas nuevas islas hay un barco pirata que se encargar\u00e1 de complicarnos nuestros recorridos marinos. Definitivamente NAVEGANTES ofrece un nuevo reto para todos los amantes de CATAN. Para poder jugarlo es necesario una copia del juego base.&quot;}\" data-sheets-userformat=\"{&quot;2&quot;:6530,&quot;4&quot;:{&quot;1&quot;:2,&quot;2&quot;:16709859},&quot;10&quot;:2,&quot;11&quot;:4,&quot;14&quot;:{&quot;1&quot;:2,&quot;2&quot;:0},&quot;15&quot;:&quot;Arial&quot;}\">Agrega nuevos retos a tus partidas de\u00a0<strong>CATAN<\/strong>\u00a0con la expansi\u00f3n de\u00a0<strong>NAVEGANTES<\/strong>.<\/span><\/p>\n<p><span data-sheets-value=\"{&quot;1&quot;:2,&quot;2&quot;:&quot;Agrega nuevos retos a tus partidas de CATAN con la expansi\u00f3n de NAVEGANTES. En NAVEGANTES, los jugadores ampliaremos nuestros horizontes m\u00e1s all\u00e1 de la isla y construiremos barcos para establecer nuevas rutas mar\u00edtimas, las cuales nos permitir\u00e1n alcanzar islas m\u00e1s peque\u00f1as que se encuentran cerca de la isla principal. Con estas rutas podremos encontrar nuevos lugares para obtener recursos expandiendo a\u00fan m\u00e1s nuestros asentamientos, aquellos que sean los primeros en establecerse en estas islas recibir\u00e1n puntos de victoria extras. La expansi\u00f3n de NAVEGANTES incluye nuevas losetas de agua que usaremos para separar las distintas islas. Adem\u00e1s, en el manual se incluyen diferentes configuraciones para armar el tablero lo cual har\u00e1 que nuestras partidas sean completamente distintas unas de otras. Tambi\u00e9n en esta expansi\u00f3n encontramos un nuevo tipo de terreno: las minas de oro, las cuales producen el recurso que los afortunados jugadores que se encuentran a su lado deseen. Pero no todo puede ser perfecto en esta nueva aventura, pues navegando las aguas entre estas nuevas islas hay un barco pirata que se encargar\u00e1 de complicarnos nuestros recorridos marinos. Definitivamente NAVEGANTES ofrece un nuevo reto para todos los amantes de CATAN. Para poder jugarlo es necesario una copia del juego base.&quot;}\" data-sheets-userformat=\"{&quot;2&quot;:6530,&quot;4&quot;:{&quot;1&quot;:2,&quot;2&quot;:16709859},&quot;10&quot;:2,&quot;11&quot;:4,&quot;14&quot;:{&quot;1&quot;:2,&quot;2&quot;:0},&quot;15&quot;:&quot;Arial&quot;}\">En\u00a0<strong>NAVEGANTES<\/strong>\u00a0ampliaremos nuestros horizontes m\u00e1s all\u00e1 de la isla y construiremos barcos para establecer nuevas rutas mar\u00edtimas, las cuales nos permitir\u00e1n alcanzar islas m\u00e1s peque\u00f1as que se encuentran cerca de la isla principal. Con estas rutas podremos encontrar nuevos lugares para obtener recursos expandiendo a\u00fan m\u00e1s nuestros asentamientos, aquellos que sean los primeros en establecerse en estas islas recibir\u00e1n puntos de victoria extras.<\/span><\/p>\n<p><span data-sheets-value=\"{&quot;1&quot;:2,&quot;2&quot;:&quot;Agrega nuevos retos a tus partidas de CATAN con la expansi\u00f3n de NAVEGANTES. En NAVEGANTES, los jugadores ampliaremos nuestros horizontes m\u00e1s all\u00e1 de la isla y construiremos barcos para establecer nuevas rutas mar\u00edtimas, las cuales nos permitir\u00e1n alcanzar islas m\u00e1s peque\u00f1as que se encuentran cerca de la isla principal. Con estas rutas podremos encontrar nuevos lugares para obtener recursos expandiendo a\u00fan m\u00e1s nuestros asentamientos, aquellos que sean los primeros en establecerse en estas islas recibir\u00e1n puntos de victoria extras. La expansi\u00f3n de NAVEGANTES incluye nuevas losetas de agua que usaremos para separar las distintas islas. Adem\u00e1s, en el manual se incluyen diferentes configuraciones para armar el tablero lo cual har\u00e1 que nuestras partidas sean completamente distintas unas de otras. Tambi\u00e9n en esta expansi\u00f3n encontramos un nuevo tipo de terreno: las minas de oro, las cuales producen el recurso que los afortunados jugadores que se encuentran a su lado deseen. Pero no todo puede ser perfecto en esta nueva aventura, pues navegando las aguas entre estas nuevas islas hay un barco pirata que se encargar\u00e1 de complicarnos nuestros recorridos marinos. Definitivamente NAVEGANTES ofrece un nuevo reto para todos los amantes de CATAN. Para poder jugarlo es necesario una copia del juego base.&quot;}\" data-sheets-userformat=\"{&quot;2&quot;:6530,&quot;4&quot;:{&quot;1&quot;:2,&quot;2&quot;:16709859},&quot;10&quot;:2,&quot;11&quot;:4,&quot;14&quot;:{&quot;1&quot;:2,&quot;2&quot;:0},&quot;15&quot;:&quot;Arial&quot;}\">La expansi\u00f3n de\u00a0<strong>NAVEGANTES<\/strong>\u00a0incluye nuevas losetas de agua que usaremos para separar las distintas islas. Adem\u00e1s, en el manual se incluyen diferentes configuraciones para armar el tablero lo cual har\u00e1 que nuestras partidas sean completamente distintas unas de otras. Tambi\u00e9n en esta expansi\u00f3n encontramos un nuevo tipo de terreno: las minas de oro, las cuales producen el recurso que los afortunados jugadores que se encuentran a su lado deseen. Pero no todo puede ser perfecto en esta nueva aventura, pues navegando las aguas entre estas nuevas islas hay un barco pirata que se encargar\u00e1 de complicarnos nuestros recorridos marinos. Definitivamente\u00a0<strong>NAVEGANTES<\/strong>\u00a0ofrece un nuevo reto para todos los amantes de\u00a0<strong>CATAN<\/strong>.<\/span><\/p>\n<p><span data-sheets-value=\"{&quot;1&quot;:2,&quot;2&quot;:&quot;Agrega nuevos retos a tus partidas de CATAN con la expansi\u00f3n de NAVEGANTES. En NAVEGANTES, los jugadores ampliaremos nuestros horizontes m\u00e1s all\u00e1 de la isla y construiremos barcos para establecer nuevas rutas mar\u00edtimas, las cuales nos permitir\u00e1n alcanzar islas m\u00e1s peque\u00f1as que se encuentran cerca de la isla principal. Con estas rutas podremos encontrar nuevos lugares para obtener recursos expandiendo a\u00fan m\u00e1s nuestros asentamientos, aquellos que sean los primeros en establecerse en estas islas recibir\u00e1n puntos de victoria extras. La expansi\u00f3n de NAVEGANTES incluye nuevas losetas de agua que usaremos para separar las distintas islas. Adem\u00e1s, en el manual se incluyen diferentes configuraciones para armar el tablero lo cual har\u00e1 que nuestras partidas sean completamente distintas unas de otras. Tambi\u00e9n en esta expansi\u00f3n encontramos un nuevo tipo de terreno: las minas de oro, las cuales producen el recurso que los afortunados jugadores que se encuentran a su lado deseen. Pero no todo puede ser perfecto en esta nueva aventura, pues navegando las aguas entre estas nuevas islas hay un barco pirata que se encargar\u00e1 de complicarnos nuestros recorridos marinos. Definitivamente NAVEGANTES ofrece un nuevo reto para todos los amantes de CATAN. Para poder jugarlo es necesario una copia del juego base.&quot;}\" data-sheets-userformat=\"{&quot;2&quot;:6530,&quot;4&quot;:{&quot;1&quot;:2,&quot;2&quot;:16709859},&quot;10&quot;:2,&quot;11&quot;:4,&quot;14&quot;:{&quot;1&quot;:2,&quot;2&quot;:0},&quot;15&quot;:&quot;Arial&quot;}\">Para poder jugarlo es necesario una copia del juego base.<\/span><\/p>\n","protected":false},"excerpt":{"rendered":"<p>Agrega nuevos retos a tus partidas de\u00a0CATAN\u00a0con la expansi\u00f3n de\u00a0NAVEGANTES. En\u00a0NAVEGANTES\u00a0ampliaremos nuestros horizontes m\u00e1s all\u00e1 de la isla y construiremos barcos para establecer nuevas rutas mar\u00edtimas, las cuales nos permitir\u00e1n alcanzar islas m\u00e1s peque\u00f1as que se encuentran cerca de la isla principal. Con estas rutas podremos encontrar nuevos lugares para obtener recursos expandiendo a\u00fan m\u00e1s [&hellip;]<\/p>\n","protected":false},"featured_media":18364,"template":"","meta":{"inline_featured_image":false,"_juego_de_la_semana":"no","_idioma":"Espa\u00f1ol","_jugadores-minimos":"2","_jugadores-maximos":"4","_duracion-minima":"70","_duracion-maxima":"","_edad-recomendada":"12","_editorial":"Devir","imagen-header":"19044","_precio-proveedor":"","_fecha-compra":0},"product_brand":[],"product_cat":[164],"product_tag":[],"editoriales":[184],"class_list":{"0":"post-17274","1":"product","2":"type-product","3":"status-publish","4":"has-post-thumbnail","6":"product_cat-eurogame","7":"editoriales-devir","9":"first","10":"instock","11":"featured","12":"shipping-taxable","13":"purchasable","14":"product-type-simple"},"_links":{"self":[{"href":"https:\/\/shapp.mx\/ludoteka\/wp-json\/wp\/v2\/product\/17274","targetHints":{"allow":["GET"]}}],"collection":[{"href":"https:\/\/shapp.mx\/ludoteka\/wp-json\/wp\/v2\/product"}],"about":[{"href":"https:\/\/shapp.mx\/ludoteka\/wp-json\/wp\/v2\/types\/product"}],"wp:featuredmedia":[{"embeddable":true,"href":"https:\/\/shapp.mx\/ludoteka\/wp-json\/wp\/v2\/media\/18364"}],"wp:attachment":[{"href":"https:\/\/shapp.mx\/ludoteka\/wp-json\/wp\/v2\/media?parent=17274"}],"wp:term":[{"taxonomy":"product_brand","embeddable":true,"href":"https:\/\/shapp.mx\/ludoteka\/wp-json\/wp\/v2\/product_brand?post=17274"},{"taxonomy":"product_cat","embeddable":true,"href":"https:\/\/shapp.mx\/ludoteka\/wp-json\/wp\/v2\/product_cat?post=17274"},{"taxonomy":"product_tag","embeddable":true,"href":"https:\/\/shapp.mx\/ludoteka\/wp-json\/wp\/v2\/product_tag?post=17274"},{"taxonomy":"editoriales","embeddable":true,"href":"https:\/\/shapp.mx\/ludoteka\/wp-json\/wp\/v2\/editoriales?post=17274"}],"curies":[{"name":"wp","href":"https:\/\/api.w.org\/{rel}","templated":true}]}}