{"id":17276,"date":"2023-04-21T16:31:54","date_gmt":"2023-04-21T22:31:54","guid":{"rendered":"https:\/\/arka.design\/ludoteka\/?post_type=product&#038;p=17276"},"modified":"2023-06-29T15:16:50","modified_gmt":"2023-06-29T21:16:50","slug":"ciudades-y-caballeros","status":"publish","type":"product","link":"https:\/\/shapp.mx\/ludoteka\/producto\/ciudades-y-caballeros\/","title":{"rendered":"Ciudades y Caballeros"},"content":{"rendered":"<p><span data-sheets-value=\"{&quot;1&quot;:2,&quot;2&quot;:&quot;La isla de CATAN es un para\u00edso que promete prosperidad a todos los que sepan aprovechar sus recursos y la expansi\u00f3n de CIUDADES Y CABALLEROS nos ayudar\u00e1 a llevar nuestros juegos al siguiente nivel con nuevos recursos, nuevas oportunidades de desarrollo y nuevos riesgos para nuestros asentamiento. La Expansi\u00f3n de CIUDADES Y CABALLEROS incorpora nuevos elementos al cl\u00e1sico juego que agregaran nuevos retos y le dar\u00e1 nueva vida a nuestras partidas de CATAN. Para empezar, adem\u00e1s de sus cl\u00e1sicos recursos, ahora los bosques, las praderas y las monta\u00f1as se pueden utilizar para elaborar productos como papel, tela y monedas respectivamente. Estos nos permitir\u00e1n construir mejoras en nuestras ciudades que nos dar\u00e1n ventajas durante el juego y puntos para acercarnos a la victoria. Para esto, reemplazamos el tradicional juego de cartas de desarrollo por tres mazos espec\u00edficos de cada producto y que podremos adquirir dependiendo de las mejoras que tengamos en nuestras ciudades. Por \u00faltimo, la expansi\u00f3n de CIUDADES Y CABALLEROS nos permite, como su nombre lo indica, entrenar caballeros y colocarlos en nuestra red de carreteras. Esto nos ayudar\u00e1 a tomar control de ciertos puntos clave del tablero y alejar a los ladrones de nuestros territorios. Pero esto no es todo, pues la prosperidad de la isla ha atra\u00eddo a invasores b\u00e1rbaros que buscan causar problemas en nuestras tierras. Sus invasiones llegan cada determinado tiempo y debemos prepararnos entre todos entrenando caballeros para repelerlos. Si logramos detener el ataque, aquellos que tengan la mayor cantidad de caballeros a su disposici\u00f3n ser\u00e1n recompensados, pero si fallamos en la defensa, los que cuentan con menos caballeros a su servicio ver\u00e1n sus ciudades afectadas. En definitiva, la expansi\u00f3n de CIUDADES Y CABALLEROS es una excelente adici\u00f3n al ya de por s\u00ed excelente juego que es CATAN y definitivamente no puede faltar en tu colecci\u00f3n. Para poder jugarlo es necesario una copia del juego base.&quot;}\" data-sheets-userformat=\"{&quot;2&quot;:6530,&quot;4&quot;:{&quot;1&quot;:2,&quot;2&quot;:16709859},&quot;10&quot;:2,&quot;11&quot;:4,&quot;14&quot;:{&quot;1&quot;:2,&quot;2&quot;:0},&quot;15&quot;:&quot;Arial&quot;}\">La isla de\u00a0<strong>CATAN<\/strong>\u00a0es un para\u00edso que promete prosperidad a todos los que sepan aprovechar sus recursos y la expansi\u00f3n de\u00a0<strong>CIUDADES Y CABALLEROS<\/strong>\u00a0nos ayudar\u00e1 a llevar nuestros juegos al siguiente nivel con nuevos recursos, nuevas oportunidades de desarrollo y nuevos riesgos para nuestros asentamiento.<\/span><\/p>\n<p><span data-sheets-value=\"{&quot;1&quot;:2,&quot;2&quot;:&quot;La isla de CATAN es un para\u00edso que promete prosperidad a todos los que sepan aprovechar sus recursos y la expansi\u00f3n de CIUDADES Y CABALLEROS nos ayudar\u00e1 a llevar nuestros juegos al siguiente nivel con nuevos recursos, nuevas oportunidades de desarrollo y nuevos riesgos para nuestros asentamiento. La Expansi\u00f3n de CIUDADES Y CABALLEROS incorpora nuevos elementos al cl\u00e1sico juego que agregaran nuevos retos y le dar\u00e1 nueva vida a nuestras partidas de CATAN. Para empezar, adem\u00e1s de sus cl\u00e1sicos recursos, ahora los bosques, las praderas y las monta\u00f1as se pueden utilizar para elaborar productos como papel, tela y monedas respectivamente. Estos nos permitir\u00e1n construir mejoras en nuestras ciudades que nos dar\u00e1n ventajas durante el juego y puntos para acercarnos a la victoria. Para esto, reemplazamos el tradicional juego de cartas de desarrollo por tres mazos espec\u00edficos de cada producto y que podremos adquirir dependiendo de las mejoras que tengamos en nuestras ciudades. Por \u00faltimo, la expansi\u00f3n de CIUDADES Y CABALLEROS nos permite, como su nombre lo indica, entrenar caballeros y colocarlos en nuestra red de carreteras. Esto nos ayudar\u00e1 a tomar control de ciertos puntos clave del tablero y alejar a los ladrones de nuestros territorios. Pero esto no es todo, pues la prosperidad de la isla ha atra\u00eddo a invasores b\u00e1rbaros que buscan causar problemas en nuestras tierras. Sus invasiones llegan cada determinado tiempo y debemos prepararnos entre todos entrenando caballeros para repelerlos. Si logramos detener el ataque, aquellos que tengan la mayor cantidad de caballeros a su disposici\u00f3n ser\u00e1n recompensados, pero si fallamos en la defensa, los que cuentan con menos caballeros a su servicio ver\u00e1n sus ciudades afectadas. En definitiva, la expansi\u00f3n de CIUDADES Y CABALLEROS es una excelente adici\u00f3n al ya de por s\u00ed excelente juego que es CATAN y definitivamente no puede faltar en tu colecci\u00f3n. Para poder jugarlo es necesario una copia del juego base.&quot;}\" data-sheets-userformat=\"{&quot;2&quot;:6530,&quot;4&quot;:{&quot;1&quot;:2,&quot;2&quot;:16709859},&quot;10&quot;:2,&quot;11&quot;:4,&quot;14&quot;:{&quot;1&quot;:2,&quot;2&quot;:0},&quot;15&quot;:&quot;Arial&quot;}\">La Expansi\u00f3n de\u00a0<strong>CIUDADES Y CABALLEROS<\/strong>\u00a0incorpora nuevos elementos al cl\u00e1sico juego que agregaran nuevos retos y le dar\u00e1 nueva vida a nuestras partidas de\u00a0<strong>CATAN<\/strong>. Para empezar, adem\u00e1s de sus cl\u00e1sicos recursos, ahora los bosques, las praderas y las monta\u00f1as se pueden utilizar para elaborar productos como papel, tela y monedas respectivamente. Estos nos permitir\u00e1n construir mejoras en nuestras ciudades que nos dar\u00e1n ventajas durante el juego y puntos para acercarnos a la victoria. Para esto, reemplazamos el tradicional juego de cartas de desarrollo por tres mazos espec\u00edficos de cada producto y que podremos adquirir dependiendo de las mejoras que tengamos en nuestras ciudades.<\/span><\/p>\n<p><span data-sheets-value=\"{&quot;1&quot;:2,&quot;2&quot;:&quot;La isla de CATAN es un para\u00edso que promete prosperidad a todos los que sepan aprovechar sus recursos y la expansi\u00f3n de CIUDADES Y CABALLEROS nos ayudar\u00e1 a llevar nuestros juegos al siguiente nivel con nuevos recursos, nuevas oportunidades de desarrollo y nuevos riesgos para nuestros asentamiento. La Expansi\u00f3n de CIUDADES Y CABALLEROS incorpora nuevos elementos al cl\u00e1sico juego que agregaran nuevos retos y le dar\u00e1 nueva vida a nuestras partidas de CATAN. Para empezar, adem\u00e1s de sus cl\u00e1sicos recursos, ahora los bosques, las praderas y las monta\u00f1as se pueden utilizar para elaborar productos como papel, tela y monedas respectivamente. Estos nos permitir\u00e1n construir mejoras en nuestras ciudades que nos dar\u00e1n ventajas durante el juego y puntos para acercarnos a la victoria. Para esto, reemplazamos el tradicional juego de cartas de desarrollo por tres mazos espec\u00edficos de cada producto y que podremos adquirir dependiendo de las mejoras que tengamos en nuestras ciudades. Por \u00faltimo, la expansi\u00f3n de CIUDADES Y CABALLEROS nos permite, como su nombre lo indica, entrenar caballeros y colocarlos en nuestra red de carreteras. Esto nos ayudar\u00e1 a tomar control de ciertos puntos clave del tablero y alejar a los ladrones de nuestros territorios. Pero esto no es todo, pues la prosperidad de la isla ha atra\u00eddo a invasores b\u00e1rbaros que buscan causar problemas en nuestras tierras. Sus invasiones llegan cada determinado tiempo y debemos prepararnos entre todos entrenando caballeros para repelerlos. Si logramos detener el ataque, aquellos que tengan la mayor cantidad de caballeros a su disposici\u00f3n ser\u00e1n recompensados, pero si fallamos en la defensa, los que cuentan con menos caballeros a su servicio ver\u00e1n sus ciudades afectadas. En definitiva, la expansi\u00f3n de CIUDADES Y CABALLEROS es una excelente adici\u00f3n al ya de por s\u00ed excelente juego que es CATAN y definitivamente no puede faltar en tu colecci\u00f3n. Para poder jugarlo es necesario una copia del juego base.&quot;}\" data-sheets-userformat=\"{&quot;2&quot;:6530,&quot;4&quot;:{&quot;1&quot;:2,&quot;2&quot;:16709859},&quot;10&quot;:2,&quot;11&quot;:4,&quot;14&quot;:{&quot;1&quot;:2,&quot;2&quot;:0},&quot;15&quot;:&quot;Arial&quot;}\">Por \u00faltimo, la expansi\u00f3n de\u00a0<strong>CIUDADES Y CABALLEROS<\/strong>\u00a0nos permite, como su nombre lo indica, entrenar caballeros y colocarlos en nuestra red de carreteras. Esto nos ayudar\u00e1 a tomar control de ciertos puntos clave del tablero y alejar a los ladrones de nuestros territorios. Pero esto no es todo, pues la prosperidad de la isla ha atra\u00eddo a invasores b\u00e1rbaros que buscan causar problemas en nuestras tierras. Sus invasiones llegan cada determinado tiempo y debemos prepararnos entre todos entrenando caballeros para repelerlos. Si logramos detener el ataque, aquellos que tengan la mayor cantidad de caballeros a su disposici\u00f3n ser\u00e1n recompensados, pero si fallamos en la defensa, los que cuentan con menos caballeros a su servicio ver\u00e1n sus ciudades afectadas.\u00a0<\/span><span data-sheets-value=\"{&quot;1&quot;:2,&quot;2&quot;:&quot;La isla de CATAN es un para\u00edso que promete prosperidad a todos los que sepan aprovechar sus recursos y la expansi\u00f3n de CIUDADES Y CABALLEROS nos ayudar\u00e1 a llevar nuestros juegos al siguiente nivel con nuevos recursos, nuevas oportunidades de desarrollo y nuevos riesgos para nuestros asentamiento. La Expansi\u00f3n de CIUDADES Y CABALLEROS incorpora nuevos elementos al cl\u00e1sico juego que agregaran nuevos retos y le dar\u00e1 nueva vida a nuestras partidas de CATAN. Para empezar, adem\u00e1s de sus cl\u00e1sicos recursos, ahora los bosques, las praderas y las monta\u00f1as se pueden utilizar para elaborar productos como papel, tela y monedas respectivamente. Estos nos permitir\u00e1n construir mejoras en nuestras ciudades que nos dar\u00e1n ventajas durante el juego y puntos para acercarnos a la victoria. Para esto, reemplazamos el tradicional juego de cartas de desarrollo por tres mazos espec\u00edficos de cada producto y que podremos adquirir dependiendo de las mejoras que tengamos en nuestras ciudades. Por \u00faltimo, la expansi\u00f3n de CIUDADES Y CABALLEROS nos permite, como su nombre lo indica, entrenar caballeros y colocarlos en nuestra red de carreteras. Esto nos ayudar\u00e1 a tomar control de ciertos puntos clave del tablero y alejar a los ladrones de nuestros territorios. Pero esto no es todo, pues la prosperidad de la isla ha atra\u00eddo a invasores b\u00e1rbaros que buscan causar problemas en nuestras tierras. Sus invasiones llegan cada determinado tiempo y debemos prepararnos entre todos entrenando caballeros para repelerlos. Si logramos detener el ataque, aquellos que tengan la mayor cantidad de caballeros a su disposici\u00f3n ser\u00e1n recompensados, pero si fallamos en la defensa, los que cuentan con menos caballeros a su servicio ver\u00e1n sus ciudades afectadas. En definitiva, la expansi\u00f3n de CIUDADES Y CABALLEROS es una excelente adici\u00f3n al ya de por s\u00ed excelente juego que es CATAN y definitivamente no puede faltar en tu colecci\u00f3n. Para poder jugarlo es necesario una copia del juego base.&quot;}\" data-sheets-userformat=\"{&quot;2&quot;:6530,&quot;4&quot;:{&quot;1&quot;:2,&quot;2&quot;:16709859},&quot;10&quot;:2,&quot;11&quot;:4,&quot;14&quot;:{&quot;1&quot;:2,&quot;2&quot;:0},&quot;15&quot;:&quot;Arial&quot;}\">En definitiva, la expansi\u00f3n de\u00a0<strong>CIUDADES Y CABALLEROS<\/strong>\u00a0es una excelente adici\u00f3n al ya de por s\u00ed excelente juego que es\u00a0<strong>CATAN<\/strong>\u00a0y definitivamente no puede faltar en tu colecci\u00f3n.<\/span><\/p>\n<p><span data-sheets-value=\"{&quot;1&quot;:2,&quot;2&quot;:&quot;La isla de CATAN es un para\u00edso que promete prosperidad a todos los que sepan aprovechar sus recursos y la expansi\u00f3n de CIUDADES Y CABALLEROS nos ayudar\u00e1 a llevar nuestros juegos al siguiente nivel con nuevos recursos, nuevas oportunidades de desarrollo y nuevos riesgos para nuestros asentamiento. La Expansi\u00f3n de CIUDADES Y CABALLEROS incorpora nuevos elementos al cl\u00e1sico juego que agregaran nuevos retos y le dar\u00e1 nueva vida a nuestras partidas de CATAN. Para empezar, adem\u00e1s de sus cl\u00e1sicos recursos, ahora los bosques, las praderas y las monta\u00f1as se pueden utilizar para elaborar productos como papel, tela y monedas respectivamente. Estos nos permitir\u00e1n construir mejoras en nuestras ciudades que nos dar\u00e1n ventajas durante el juego y puntos para acercarnos a la victoria. Para esto, reemplazamos el tradicional juego de cartas de desarrollo por tres mazos espec\u00edficos de cada producto y que podremos adquirir dependiendo de las mejoras que tengamos en nuestras ciudades. Por \u00faltimo, la expansi\u00f3n de CIUDADES Y CABALLEROS nos permite, como su nombre lo indica, entrenar caballeros y colocarlos en nuestra red de carreteras. Esto nos ayudar\u00e1 a tomar control de ciertos puntos clave del tablero y alejar a los ladrones de nuestros territorios. Pero esto no es todo, pues la prosperidad de la isla ha atra\u00eddo a invasores b\u00e1rbaros que buscan causar problemas en nuestras tierras. Sus invasiones llegan cada determinado tiempo y debemos prepararnos entre todos entrenando caballeros para repelerlos. Si logramos detener el ataque, aquellos que tengan la mayor cantidad de caballeros a su disposici\u00f3n ser\u00e1n recompensados, pero si fallamos en la defensa, los que cuentan con menos caballeros a su servicio ver\u00e1n sus ciudades afectadas. En definitiva, la expansi\u00f3n de CIUDADES Y CABALLEROS es una excelente adici\u00f3n al ya de por s\u00ed excelente juego que es CATAN y definitivamente no puede faltar en tu colecci\u00f3n. Para poder jugarlo es necesario una copia del juego base.&quot;}\" data-sheets-userformat=\"{&quot;2&quot;:6530,&quot;4&quot;:{&quot;1&quot;:2,&quot;2&quot;:16709859},&quot;10&quot;:2,&quot;11&quot;:4,&quot;14&quot;:{&quot;1&quot;:2,&quot;2&quot;:0},&quot;15&quot;:&quot;Arial&quot;}\">Para poder jugarlo es necesario una copia del juego base.<\/span><\/p>\n","protected":false},"excerpt":{"rendered":"<p>La isla de\u00a0CATAN\u00a0es un para\u00edso que promete prosperidad a todos los que sepan aprovechar sus recursos y la expansi\u00f3n de\u00a0CIUDADES Y CABALLEROS\u00a0nos ayudar\u00e1 a llevar nuestros juegos al siguiente nivel con nuevos recursos, nuevas oportunidades de desarrollo y nuevos riesgos para nuestros asentamiento. La Expansi\u00f3n de\u00a0CIUDADES Y CABALLEROS\u00a0incorpora nuevos elementos al cl\u00e1sico juego que agregaran [&hellip;]<\/p>\n","protected":false},"featured_media":18361,"template":"","meta":{"inline_featured_image":false,"_juego_de_la_semana":"","_idioma":"Espa\u00f1ol","_jugadores-minimos":"2","_jugadores-maximos":"4","_duracion-minima":"70","_duracion-maxima":"","_edad-recomendada":"12","_editorial":"Devir","imagen-header":"19044","_precio-proveedor":"","_fecha-compra":0},"product_brand":[],"product_cat":[164],"product_tag":[],"editoriales":[184],"class_list":{"0":"post-17276","1":"product","2":"type-product","3":"status-publish","4":"has-post-thumbnail","6":"product_cat-eurogame","7":"editoriales-devir","9":"first","10":"instock","11":"featured","12":"shipping-taxable","13":"purchasable","14":"product-type-simple"},"_links":{"self":[{"href":"https:\/\/shapp.mx\/ludoteka\/wp-json\/wp\/v2\/product\/17276","targetHints":{"allow":["GET"]}}],"collection":[{"href":"https:\/\/shapp.mx\/ludoteka\/wp-json\/wp\/v2\/product"}],"about":[{"href":"https:\/\/shapp.mx\/ludoteka\/wp-json\/wp\/v2\/types\/product"}],"wp:featuredmedia":[{"embeddable":true,"href":"https:\/\/shapp.mx\/ludoteka\/wp-json\/wp\/v2\/media\/18361"}],"wp:attachment":[{"href":"https:\/\/shapp.mx\/ludoteka\/wp-json\/wp\/v2\/media?parent=17276"}],"wp:term":[{"taxonomy":"product_brand","embeddable":true,"href":"https:\/\/shapp.mx\/ludoteka\/wp-json\/wp\/v2\/product_brand?post=17276"},{"taxonomy":"product_cat","embeddable":true,"href":"https:\/\/shapp.mx\/ludoteka\/wp-json\/wp\/v2\/product_cat?post=17276"},{"taxonomy":"product_tag","embeddable":true,"href":"https:\/\/shapp.mx\/ludoteka\/wp-json\/wp\/v2\/product_tag?post=17276"},{"taxonomy":"editoriales","embeddable":true,"href":"https:\/\/shapp.mx\/ludoteka\/wp-json\/wp\/v2\/editoriales?post=17276"}],"curies":[{"name":"wp","href":"https:\/\/api.w.org\/{rel}","templated":true}]}}