{"id":17277,"date":"2023-04-21T16:31:54","date_gmt":"2023-04-21T22:31:54","guid":{"rendered":"https:\/\/arka.design\/ludoteka\/?post_type=product&#038;p=17277"},"modified":"2023-06-29T15:16:09","modified_gmt":"2023-06-29T21:16:09","slug":"clue","status":"publish","type":"product","link":"https:\/\/shapp.mx\/ludoteka\/producto\/clue\/","title":{"rendered":"Clue"},"content":{"rendered":"<h3 class=\"a-spacing-mini\">Juego de pista, incluye el fantasma de la se\u00f1ora. Blanco<\/h3>\n<p>En esta edici\u00f3n del juego Clue, los jugadores pueden resolver el misterio con la ayuda del fantasma de la se\u00f1ora. Blanco usando Alexa. (El dispositivo Alexa se vende por separado) \u00bfQu\u00e9 sospechoso es responsable del asesinato del Sr. \u00bfBoddy en su mansi\u00f3n? Investigue qui\u00e9n lo hizo, qu\u00e9 art\u00edculo utilizaron, y la habitaci\u00f3n donde cometieron el crimen. Rollos dobles para invocar al fantasma de la Sra. Blanco. Solo diga: \u00abAlexa, preg\u00fantale a la Sra. Blanco\u00bb Si est\u00e1 de buen humor, podr\u00eda ayudarte a avanzar en el juego. Pero si no lo est\u00e1, podr\u00eda muy bien decir: \u00ab\u00a1Jah! Pensabas que tu d\u00eda iba bien, pero eso se acab\u00f3 ahora\u00bb, y en su lugar dar\u00e1s ayuda a otro jugador. Este juego de mesa Clue, dise\u00f1ado para 2 jugadores, es una gran opci\u00f3n para la noche de juego familiar. A partir de 8 a\u00f1os.<\/p>\n<h4 class=\"a-spacing-mini\">QUIEN, QU\u00c9, DONDE<\/h4>\n<p>Resuelve el misterio del Sr. El asesinato de Boddy. En este cl\u00e1sico juego misterioso de whodUnit, los jugadores descubren qui\u00e9n cometi\u00f3 el asesinato, el arma usada y la habitaci\u00f3n en la que se hizo.<\/p>\n<h4 class=\"a-spacing-mini\">Divertido juego familiar<\/h4>\n<p>El juego de pista es un juego de mesa muy divertido para jugar cuando la familia se re\u00fane, para las citas de juego de los ni\u00f1os y para el entretenimiento de los d\u00edas lluviosos. A partir de 8 a\u00f1os.<\/p>\n","protected":false},"excerpt":{"rendered":"<p>Juego de pista, incluye el fantasma de la se\u00f1ora. Blanco En esta edici\u00f3n del juego Clue, los jugadores pueden resolver el misterio con la ayuda del fantasma de la se\u00f1ora. Blanco usando Alexa. (El dispositivo Alexa se vende por separado) \u00bfQu\u00e9 sospechoso es responsable del asesinato del Sr. \u00bfBoddy en su mansi\u00f3n? Investigue qui\u00e9n lo [&hellip;]<\/p>\n","protected":false},"featured_media":18366,"template":"","meta":{"inline_featured_image":false,"_juego_de_la_semana":"no","_idioma":"Ingles","_jugadores-minimos":"2","_jugadores-maximos":"6","_duracion-minima":"30","_duracion-maxima":"45","_edad-recomendada":"8","_editorial":"Hasbro","imagen-header":"19044","_precio-proveedor":"","_fecha-compra":0},"product_brand":[],"product_cat":[161,168,171],"product_tag":[],"editoriales":[194],"class_list":{"0":"post-17277","1":"product","2":"type-product","3":"status-publish","4":"has-post-thumbnail","6":"product_cat-dados","7":"product_cat-juegos-de-cartas","8":"product_cat-party-game","9":"editoriales-hasbro","11":"first","12":"instock","13":"shipping-taxable","14":"purchasable","15":"product-type-simple"},"_links":{"self":[{"href":"https:\/\/shapp.mx\/ludoteka\/wp-json\/wp\/v2\/product\/17277","targetHints":{"allow":["GET"]}}],"collection":[{"href":"https:\/\/shapp.mx\/ludoteka\/wp-json\/wp\/v2\/product"}],"about":[{"href":"https:\/\/shapp.mx\/ludoteka\/wp-json\/wp\/v2\/types\/product"}],"wp:featuredmedia":[{"embeddable":true,"href":"https:\/\/shapp.mx\/ludoteka\/wp-json\/wp\/v2\/media\/18366"}],"wp:attachment":[{"href":"https:\/\/shapp.mx\/ludoteka\/wp-json\/wp\/v2\/media?parent=17277"}],"wp:term":[{"taxonomy":"product_brand","embeddable":true,"href":"https:\/\/shapp.mx\/ludoteka\/wp-json\/wp\/v2\/product_brand?post=17277"},{"taxonomy":"product_cat","embeddable":true,"href":"https:\/\/shapp.mx\/ludoteka\/wp-json\/wp\/v2\/product_cat?post=17277"},{"taxonomy":"product_tag","embeddable":true,"href":"https:\/\/shapp.mx\/ludoteka\/wp-json\/wp\/v2\/product_tag?post=17277"},{"taxonomy":"editoriales","embeddable":true,"href":"https:\/\/shapp.mx\/ludoteka\/wp-json\/wp\/v2\/editoriales?post=17277"}],"curies":[{"name":"wp","href":"https:\/\/api.w.org\/{rel}","templated":true}]}}