{"id":17279,"date":"2023-04-21T16:31:54","date_gmt":"2023-04-21T22:31:54","guid":{"rendered":"https:\/\/arka.design\/ludoteka\/?post_type=product&#038;p=17279"},"modified":"2023-06-29T15:14:16","modified_gmt":"2023-06-29T21:14:16","slug":"creaturas-serie-b","status":"publish","type":"product","link":"https:\/\/shapp.mx\/ludoteka\/producto\/creaturas-serie-b\/","title":{"rendered":"Creaturas Serie B"},"content":{"rendered":"<p>Los jugadores son cient\u00edficos locos que necesitan mortales y preciosos metales para futuros experimentos. En lugar de ensuciarse las manos, su ej\u00e9rcito de criaturas campy espera hacer sus \u00f3rdenes. Captura a los mortales m\u00e1s valiosos en el transcurso de tres noches para ganar. Pero ten cuidado: los mortales no caer\u00e1n sin luchar.<\/p>\n","protected":false},"excerpt":{"rendered":"<p>Los jugadores son cient\u00edficos locos que necesitan mortales y preciosos metales para futuros experimentos. En lugar de ensuciarse las manos, su ej\u00e9rcito de criaturas campy espera hacer sus \u00f3rdenes. Captura a los mortales m\u00e1s valiosos en el transcurso de tres noches para ganar. Pero ten cuidado: los mortales no caer\u00e1n sin luchar.<\/p>\n","protected":false},"featured_media":18368,"template":"","meta":{"inline_featured_image":false,"_juego_de_la_semana":"no","_idioma":"Espa\u00f1ol","_jugadores-minimos":"","_jugadores-maximos":"","_duracion-minima":"30","_duracion-maxima":"","_edad-recomendada":"","_editorial":"","imagen-header":"19044","_precio-proveedor":"","_fecha-compra":0},"product_brand":[],"product_cat":[162],"product_tag":[],"editoriales":[],"class_list":{"0":"post-17279","1":"product","2":"type-product","3":"status-publish","4":"has-post-thumbnail","6":"product_cat-destacados","8":"first","9":"instock","10":"shipping-taxable","11":"purchasable","12":"product-type-simple"},"_links":{"self":[{"href":"https:\/\/shapp.mx\/ludoteka\/wp-json\/wp\/v2\/product\/17279","targetHints":{"allow":["GET"]}}],"collection":[{"href":"https:\/\/shapp.mx\/ludoteka\/wp-json\/wp\/v2\/product"}],"about":[{"href":"https:\/\/shapp.mx\/ludoteka\/wp-json\/wp\/v2\/types\/product"}],"wp:featuredmedia":[{"embeddable":true,"href":"https:\/\/shapp.mx\/ludoteka\/wp-json\/wp\/v2\/media\/18368"}],"wp:attachment":[{"href":"https:\/\/shapp.mx\/ludoteka\/wp-json\/wp\/v2\/media?parent=17279"}],"wp:term":[{"taxonomy":"product_brand","embeddable":true,"href":"https:\/\/shapp.mx\/ludoteka\/wp-json\/wp\/v2\/product_brand?post=17279"},{"taxonomy":"product_cat","embeddable":true,"href":"https:\/\/shapp.mx\/ludoteka\/wp-json\/wp\/v2\/product_cat?post=17279"},{"taxonomy":"product_tag","embeddable":true,"href":"https:\/\/shapp.mx\/ludoteka\/wp-json\/wp\/v2\/product_tag?post=17279"},{"taxonomy":"editoriales","embeddable":true,"href":"https:\/\/shapp.mx\/ludoteka\/wp-json\/wp\/v2\/editoriales?post=17279"}],"curies":[{"name":"wp","href":"https:\/\/api.w.org\/{rel}","templated":true}]}}