{"id":17280,"date":"2023-04-21T16:31:55","date_gmt":"2023-04-21T22:31:55","guid":{"rendered":"https:\/\/arka.design\/ludoteka\/?post_type=product&#038;p=17280"},"modified":"2023-06-20T15:12:42","modified_gmt":"2023-06-20T21:12:42","slug":"detectives-paranormales","status":"publish","type":"product","link":"https:\/\/shapp.mx\/ludoteka\/producto\/detectives-paranormales\/","title":{"rendered":"Detectives Paranormales"},"content":{"rendered":"<p>Es un juego de deducci\u00f3n. Un jugador toma el papel de un fantasma. Todos los dem\u00e1s jugadores trabajan como detectives paranormales y necesitan descubrir c\u00f3mo muri\u00f3 la v\u00edctima. Usando habilidades paranormales se comunicar\u00e1n con el Fantasma, haciendo preguntas abiertas sobre los detalles del crimen. El fantasma responde de una variedad de formas fantasmales &#8211; organizando el nudo de un verdugo, jugando las cartas del Tarot elegidas, creando un rompecabezas de palabras en un tablero parlante, dibujando sosteniendo la mano de un detective y muchos m\u00e1s.<\/p>\n","protected":false},"excerpt":{"rendered":"<p>Es un juego de deducci\u00f3n. Un jugador toma el papel de un fantasma. Todos los dem\u00e1s jugadores trabajan como detectives paranormales y necesitan descubrir c\u00f3mo muri\u00f3 la v\u00edctima. Usando habilidades paranormales se comunicar\u00e1n con el Fantasma, haciendo preguntas abiertas sobre los detalles del crimen. El fantasma responde de una variedad de formas fantasmales &#8211; organizando [&hellip;]<\/p>\n","protected":false},"featured_media":18371,"template":"","meta":{"inline_featured_image":false,"_juego_de_la_semana":"no","_idioma":"Espa\u00f1ol","_jugadores-minimos":"2","_jugadores-maximos":"6","_duracion-minima":"45","_duracion-maxima":"","_edad-recomendada":"12","_editorial":"Maldito Games","imagen-header":"18467","_precio-proveedor":"","_fecha-compra":0},"product_brand":[],"product_cat":[162],"product_tag":[],"editoriales":[187],"class_list":{"0":"post-17280","1":"product","2":"type-product","3":"status-publish","4":"has-post-thumbnail","6":"product_cat-destacados","7":"editoriales-maldito-games","9":"first","10":"instock","11":"shipping-taxable","12":"purchasable","13":"product-type-simple"},"_links":{"self":[{"href":"https:\/\/shapp.mx\/ludoteka\/wp-json\/wp\/v2\/product\/17280","targetHints":{"allow":["GET"]}}],"collection":[{"href":"https:\/\/shapp.mx\/ludoteka\/wp-json\/wp\/v2\/product"}],"about":[{"href":"https:\/\/shapp.mx\/ludoteka\/wp-json\/wp\/v2\/types\/product"}],"wp:featuredmedia":[{"embeddable":true,"href":"https:\/\/shapp.mx\/ludoteka\/wp-json\/wp\/v2\/media\/18371"}],"wp:attachment":[{"href":"https:\/\/shapp.mx\/ludoteka\/wp-json\/wp\/v2\/media?parent=17280"}],"wp:term":[{"taxonomy":"product_brand","embeddable":true,"href":"https:\/\/shapp.mx\/ludoteka\/wp-json\/wp\/v2\/product_brand?post=17280"},{"taxonomy":"product_cat","embeddable":true,"href":"https:\/\/shapp.mx\/ludoteka\/wp-json\/wp\/v2\/product_cat?post=17280"},{"taxonomy":"product_tag","embeddable":true,"href":"https:\/\/shapp.mx\/ludoteka\/wp-json\/wp\/v2\/product_tag?post=17280"},{"taxonomy":"editoriales","embeddable":true,"href":"https:\/\/shapp.mx\/ludoteka\/wp-json\/wp\/v2\/editoriales?post=17280"}],"curies":[{"name":"wp","href":"https:\/\/api.w.org\/{rel}","templated":true}]}}