{"id":17281,"date":"2023-04-21T16:31:55","date_gmt":"2023-04-21T22:31:55","guid":{"rendered":"https:\/\/arka.design\/ludoteka\/?post_type=product&#038;p=17281"},"modified":"2023-06-30T23:35:51","modified_gmt":"2023-07-01T05:35:51","slug":"dixit","status":"publish","type":"product","link":"https:\/\/shapp.mx\/ludoteka\/producto\/dixit\/","title":{"rendered":"Dixit"},"content":{"rendered":"<p class=\"a-spacing-mini\">Es un creativo juego de deducci\u00f3n, bellamente ilustrado, donde tu imaginaci\u00f3n crea incre\u00edbles historias.<\/p>\n<p>En este galardonado juego de mesa, los jugadores podr\u00e1n utilizar la hermosa imaginer\u00eda de sus cartas para enga\u00f1ar a sus rivales y adivinar cu\u00e1l es la carta que mejor se adapta a la historia. Dixit es un juego sorprendente, encantador y de reglas f\u00e1ciles, para disfrutar con amigos y familiares por igual.<\/p>\n<p>En tu turno, como narrador, elige una carta de tu mano y da una pista sobre ella (palabras, frases, canciones, etc.). Por ejemplo: \u201cViaje\u201d.<\/p>\n<p>Todos los jugadores eligen de entre sus cartas, la que mejor se adapte a la pista. Baraja y revela todas las cartas elegidas.<\/p>\n<p>Todos los jugadores, en secreto, intentan adivinar tu carta, utilizando las fichas de voto. Una vez que todos hayan votado, comienza la ronda de puntuaci\u00f3n.<\/p>\n","protected":false},"excerpt":{"rendered":"<p>Es un creativo juego de deducci\u00f3n, bellamente ilustrado, donde tu imaginaci\u00f3n crea incre\u00edbles historias. En este galardonado juego de mesa, los jugadores podr\u00e1n utilizar la hermosa imaginer\u00eda de sus cartas para enga\u00f1ar a sus rivales y adivinar cu\u00e1l es la carta que mejor se adapta a la historia. Dixit es un juego sorprendente, encantador y [&hellip;]<\/p>\n","protected":false},"featured_media":18372,"template":"","meta":{"inline_featured_image":false,"_juego_de_la_semana":"no","_idioma":"Espa\u00f1ol","_jugadores-minimos":"2","_jugadores-maximos":"6","_duracion-minima":"30","_duracion-maxima":"45","_edad-recomendada":"8","_editorial":" Libellud","imagen-header":"18997","_precio-proveedor":"","_fecha-compra":0},"product_brand":[],"product_cat":[168],"product_tag":[],"editoriales":[186],"class_list":{"0":"post-17281","1":"product","2":"type-product","3":"status-publish","4":"has-post-thumbnail","6":"product_cat-juegos-de-cartas","7":"editoriales-libellud","9":"first","10":"instock","11":"shipping-taxable","12":"purchasable","13":"product-type-simple"},"_links":{"self":[{"href":"https:\/\/shapp.mx\/ludoteka\/wp-json\/wp\/v2\/product\/17281","targetHints":{"allow":["GET"]}}],"collection":[{"href":"https:\/\/shapp.mx\/ludoteka\/wp-json\/wp\/v2\/product"}],"about":[{"href":"https:\/\/shapp.mx\/ludoteka\/wp-json\/wp\/v2\/types\/product"}],"wp:featuredmedia":[{"embeddable":true,"href":"https:\/\/shapp.mx\/ludoteka\/wp-json\/wp\/v2\/media\/18372"}],"wp:attachment":[{"href":"https:\/\/shapp.mx\/ludoteka\/wp-json\/wp\/v2\/media?parent=17281"}],"wp:term":[{"taxonomy":"product_brand","embeddable":true,"href":"https:\/\/shapp.mx\/ludoteka\/wp-json\/wp\/v2\/product_brand?post=17281"},{"taxonomy":"product_cat","embeddable":true,"href":"https:\/\/shapp.mx\/ludoteka\/wp-json\/wp\/v2\/product_cat?post=17281"},{"taxonomy":"product_tag","embeddable":true,"href":"https:\/\/shapp.mx\/ludoteka\/wp-json\/wp\/v2\/product_tag?post=17281"},{"taxonomy":"editoriales","embeddable":true,"href":"https:\/\/shapp.mx\/ludoteka\/wp-json\/wp\/v2\/editoriales?post=17281"}],"curies":[{"name":"wp","href":"https:\/\/api.w.org\/{rel}","templated":true}]}}