{"id":17282,"date":"2023-04-21T16:31:55","date_gmt":"2023-04-21T22:31:55","guid":{"rendered":"https:\/\/arka.design\/ludoteka\/?post_type=product&#038;p=17282"},"modified":"2023-06-29T15:21:20","modified_gmt":"2023-06-29T21:21:20","slug":"dixit-2-quest","status":"publish","type":"product","link":"https:\/\/shapp.mx\/ludoteka\/producto\/dixit-2-quest\/","title":{"rendered":"Dixit 2 Quest"},"content":{"rendered":"<p>Esta es una expansi\u00f3n de juego de mesa DIXIT: necesitar\u00e1s el juego base Dixit para jugar con esta expansi\u00f3n. Avent\u00farate en lo desconocido con Dixit Quest, la primera expansi\u00f3n al cl\u00e1sico juego alegre de contar historias y conjeturas. Usa tu imaginaci\u00f3n para desbloquear el cuento.<\/p>\n","protected":false},"excerpt":{"rendered":"<p>Esta es una expansi\u00f3n de juego de mesa DIXIT: necesitar\u00e1s el juego base Dixit para jugar con esta expansi\u00f3n. Avent\u00farate en lo desconocido con Dixit Quest, la primera expansi\u00f3n al cl\u00e1sico juego alegre de contar historias y conjeturas. Usa tu imaginaci\u00f3n para desbloquear el cuento.<\/p>\n","protected":false},"featured_media":18378,"template":"","meta":{"inline_featured_image":false,"_juego_de_la_semana":"no","_idioma":"Espa\u00f1ol","_jugadores-minimos":"3","_jugadores-maximos":"6","_duracion-minima":"30","_duracion-maxima":"","_edad-recomendada":"8","_editorial":"Libellud","imagen-header":"19044","_precio-proveedor":"","_fecha-compra":0},"product_brand":[],"product_cat":[168],"product_tag":[],"editoriales":[186],"class_list":{"0":"post-17282","1":"product","2":"type-product","3":"status-publish","4":"has-post-thumbnail","6":"product_cat-juegos-de-cartas","7":"editoriales-libellud","9":"first","10":"instock","11":"shipping-taxable","12":"purchasable","13":"product-type-simple"},"_links":{"self":[{"href":"https:\/\/shapp.mx\/ludoteka\/wp-json\/wp\/v2\/product\/17282","targetHints":{"allow":["GET"]}}],"collection":[{"href":"https:\/\/shapp.mx\/ludoteka\/wp-json\/wp\/v2\/product"}],"about":[{"href":"https:\/\/shapp.mx\/ludoteka\/wp-json\/wp\/v2\/types\/product"}],"wp:featuredmedia":[{"embeddable":true,"href":"https:\/\/shapp.mx\/ludoteka\/wp-json\/wp\/v2\/media\/18378"}],"wp:attachment":[{"href":"https:\/\/shapp.mx\/ludoteka\/wp-json\/wp\/v2\/media?parent=17282"}],"wp:term":[{"taxonomy":"product_brand","embeddable":true,"href":"https:\/\/shapp.mx\/ludoteka\/wp-json\/wp\/v2\/product_brand?post=17282"},{"taxonomy":"product_cat","embeddable":true,"href":"https:\/\/shapp.mx\/ludoteka\/wp-json\/wp\/v2\/product_cat?post=17282"},{"taxonomy":"product_tag","embeddable":true,"href":"https:\/\/shapp.mx\/ludoteka\/wp-json\/wp\/v2\/product_tag?post=17282"},{"taxonomy":"editoriales","embeddable":true,"href":"https:\/\/shapp.mx\/ludoteka\/wp-json\/wp\/v2\/editoriales?post=17282"}],"curies":[{"name":"wp","href":"https:\/\/api.w.org\/{rel}","templated":true}]}}