{"id":17285,"date":"2023-04-21T16:31:55","date_gmt":"2023-04-21T22:31:55","guid":{"rendered":"https:\/\/arka.design\/ludoteka\/?post_type=product&#038;p=17285"},"modified":"2023-06-29T15:19:35","modified_gmt":"2023-06-29T21:19:35","slug":"dixit-5-daydream","status":"publish","type":"product","link":"https:\/\/shapp.mx\/ludoteka\/producto\/dixit-5-daydream\/","title":{"rendered":"Dixit 5 Daydream"},"content":{"rendered":"<p>Daydreams trae nuevas obras surrealistas al juego ganador de Dixit. Las 84 cartas de la expansi\u00f3n, ilustradas por Franck Dion, dan vida a un mundo de ensue\u00f1o lleno de personajes extra\u00f1os y fant\u00e1sticos. El juego base de Dixit es necesario para jugar.<\/p>\n","protected":false},"excerpt":{"rendered":"<p>Daydreams trae nuevas obras surrealistas al juego ganador de Dixit. Las 84 cartas de la expansi\u00f3n, ilustradas por Franck Dion, dan vida a un mundo de ensue\u00f1o lleno de personajes extra\u00f1os y fant\u00e1sticos. El juego base de Dixit es necesario para jugar.<\/p>\n","protected":false},"featured_media":18374,"template":"","meta":{"inline_featured_image":false,"_juego_de_la_semana":"no","_idioma":"Espa\u00f1ol","_jugadores-minimos":"3","_jugadores-maximos":"6","_duracion-minima":"30","_duracion-maxima":"","_edad-recomendada":"8","_editorial":"Libellud","imagen-header":"19044","_precio-proveedor":"","_fecha-compra":0},"product_brand":[],"product_cat":[168,171],"product_tag":[],"editoriales":[186],"class_list":{"0":"post-17285","1":"product","2":"type-product","3":"status-publish","4":"has-post-thumbnail","6":"product_cat-juegos-de-cartas","7":"product_cat-party-game","8":"editoriales-libellud","10":"first","11":"instock","12":"shipping-taxable","13":"purchasable","14":"product-type-simple"},"_links":{"self":[{"href":"https:\/\/shapp.mx\/ludoteka\/wp-json\/wp\/v2\/product\/17285","targetHints":{"allow":["GET"]}}],"collection":[{"href":"https:\/\/shapp.mx\/ludoteka\/wp-json\/wp\/v2\/product"}],"about":[{"href":"https:\/\/shapp.mx\/ludoteka\/wp-json\/wp\/v2\/types\/product"}],"wp:featuredmedia":[{"embeddable":true,"href":"https:\/\/shapp.mx\/ludoteka\/wp-json\/wp\/v2\/media\/18374"}],"wp:attachment":[{"href":"https:\/\/shapp.mx\/ludoteka\/wp-json\/wp\/v2\/media?parent=17285"}],"wp:term":[{"taxonomy":"product_brand","embeddable":true,"href":"https:\/\/shapp.mx\/ludoteka\/wp-json\/wp\/v2\/product_brand?post=17285"},{"taxonomy":"product_cat","embeddable":true,"href":"https:\/\/shapp.mx\/ludoteka\/wp-json\/wp\/v2\/product_cat?post=17285"},{"taxonomy":"product_tag","embeddable":true,"href":"https:\/\/shapp.mx\/ludoteka\/wp-json\/wp\/v2\/product_tag?post=17285"},{"taxonomy":"editoriales","embeddable":true,"href":"https:\/\/shapp.mx\/ludoteka\/wp-json\/wp\/v2\/editoriales?post=17285"}],"curies":[{"name":"wp","href":"https:\/\/api.w.org\/{rel}","templated":true}]}}