{"id":17287,"date":"2023-04-21T16:31:56","date_gmt":"2023-04-21T22:31:56","guid":{"rendered":"https:\/\/arka.design\/ludoteka\/?post_type=product&#038;p=17287"},"modified":"2023-06-29T13:45:33","modified_gmt":"2023-06-29T19:45:33","slug":"dixit-odyssey","status":"publish","type":"product","link":"https:\/\/shapp.mx\/ludoteka\/producto\/dixit-odyssey\/","title":{"rendered":"Dixit Odyssey"},"content":{"rendered":"<p>Comparte la mesa con cinco de tus amigos y en la mano tienes unas letras extra\u00f1as cuyas ilustraciones son de belleza y ternura de pl\u00e1stico y pl\u00e1stico, pero tambi\u00e9n Terror y delirio. Luego, uno de tus colegas, Mira a los ojos mientras juega, dice:\u00bb Imaginaci\u00f3n para ocultar mientras que los SON\u00c1MBULOS asaltaban la ciudad. El resto de sus colegas observaron pensativamente sus cartas, y lentamente, dejando a uno de ellos sobre la mesa. En este momento todo el mundo se ve esper\u00e1ndote a algo. \u00bfTe has vuelto loco? Estas so\u00f1ando Bueno, un poco de las dos cosas. Est\u00e1s jugando a Dixit.<\/p>\n","protected":false},"excerpt":{"rendered":"<p>Comparte la mesa con cinco de tus amigos y en la mano tienes unas letras extra\u00f1as cuyas ilustraciones son de belleza y ternura de pl\u00e1stico y pl\u00e1stico, pero tambi\u00e9n Terror y delirio. Luego, uno de tus colegas, Mira a los ojos mientras juega, dice:\u00bb Imaginaci\u00f3n para ocultar mientras que los SON\u00c1MBULOS asaltaban la ciudad. El [&hellip;]<\/p>\n","protected":false},"featured_media":18376,"template":"","meta":{"inline_featured_image":false,"_juego_de_la_semana":"no","_idioma":"Espa\u00f1ol","_jugadores-minimos":"3","_jugadores-maximos":"12","_duracion-minima":"30","_duracion-maxima":"","_edad-recomendada":"8","_editorial":"Libellud","imagen-header":"19044","_precio-proveedor":"","_fecha-compra":0},"product_brand":[],"product_cat":[168,171],"product_tag":[],"editoriales":[186],"class_list":{"0":"post-17287","1":"product","2":"type-product","3":"status-publish","4":"has-post-thumbnail","6":"product_cat-juegos-de-cartas","7":"product_cat-party-game","8":"editoriales-libellud","10":"first","11":"instock","12":"shipping-taxable","13":"purchasable","14":"product-type-simple"},"_links":{"self":[{"href":"https:\/\/shapp.mx\/ludoteka\/wp-json\/wp\/v2\/product\/17287","targetHints":{"allow":["GET"]}}],"collection":[{"href":"https:\/\/shapp.mx\/ludoteka\/wp-json\/wp\/v2\/product"}],"about":[{"href":"https:\/\/shapp.mx\/ludoteka\/wp-json\/wp\/v2\/types\/product"}],"wp:featuredmedia":[{"embeddable":true,"href":"https:\/\/shapp.mx\/ludoteka\/wp-json\/wp\/v2\/media\/18376"}],"wp:attachment":[{"href":"https:\/\/shapp.mx\/ludoteka\/wp-json\/wp\/v2\/media?parent=17287"}],"wp:term":[{"taxonomy":"product_brand","embeddable":true,"href":"https:\/\/shapp.mx\/ludoteka\/wp-json\/wp\/v2\/product_brand?post=17287"},{"taxonomy":"product_cat","embeddable":true,"href":"https:\/\/shapp.mx\/ludoteka\/wp-json\/wp\/v2\/product_cat?post=17287"},{"taxonomy":"product_tag","embeddable":true,"href":"https:\/\/shapp.mx\/ludoteka\/wp-json\/wp\/v2\/product_tag?post=17287"},{"taxonomy":"editoriales","embeddable":true,"href":"https:\/\/shapp.mx\/ludoteka\/wp-json\/wp\/v2\/editoriales?post=17287"}],"curies":[{"name":"wp","href":"https:\/\/api.w.org\/{rel}","templated":true}]}}