{"id":17288,"date":"2023-04-21T16:31:56","date_gmt":"2023-04-21T22:31:56","guid":{"rendered":"https:\/\/arka.design\/ludoteka\/?post_type=product&#038;p=17288"},"modified":"2023-06-29T13:46:27","modified_gmt":"2023-06-29T19:46:27","slug":"dobble","status":"publish","type":"product","link":"https:\/\/shapp.mx\/ludoteka\/producto\/dobble\/","title":{"rendered":"Dobble"},"content":{"rendered":"<p>Dobble es un juego de cartas que se basa en la velocidad, observaci\u00f3n y reflejos, en el que los jugadores compiten por encontrar el s\u00edmbolo que coincide entre las cartas. Dobble se basa en la observaci\u00f3n y unos reflejos r\u00e1pidos, y es emocionante tanto para ni\u00f1os como para adultos, manteniendo a todos los jugadores involucrados en la partida<\/p>\n","protected":false},"excerpt":{"rendered":"<p>Dobble es un juego de cartas que se basa en la velocidad, observaci\u00f3n y reflejos, en el que los jugadores compiten por encontrar el s\u00edmbolo que coincide entre las cartas. Dobble se basa en la observaci\u00f3n y unos reflejos r\u00e1pidos, y es emocionante tanto para ni\u00f1os como para adultos, manteniendo a todos los jugadores involucrados [&hellip;]<\/p>\n","protected":false},"featured_media":18379,"template":"","meta":{"inline_featured_image":false,"_juego_de_la_semana":"no","_idioma":"Espa\u00f1ol","_jugadores-minimos":"2","_jugadores-maximos":"8","_duracion-minima":"15","_duracion-maxima":"","_edad-recomendada":"6","_editorial":"Asmodee","imagen-header":"19044","_precio-proveedor":"","_fecha-compra":0},"product_brand":[],"product_cat":[165,168,171],"product_tag":[],"editoriales":[182],"class_list":{"0":"post-17288","1":"product","2":"type-product","3":"status-publish","4":"has-post-thumbnail","6":"product_cat-infantil","7":"product_cat-juegos-de-cartas","8":"product_cat-party-game","9":"editoriales-asmodee","11":"first","12":"instock","13":"shipping-taxable","14":"purchasable","15":"product-type-simple"},"_links":{"self":[{"href":"https:\/\/shapp.mx\/ludoteka\/wp-json\/wp\/v2\/product\/17288","targetHints":{"allow":["GET"]}}],"collection":[{"href":"https:\/\/shapp.mx\/ludoteka\/wp-json\/wp\/v2\/product"}],"about":[{"href":"https:\/\/shapp.mx\/ludoteka\/wp-json\/wp\/v2\/types\/product"}],"wp:featuredmedia":[{"embeddable":true,"href":"https:\/\/shapp.mx\/ludoteka\/wp-json\/wp\/v2\/media\/18379"}],"wp:attachment":[{"href":"https:\/\/shapp.mx\/ludoteka\/wp-json\/wp\/v2\/media?parent=17288"}],"wp:term":[{"taxonomy":"product_brand","embeddable":true,"href":"https:\/\/shapp.mx\/ludoteka\/wp-json\/wp\/v2\/product_brand?post=17288"},{"taxonomy":"product_cat","embeddable":true,"href":"https:\/\/shapp.mx\/ludoteka\/wp-json\/wp\/v2\/product_cat?post=17288"},{"taxonomy":"product_tag","embeddable":true,"href":"https:\/\/shapp.mx\/ludoteka\/wp-json\/wp\/v2\/product_tag?post=17288"},{"taxonomy":"editoriales","embeddable":true,"href":"https:\/\/shapp.mx\/ludoteka\/wp-json\/wp\/v2\/editoriales?post=17288"}],"curies":[{"name":"wp","href":"https:\/\/api.w.org\/{rel}","templated":true}]}}