{"id":17290,"date":"2023-04-21T16:31:56","date_gmt":"2023-04-21T22:31:56","guid":{"rendered":"https:\/\/arka.design\/ludoteka\/?post_type=product&#038;p=17290"},"modified":"2023-06-29T13:48:47","modified_gmt":"2023-06-29T19:48:47","slug":"draftosaurios","status":"publish","type":"product","link":"https:\/\/shapp.mx\/ludoteka\/producto\/draftosaurios\/","title":{"rendered":"Draftosaurios"},"content":{"rendered":"<p>Tu objetivo en Draftosaurus es tener el parque de dinosaurios m\u00e1s probable que atraiga a los visitantes. Para hacerlo, tienes que redactar meeples dino y colocarlos en bol\u00edgrafos que tengan algunas restricciones de colocaci\u00f3n. Cada turno, uno de los jugadores rodar un troquel y esto a\u00f1ade una restricci\u00f3n a la que los bol\u00edgrafos cualquier otro jugador puede agregar su dinosaurio.<\/p>\n","protected":false},"excerpt":{"rendered":"<p>Tu objetivo en Draftosaurus es tener el parque de dinosaurios m\u00e1s probable que atraiga a los visitantes. Para hacerlo, tienes que redactar meeples dino y colocarlos en bol\u00edgrafos que tengan algunas restricciones de colocaci\u00f3n. Cada turno, uno de los jugadores rodar un troquel y esto a\u00f1ade una restricci\u00f3n a la que los bol\u00edgrafos cualquier otro [&hellip;]<\/p>\n","protected":false},"featured_media":18380,"template":"","meta":{"inline_featured_image":false,"_juego_de_la_semana":"no","_idioma":"Espa\u00f1ol","_jugadores-minimos":"2","_jugadores-maximos":"5","_duracion-minima":"15","_duracion-maxima":"","_edad-recomendada":"8","_editorial":"","imagen-header":"19044","_precio-proveedor":"","_fecha-compra":0},"product_brand":[],"product_cat":[161],"product_tag":[],"editoriales":[],"class_list":{"0":"post-17290","1":"product","2":"type-product","3":"status-publish","4":"has-post-thumbnail","6":"product_cat-dados","8":"first","9":"instock","10":"shipping-taxable","11":"purchasable","12":"product-type-simple"},"_links":{"self":[{"href":"https:\/\/shapp.mx\/ludoteka\/wp-json\/wp\/v2\/product\/17290","targetHints":{"allow":["GET"]}}],"collection":[{"href":"https:\/\/shapp.mx\/ludoteka\/wp-json\/wp\/v2\/product"}],"about":[{"href":"https:\/\/shapp.mx\/ludoteka\/wp-json\/wp\/v2\/types\/product"}],"wp:featuredmedia":[{"embeddable":true,"href":"https:\/\/shapp.mx\/ludoteka\/wp-json\/wp\/v2\/media\/18380"}],"wp:attachment":[{"href":"https:\/\/shapp.mx\/ludoteka\/wp-json\/wp\/v2\/media?parent=17290"}],"wp:term":[{"taxonomy":"product_brand","embeddable":true,"href":"https:\/\/shapp.mx\/ludoteka\/wp-json\/wp\/v2\/product_brand?post=17290"},{"taxonomy":"product_cat","embeddable":true,"href":"https:\/\/shapp.mx\/ludoteka\/wp-json\/wp\/v2\/product_cat?post=17290"},{"taxonomy":"product_tag","embeddable":true,"href":"https:\/\/shapp.mx\/ludoteka\/wp-json\/wp\/v2\/product_tag?post=17290"},{"taxonomy":"editoriales","embeddable":true,"href":"https:\/\/shapp.mx\/ludoteka\/wp-json\/wp\/v2\/editoriales?post=17290"}],"curies":[{"name":"wp","href":"https:\/\/api.w.org\/{rel}","templated":true}]}}