{"id":17291,"date":"2023-04-21T16:31:57","date_gmt":"2023-04-21T22:31:57","guid":{"rendered":"https:\/\/arka.design\/ludoteka\/?post_type=product&#038;p=17291"},"modified":"2023-07-01T14:24:20","modified_gmt":"2023-07-01T20:24:20","slug":"exploding-kittens","status":"publish","type":"product","link":"https:\/\/shapp.mx\/ludoteka\/producto\/exploding-kittens\/","title":{"rendered":"Exploding kittens"},"content":{"rendered":"<p>Es un juego de cartas para personas que les gustan los gatitos, las explosiones y los l\u00e1seres, y a veces cabras. En esta versi\u00f3n altamente estrat\u00e9gica y potenciada por gatitos de la ruleta rusa, los jugadores toman cartas hasta que alguien encuentra un \u00abExploding Kitten\u00bb, en cuyo momento explotan, est\u00e1n muertos y est\u00e1n fuera del juego, a menos que ese jugador tenga una carta de desactivaci\u00f3n, que puede desactivar al gatito utilizando punteros l\u00e1ser, frotes de vientre y s\u00e1ndwiches de hierba gatera. Todas las otras cartas de la baraja se utilizan para mover, mitigar o evitar a los gatitos que explotan. Exploding Kittens es el juego m\u00e1s financiado en la historia de Kickstarter, y ha allanado el camino para la paz y la tranquilidad en el mundo moderno.<\/p>\n","protected":false},"excerpt":{"rendered":"<p>Es un juego de cartas para personas que les gustan los gatitos, las explosiones y los l\u00e1seres, y a veces cabras. En esta versi\u00f3n altamente estrat\u00e9gica y potenciada por gatitos de la ruleta rusa, los jugadores toman cartas hasta que alguien encuentra un \u00abExploding Kitten\u00bb, en cuyo momento explotan, est\u00e1n muertos y est\u00e1n fuera del [&hellip;]<\/p>\n","protected":false},"featured_media":18382,"template":"","meta":{"inline_featured_image":false,"_juego_de_la_semana":"no","_idioma":"Ingles","_jugadores-minimos":"2","_jugadores-maximos":"5","_duracion-minima":"15","_duracion-maxima":"","_edad-recomendada":"7","_editorial":"","imagen-header":"19044","_precio-proveedor":"","_fecha-compra":0},"product_brand":[],"product_cat":[168],"product_tag":[],"editoriales":[],"class_list":{"0":"post-17291","1":"product","2":"type-product","3":"status-publish","4":"has-post-thumbnail","6":"product_cat-juegos-de-cartas","8":"first","9":"instock","10":"shipping-taxable","11":"product-type-simple"},"_links":{"self":[{"href":"https:\/\/shapp.mx\/ludoteka\/wp-json\/wp\/v2\/product\/17291","targetHints":{"allow":["GET"]}}],"collection":[{"href":"https:\/\/shapp.mx\/ludoteka\/wp-json\/wp\/v2\/product"}],"about":[{"href":"https:\/\/shapp.mx\/ludoteka\/wp-json\/wp\/v2\/types\/product"}],"wp:featuredmedia":[{"embeddable":true,"href":"https:\/\/shapp.mx\/ludoteka\/wp-json\/wp\/v2\/media\/18382"}],"wp:attachment":[{"href":"https:\/\/shapp.mx\/ludoteka\/wp-json\/wp\/v2\/media?parent=17291"}],"wp:term":[{"taxonomy":"product_brand","embeddable":true,"href":"https:\/\/shapp.mx\/ludoteka\/wp-json\/wp\/v2\/product_brand?post=17291"},{"taxonomy":"product_cat","embeddable":true,"href":"https:\/\/shapp.mx\/ludoteka\/wp-json\/wp\/v2\/product_cat?post=17291"},{"taxonomy":"product_tag","embeddable":true,"href":"https:\/\/shapp.mx\/ludoteka\/wp-json\/wp\/v2\/product_tag?post=17291"},{"taxonomy":"editoriales","embeddable":true,"href":"https:\/\/shapp.mx\/ludoteka\/wp-json\/wp\/v2\/editoriales?post=17291"}],"curies":[{"name":"wp","href":"https:\/\/api.w.org\/{rel}","templated":true}]}}