{"id":17292,"date":"2023-04-21T16:31:57","date_gmt":"2023-04-21T22:31:57","guid":{"rendered":"https:\/\/arka.design\/ludoteka\/?post_type=product&#038;p=17292"},"modified":"2023-06-29T13:43:36","modified_gmt":"2023-06-29T19:43:36","slug":"fantasma-blitz","status":"publish","type":"product","link":"https:\/\/shapp.mx\/ludoteka\/producto\/fantasma-blitz\/","title":{"rendered":"Fantasma Blitz"},"content":{"rendered":"<p><span data-sheets-value=\"{&quot;1&quot;:2,&quot;2&quot;:&quot;Les presentamos a Balduin, el juguet\u00f3n fantasma que le encanta hacerle bromas a los habitantes de la casa desapareciendo cosas. Un d\u00eda Balduin encontr\u00f3 una vieja c\u00e1mara en el s\u00f3tano e inmediatamente fotografi\u00f3 sus objetos favoritos para desaparecer, incluido \u00e9l mismo, por supuesto. Desafortunadamente, la c\u00e1mara no funciona del todo bien y en ocasiones toma los colores incorrectos y ahora Balduin ya no recuerda cu\u00e1l quer\u00eda hacer desaparecer a continuaci\u00f3n. \u00bfPuedes ayudarlo y ser el primero en tomar el objeto correcto? Fantasma Blitz es un juego divertido y r\u00e1pido para toda la familia. Este juego pondr\u00e1 a prueba nuestros reflejos y nuestra habilidad de deducci\u00f3n. Fantasma Blitz incluye cinco objetos de madera a los que debemos prestar mucha atenci\u00f3n: un fantasma blanco, una botella verde, un rat\u00f3n gris, un libro azul y un sill\u00f3n rojo. Tambi\u00e9n incluye una baraja de cartas en la que aparecen dos de los objetos y nos dir\u00e1n cu\u00e1l debemos de tomar antes que los dem\u00e1s. \u00bfC\u00f3mo sabemos cu\u00e1l de los dos? Muy f\u00e1cil, uno de ellos aparece en su color correcto, ese es el que debemos de tomar. Pero esperen \u00bfrecuerdan que dijimos que la c\u00e1mara estaba defectuosa? En ocasiones en la fotograf\u00eda ninguno de los objetos tiene el color adecuado. En esos casos lo que debemos de buscar es el objeto que no aparece en la fotograf\u00eda ni tampoco est\u00e1 su color. El primer jugador en agarrar el objeto correcto ganar\u00e1 la carta, pero si se equivoca, deber\u00e1 regresar una de las cartas que hab\u00eda ganado anteriormente. Al final de la partida ganar\u00e1 aquel jugador que tenga m\u00e1s cartas. \u00bfCrees poder ser m\u00e1s r\u00e1pido en identificar el objeto correcto? Fantasma Blitz es un juego que sin importar tu edad har\u00e1 que te diviertas y quieras jugar otra vez.&quot;}\" data-sheets-userformat=\"{&quot;2&quot;:2,&quot;4&quot;:{&quot;1&quot;:2,&quot;2&quot;:16637160}}\">Les presentamos a Balduin, el juguet\u00f3n fantasma que le encanta hacerle bromas a los habitantes de la casa desapareciendo cosas. Un d\u00eda Balduin encontr\u00f3 una vieja c\u00e1mara en el s\u00f3tano e inmediatamente fotografi\u00f3 sus objetos favoritos para desaparecer, incluido \u00e9l mismo, por supuesto. Desafortunadamente, la c\u00e1mara no funciona del todo bien y en ocasiones toma los colores incorrectos y ahora Balduin ya no recuerda cu\u00e1l quer\u00eda hacer desaparecer a continuaci\u00f3n.<br \/>\n\u00bfPuedes ayudarlo y ser el primero en tomar el objeto correcto? Fantasma Blitz es un juego divertido y r\u00e1pido para toda la familia.<\/span><\/p>\n<p><span data-sheets-value=\"{&quot;1&quot;:2,&quot;2&quot;:&quot;Les presentamos a Balduin, el juguet\u00f3n fantasma que le encanta hacerle bromas a los habitantes de la casa desapareciendo cosas. Un d\u00eda Balduin encontr\u00f3 una vieja c\u00e1mara en el s\u00f3tano e inmediatamente fotografi\u00f3 sus objetos favoritos para desaparecer, incluido \u00e9l mismo, por supuesto. Desafortunadamente, la c\u00e1mara no funciona del todo bien y en ocasiones toma los colores incorrectos y ahora Balduin ya no recuerda cu\u00e1l quer\u00eda hacer desaparecer a continuaci\u00f3n. \u00bfPuedes ayudarlo y ser el primero en tomar el objeto correcto? Fantasma Blitz es un juego divertido y r\u00e1pido para toda la familia. Este juego pondr\u00e1 a prueba nuestros reflejos y nuestra habilidad de deducci\u00f3n. Fantasma Blitz incluye cinco objetos de madera a los que debemos prestar mucha atenci\u00f3n: un fantasma blanco, una botella verde, un rat\u00f3n gris, un libro azul y un sill\u00f3n rojo. Tambi\u00e9n incluye una baraja de cartas en la que aparecen dos de los objetos y nos dir\u00e1n cu\u00e1l debemos de tomar antes que los dem\u00e1s. \u00bfC\u00f3mo sabemos cu\u00e1l de los dos? Muy f\u00e1cil, uno de ellos aparece en su color correcto, ese es el que debemos de tomar. Pero esperen \u00bfrecuerdan que dijimos que la c\u00e1mara estaba defectuosa? En ocasiones en la fotograf\u00eda ninguno de los objetos tiene el color adecuado. En esos casos lo que debemos de buscar es el objeto que no aparece en la fotograf\u00eda ni tampoco est\u00e1 su color. El primer jugador en agarrar el objeto correcto ganar\u00e1 la carta, pero si se equivoca, deber\u00e1 regresar una de las cartas que hab\u00eda ganado anteriormente. Al final de la partida ganar\u00e1 aquel jugador que tenga m\u00e1s cartas. \u00bfCrees poder ser m\u00e1s r\u00e1pido en identificar el objeto correcto? Fantasma Blitz es un juego que sin importar tu edad har\u00e1 que te diviertas y quieras jugar otra vez.&quot;}\" data-sheets-userformat=\"{&quot;2&quot;:2,&quot;4&quot;:{&quot;1&quot;:2,&quot;2&quot;:16637160}}\">Este juego pondr\u00e1 a prueba nuestros reflejos y nuestra habilidad de deducci\u00f3n. Fantasma Blitz incluye cinco objetos de madera a los que debemos prestar mucha atenci\u00f3n: un fantasma blanco, una botella verde, un rat\u00f3n gris, un libro azul y un sill\u00f3n rojo. Tambi\u00e9n incluye una baraja de cartas en la que aparecen dos de los objetos y nos dir\u00e1n cu\u00e1l debemos de tomar antes que los dem\u00e1s.<\/span><\/p>\n<p><span data-sheets-value=\"{&quot;1&quot;:2,&quot;2&quot;:&quot;Les presentamos a Balduin, el juguet\u00f3n fantasma que le encanta hacerle bromas a los habitantes de la casa desapareciendo cosas. Un d\u00eda Balduin encontr\u00f3 una vieja c\u00e1mara en el s\u00f3tano e inmediatamente fotografi\u00f3 sus objetos favoritos para desaparecer, incluido \u00e9l mismo, por supuesto. Desafortunadamente, la c\u00e1mara no funciona del todo bien y en ocasiones toma los colores incorrectos y ahora Balduin ya no recuerda cu\u00e1l quer\u00eda hacer desaparecer a continuaci\u00f3n. \u00bfPuedes ayudarlo y ser el primero en tomar el objeto correcto? Fantasma Blitz es un juego divertido y r\u00e1pido para toda la familia. Este juego pondr\u00e1 a prueba nuestros reflejos y nuestra habilidad de deducci\u00f3n. Fantasma Blitz incluye cinco objetos de madera a los que debemos prestar mucha atenci\u00f3n: un fantasma blanco, una botella verde, un rat\u00f3n gris, un libro azul y un sill\u00f3n rojo. Tambi\u00e9n incluye una baraja de cartas en la que aparecen dos de los objetos y nos dir\u00e1n cu\u00e1l debemos de tomar antes que los dem\u00e1s. \u00bfC\u00f3mo sabemos cu\u00e1l de los dos? Muy f\u00e1cil, uno de ellos aparece en su color correcto, ese es el que debemos de tomar. Pero esperen \u00bfrecuerdan que dijimos que la c\u00e1mara estaba defectuosa? En ocasiones en la fotograf\u00eda ninguno de los objetos tiene el color adecuado. En esos casos lo que debemos de buscar es el objeto que no aparece en la fotograf\u00eda ni tampoco est\u00e1 su color. El primer jugador en agarrar el objeto correcto ganar\u00e1 la carta, pero si se equivoca, deber\u00e1 regresar una de las cartas que hab\u00eda ganado anteriormente. Al final de la partida ganar\u00e1 aquel jugador que tenga m\u00e1s cartas. \u00bfCrees poder ser m\u00e1s r\u00e1pido en identificar el objeto correcto? Fantasma Blitz es un juego que sin importar tu edad har\u00e1 que te diviertas y quieras jugar otra vez.&quot;}\" data-sheets-userformat=\"{&quot;2&quot;:2,&quot;4&quot;:{&quot;1&quot;:2,&quot;2&quot;:16637160}}\">\u00bfC\u00f3mo sabemos cu\u00e1l de los dos? Muy f\u00e1cil, uno de ellos aparece en su color correcto, ese es el que debemos de tomar. Pero esperen \u00bfrecuerdan que dijimos que la c\u00e1mara estaba defectuosa?<\/span><\/p>\n<p><span data-sheets-value=\"{&quot;1&quot;:2,&quot;2&quot;:&quot;Les presentamos a Balduin, el juguet\u00f3n fantasma que le encanta hacerle bromas a los habitantes de la casa desapareciendo cosas. Un d\u00eda Balduin encontr\u00f3 una vieja c\u00e1mara en el s\u00f3tano e inmediatamente fotografi\u00f3 sus objetos favoritos para desaparecer, incluido \u00e9l mismo, por supuesto. Desafortunadamente, la c\u00e1mara no funciona del todo bien y en ocasiones toma los colores incorrectos y ahora Balduin ya no recuerda cu\u00e1l quer\u00eda hacer desaparecer a continuaci\u00f3n. \u00bfPuedes ayudarlo y ser el primero en tomar el objeto correcto? Fantasma Blitz es un juego divertido y r\u00e1pido para toda la familia. Este juego pondr\u00e1 a prueba nuestros reflejos y nuestra habilidad de deducci\u00f3n. Fantasma Blitz incluye cinco objetos de madera a los que debemos prestar mucha atenci\u00f3n: un fantasma blanco, una botella verde, un rat\u00f3n gris, un libro azul y un sill\u00f3n rojo. Tambi\u00e9n incluye una baraja de cartas en la que aparecen dos de los objetos y nos dir\u00e1n cu\u00e1l debemos de tomar antes que los dem\u00e1s. \u00bfC\u00f3mo sabemos cu\u00e1l de los dos? Muy f\u00e1cil, uno de ellos aparece en su color correcto, ese es el que debemos de tomar. Pero esperen \u00bfrecuerdan que dijimos que la c\u00e1mara estaba defectuosa? En ocasiones en la fotograf\u00eda ninguno de los objetos tiene el color adecuado. En esos casos lo que debemos de buscar es el objeto que no aparece en la fotograf\u00eda ni tampoco est\u00e1 su color. El primer jugador en agarrar el objeto correcto ganar\u00e1 la carta, pero si se equivoca, deber\u00e1 regresar una de las cartas que hab\u00eda ganado anteriormente. Al final de la partida ganar\u00e1 aquel jugador que tenga m\u00e1s cartas. \u00bfCrees poder ser m\u00e1s r\u00e1pido en identificar el objeto correcto? Fantasma Blitz es un juego que sin importar tu edad har\u00e1 que te diviertas y quieras jugar otra vez.&quot;}\" data-sheets-userformat=\"{&quot;2&quot;:2,&quot;4&quot;:{&quot;1&quot;:2,&quot;2&quot;:16637160}}\">En ocasiones en la fotograf\u00eda ninguno de los objetos tiene el color adecuado. En esos casos lo que debemos de buscar es el objeto que no aparece en la fotograf\u00eda ni tampoco est\u00e1 su color. El primer jugador en agarrar el objeto correcto ganar\u00e1 la carta, pero si se equivoca, deber\u00e1 regresar una de las cartas que hab\u00eda ganado anteriormente.<\/span><\/p>\n<p><span data-sheets-value=\"{&quot;1&quot;:2,&quot;2&quot;:&quot;Les presentamos a Balduin, el juguet\u00f3n fantasma que le encanta hacerle bromas a los habitantes de la casa desapareciendo cosas. Un d\u00eda Balduin encontr\u00f3 una vieja c\u00e1mara en el s\u00f3tano e inmediatamente fotografi\u00f3 sus objetos favoritos para desaparecer, incluido \u00e9l mismo, por supuesto. Desafortunadamente, la c\u00e1mara no funciona del todo bien y en ocasiones toma los colores incorrectos y ahora Balduin ya no recuerda cu\u00e1l quer\u00eda hacer desaparecer a continuaci\u00f3n. \u00bfPuedes ayudarlo y ser el primero en tomar el objeto correcto? Fantasma Blitz es un juego divertido y r\u00e1pido para toda la familia. Este juego pondr\u00e1 a prueba nuestros reflejos y nuestra habilidad de deducci\u00f3n. Fantasma Blitz incluye cinco objetos de madera a los que debemos prestar mucha atenci\u00f3n: un fantasma blanco, una botella verde, un rat\u00f3n gris, un libro azul y un sill\u00f3n rojo. Tambi\u00e9n incluye una baraja de cartas en la que aparecen dos de los objetos y nos dir\u00e1n cu\u00e1l debemos de tomar antes que los dem\u00e1s. \u00bfC\u00f3mo sabemos cu\u00e1l de los dos? Muy f\u00e1cil, uno de ellos aparece en su color correcto, ese es el que debemos de tomar. Pero esperen \u00bfrecuerdan que dijimos que la c\u00e1mara estaba defectuosa? En ocasiones en la fotograf\u00eda ninguno de los objetos tiene el color adecuado. En esos casos lo que debemos de buscar es el objeto que no aparece en la fotograf\u00eda ni tampoco est\u00e1 su color. El primer jugador en agarrar el objeto correcto ganar\u00e1 la carta, pero si se equivoca, deber\u00e1 regresar una de las cartas que hab\u00eda ganado anteriormente. Al final de la partida ganar\u00e1 aquel jugador que tenga m\u00e1s cartas. \u00bfCrees poder ser m\u00e1s r\u00e1pido en identificar el objeto correcto? Fantasma Blitz es un juego que sin importar tu edad har\u00e1 que te diviertas y quieras jugar otra vez.&quot;}\" data-sheets-userformat=\"{&quot;2&quot;:2,&quot;4&quot;:{&quot;1&quot;:2,&quot;2&quot;:16637160}}\">Al final de la partida ganar\u00e1 aquel jugador que tenga m\u00e1s cartas. \u00bfCrees poder ser m\u00e1s r\u00e1pido en identificar el objeto correcto?<\/span><\/p>\n<p><span data-sheets-value=\"{&quot;1&quot;:2,&quot;2&quot;:&quot;Les presentamos a Balduin, el juguet\u00f3n fantasma que le encanta hacerle bromas a los habitantes de la casa desapareciendo cosas. Un d\u00eda Balduin encontr\u00f3 una vieja c\u00e1mara en el s\u00f3tano e inmediatamente fotografi\u00f3 sus objetos favoritos para desaparecer, incluido \u00e9l mismo, por supuesto. Desafortunadamente, la c\u00e1mara no funciona del todo bien y en ocasiones toma los colores incorrectos y ahora Balduin ya no recuerda cu\u00e1l quer\u00eda hacer desaparecer a continuaci\u00f3n. \u00bfPuedes ayudarlo y ser el primero en tomar el objeto correcto? Fantasma Blitz es un juego divertido y r\u00e1pido para toda la familia. Este juego pondr\u00e1 a prueba nuestros reflejos y nuestra habilidad de deducci\u00f3n. Fantasma Blitz incluye cinco objetos de madera a los que debemos prestar mucha atenci\u00f3n: un fantasma blanco, una botella verde, un rat\u00f3n gris, un libro azul y un sill\u00f3n rojo. Tambi\u00e9n incluye una baraja de cartas en la que aparecen dos de los objetos y nos dir\u00e1n cu\u00e1l debemos de tomar antes que los dem\u00e1s. \u00bfC\u00f3mo sabemos cu\u00e1l de los dos? Muy f\u00e1cil, uno de ellos aparece en su color correcto, ese es el que debemos de tomar. Pero esperen \u00bfrecuerdan que dijimos que la c\u00e1mara estaba defectuosa? En ocasiones en la fotograf\u00eda ninguno de los objetos tiene el color adecuado. En esos casos lo que debemos de buscar es el objeto que no aparece en la fotograf\u00eda ni tampoco est\u00e1 su color. El primer jugador en agarrar el objeto correcto ganar\u00e1 la carta, pero si se equivoca, deber\u00e1 regresar una de las cartas que hab\u00eda ganado anteriormente. Al final de la partida ganar\u00e1 aquel jugador que tenga m\u00e1s cartas. \u00bfCrees poder ser m\u00e1s r\u00e1pido en identificar el objeto correcto? Fantasma Blitz es un juego que sin importar tu edad har\u00e1 que te diviertas y quieras jugar otra vez.&quot;}\" data-sheets-userformat=\"{&quot;2&quot;:2,&quot;4&quot;:{&quot;1&quot;:2,&quot;2&quot;:16637160}}\">Fantasma Blitz es un juego que sin importar tu edad har\u00e1 que te diviertas y quieras jugar otra vez.<\/span><\/p>\n","protected":false},"excerpt":{"rendered":"<p>Les presentamos a Balduin, el juguet\u00f3n fantasma que le encanta hacerle bromas a los habitantes de la casa desapareciendo cosas. Un d\u00eda Balduin encontr\u00f3 una vieja c\u00e1mara en el s\u00f3tano e inmediatamente fotografi\u00f3 sus objetos favoritos para desaparecer, incluido \u00e9l mismo, por supuesto. Desafortunadamente, la c\u00e1mara no funciona del todo bien y en ocasiones toma [&hellip;]<\/p>\n","protected":false},"featured_media":18383,"template":"","meta":{"inline_featured_image":false,"_juego_de_la_semana":"no","_idioma":"Espa\u00f1ol","_jugadores-minimos":"2","_jugadores-maximos":"8","_duracion-minima":"20","_duracion-maxima":"30","_edad-recomendada":"6","_editorial":"Devir","imagen-header":"19044","_precio-proveedor":"","_fecha-compra":0},"product_brand":[],"product_cat":[171],"product_tag":[],"editoriales":[184],"class_list":{"0":"post-17292","1":"product","2":"type-product","3":"status-publish","4":"has-post-thumbnail","6":"product_cat-party-game","7":"editoriales-devir","9":"first","10":"instock","11":"shipping-taxable","12":"purchasable","13":"product-type-simple"},"_links":{"self":[{"href":"https:\/\/shapp.mx\/ludoteka\/wp-json\/wp\/v2\/product\/17292","targetHints":{"allow":["GET"]}}],"collection":[{"href":"https:\/\/shapp.mx\/ludoteka\/wp-json\/wp\/v2\/product"}],"about":[{"href":"https:\/\/shapp.mx\/ludoteka\/wp-json\/wp\/v2\/types\/product"}],"wp:featuredmedia":[{"embeddable":true,"href":"https:\/\/shapp.mx\/ludoteka\/wp-json\/wp\/v2\/media\/18383"}],"wp:attachment":[{"href":"https:\/\/shapp.mx\/ludoteka\/wp-json\/wp\/v2\/media?parent=17292"}],"wp:term":[{"taxonomy":"product_brand","embeddable":true,"href":"https:\/\/shapp.mx\/ludoteka\/wp-json\/wp\/v2\/product_brand?post=17292"},{"taxonomy":"product_cat","embeddable":true,"href":"https:\/\/shapp.mx\/ludoteka\/wp-json\/wp\/v2\/product_cat?post=17292"},{"taxonomy":"product_tag","embeddable":true,"href":"https:\/\/shapp.mx\/ludoteka\/wp-json\/wp\/v2\/product_tag?post=17292"},{"taxonomy":"editoriales","embeddable":true,"href":"https:\/\/shapp.mx\/ludoteka\/wp-json\/wp\/v2\/editoriales?post=17292"}],"curies":[{"name":"wp","href":"https:\/\/api.w.org\/{rel}","templated":true}]}}