{"id":17293,"date":"2023-04-21T16:31:57","date_gmt":"2023-04-21T22:31:57","guid":{"rendered":"https:\/\/arka.design\/ludoteka\/?post_type=product&#038;p=17293"},"modified":"2023-06-29T13:41:43","modified_gmt":"2023-06-29T19:41:43","slug":"halli-galli","status":"publish","type":"product","link":"https:\/\/shapp.mx\/ludoteka\/producto\/halli-galli\/","title":{"rendered":"Halli Galli"},"content":{"rendered":"<p>As\u00ed de f\u00e1cil se juega a este famoso juego de rapidez: un timbre en mitad de la mesa, un mont\u00f3n de cartas para cada jugador y en cuanto salgan exactamente cinco frutas del mismo tipo, \u00a1a por el timbre! \u00a1Ganar\u00e1 el jugador m\u00e1s r\u00e1pido!<\/p>\n","protected":false},"excerpt":{"rendered":"<p>As\u00ed de f\u00e1cil se juega a este famoso juego de rapidez: un timbre en mitad de la mesa, un mont\u00f3n de cartas para cada jugador y en cuanto salgan exactamente cinco frutas del mismo tipo, \u00a1a por el timbre! \u00a1Ganar\u00e1 el jugador m\u00e1s r\u00e1pido!<\/p>\n","protected":false},"featured_media":18386,"template":"","meta":{"inline_featured_image":false,"_juego_de_la_semana":"no","_idioma":"Espa\u00f1ol","_jugadores-minimos":"2","_jugadores-maximos":"6","_duracion-minima":"15","_duracion-maxima":"","_edad-recomendada":"6","_editorial":"Amigo","imagen-header":"19044","_precio-proveedor":"","_fecha-compra":0},"product_brand":[],"product_cat":[168,171],"product_tag":[],"editoriales":[181],"class_list":{"0":"post-17293","1":"product","2":"type-product","3":"status-publish","4":"has-post-thumbnail","6":"product_cat-juegos-de-cartas","7":"product_cat-party-game","8":"editoriales-amigo","10":"first","11":"instock","12":"shipping-taxable","13":"purchasable","14":"product-type-simple"},"_links":{"self":[{"href":"https:\/\/shapp.mx\/ludoteka\/wp-json\/wp\/v2\/product\/17293","targetHints":{"allow":["GET"]}}],"collection":[{"href":"https:\/\/shapp.mx\/ludoteka\/wp-json\/wp\/v2\/product"}],"about":[{"href":"https:\/\/shapp.mx\/ludoteka\/wp-json\/wp\/v2\/types\/product"}],"wp:featuredmedia":[{"embeddable":true,"href":"https:\/\/shapp.mx\/ludoteka\/wp-json\/wp\/v2\/media\/18386"}],"wp:attachment":[{"href":"https:\/\/shapp.mx\/ludoteka\/wp-json\/wp\/v2\/media?parent=17293"}],"wp:term":[{"taxonomy":"product_brand","embeddable":true,"href":"https:\/\/shapp.mx\/ludoteka\/wp-json\/wp\/v2\/product_brand?post=17293"},{"taxonomy":"product_cat","embeddable":true,"href":"https:\/\/shapp.mx\/ludoteka\/wp-json\/wp\/v2\/product_cat?post=17293"},{"taxonomy":"product_tag","embeddable":true,"href":"https:\/\/shapp.mx\/ludoteka\/wp-json\/wp\/v2\/product_tag?post=17293"},{"taxonomy":"editoriales","embeddable":true,"href":"https:\/\/shapp.mx\/ludoteka\/wp-json\/wp\/v2\/editoriales?post=17293"}],"curies":[{"name":"wp","href":"https:\/\/api.w.org\/{rel}","templated":true}]}}