{"id":17294,"date":"2023-04-21T16:31:57","date_gmt":"2023-04-21T22:31:57","guid":{"rendered":"https:\/\/arka.design\/ludoteka\/?post_type=product&#038;p=17294"},"modified":"2023-06-29T13:38:10","modified_gmt":"2023-06-29T19:38:10","slug":"hombres-lobos","status":"publish","type":"product","link":"https:\/\/shapp.mx\/ludoteka\/producto\/hombres-lobos\/","title":{"rendered":"Hombres Lobos"},"content":{"rendered":"<p>Juego de rol, cartas con diferentes personajes pueden jugar hasta 18 jugadores para descubrir quienes son los lobos que atacan cada noche la aldea. El juego no es apto para ni\u00f1os menores de 3 a\u00f1os.<\/p>\n<p>Puedes encontrar a los hombres lobo antes de que sea demasiado tarde? La peque\u00f1a aldea est\u00e1 acosada por monstruosos enemigos escondidos en medio de ellos. Organiza a la gente del pueblo y descubre el mal disfrazado, de modo que puedas matar a las bestias antes de que reclamen todo el pueblo, y traer el silencio eterno al pueblo para siempre. Hombres Lobos es un juego que se desarrolla en un peque\u00f1o pueblo que est\u00e1 atormentado por hombres lobo. A cada jugador se le asigna un rol de forma secreta: hombre lobo, gente com\u00fan de la ciudad o un personaje especial como el Sheriff, el Cazador, la Bruja, la Ni\u00f1a, el Adivino, etc. Este juego de misterio de asesinato es perfecto para cualquier noche de juego<\/p>\n","protected":false},"excerpt":{"rendered":"<p>Juego de rol, cartas con diferentes personajes pueden jugar hasta 18 jugadores para descubrir quienes son los lobos que atacan cada noche la aldea. El juego no es apto para ni\u00f1os menores de 3 a\u00f1os. Puedes encontrar a los hombres lobo antes de que sea demasiado tarde? La peque\u00f1a aldea est\u00e1 acosada por monstruosos enemigos [&hellip;]<\/p>\n","protected":false},"featured_media":18388,"template":"","meta":{"inline_featured_image":false,"_juego_de_la_semana":"no","_idioma":"Espa\u00f1ol","_jugadores-minimos":"8","_jugadores-maximos":"18","_duracion-minima":"30","_duracion-maxima":"","_edad-recomendada":"10","_editorial":"Asmodee","imagen-header":"19044","_precio-proveedor":"","_fecha-compra":0},"product_brand":[],"product_cat":[171],"product_tag":[],"editoriales":[182],"class_list":{"0":"post-17294","1":"product","2":"type-product","3":"status-publish","4":"has-post-thumbnail","6":"product_cat-party-game","7":"editoriales-asmodee","9":"first","10":"instock","11":"shipping-taxable","12":"purchasable","13":"product-type-simple"},"_links":{"self":[{"href":"https:\/\/shapp.mx\/ludoteka\/wp-json\/wp\/v2\/product\/17294","targetHints":{"allow":["GET"]}}],"collection":[{"href":"https:\/\/shapp.mx\/ludoteka\/wp-json\/wp\/v2\/product"}],"about":[{"href":"https:\/\/shapp.mx\/ludoteka\/wp-json\/wp\/v2\/types\/product"}],"wp:featuredmedia":[{"embeddable":true,"href":"https:\/\/shapp.mx\/ludoteka\/wp-json\/wp\/v2\/media\/18388"}],"wp:attachment":[{"href":"https:\/\/shapp.mx\/ludoteka\/wp-json\/wp\/v2\/media?parent=17294"}],"wp:term":[{"taxonomy":"product_brand","embeddable":true,"href":"https:\/\/shapp.mx\/ludoteka\/wp-json\/wp\/v2\/product_brand?post=17294"},{"taxonomy":"product_cat","embeddable":true,"href":"https:\/\/shapp.mx\/ludoteka\/wp-json\/wp\/v2\/product_cat?post=17294"},{"taxonomy":"product_tag","embeddable":true,"href":"https:\/\/shapp.mx\/ludoteka\/wp-json\/wp\/v2\/product_tag?post=17294"},{"taxonomy":"editoriales","embeddable":true,"href":"https:\/\/shapp.mx\/ludoteka\/wp-json\/wp\/v2\/editoriales?post=17294"}],"curies":[{"name":"wp","href":"https:\/\/api.w.org\/{rel}","templated":true}]}}