{"id":17295,"date":"2023-04-21T16:31:57","date_gmt":"2023-04-21T22:31:57","guid":{"rendered":"https:\/\/arka.design\/ludoteka\/?post_type=product&#038;p=17295"},"modified":"2023-06-29T13:35:33","modified_gmt":"2023-06-29T19:35:33","slug":"imagine","status":"publish","type":"product","link":"https:\/\/shapp.mx\/ludoteka\/producto\/imagine\/","title":{"rendered":"Imagine"},"content":{"rendered":"<p>Un juego donde el l\u00edmite lo pone tu imaginaci\u00f3n. Prep\u00e1rate para resolver los enigmas de pel\u00edculas, lugares y personajes de los otros jugadores, y qu\u00e9 resuelvan los tuyos, con la ayuda de las 60 cartas transparentes con diferentes iconos que incluye el juego. \u00a1\u00dasalas como quieras!<\/p>\n","protected":false},"excerpt":{"rendered":"<p>Un juego donde el l\u00edmite lo pone tu imaginaci\u00f3n. Prep\u00e1rate para resolver los enigmas de pel\u00edculas, lugares y personajes de los otros jugadores, y qu\u00e9 resuelvan los tuyos, con la ayuda de las 60 cartas transparentes con diferentes iconos que incluye el juego. \u00a1\u00dasalas como quieras!<\/p>\n","protected":false},"featured_media":18390,"template":"","meta":{"inline_featured_image":false,"_juego_de_la_semana":"no","_idioma":"Espa\u00f1ol","_jugadores-minimos":"3","_jugadores-maximos":"8","_duracion-minima":"30","_duracion-maxima":"","_edad-recomendada":"12","_editorial":"Asmodee","imagen-header":"19044","_precio-proveedor":"","_fecha-compra":0},"product_brand":[],"product_cat":[168,171],"product_tag":[],"editoriales":[182],"class_list":{"0":"post-17295","1":"product","2":"type-product","3":"status-publish","4":"has-post-thumbnail","6":"product_cat-juegos-de-cartas","7":"product_cat-party-game","8":"editoriales-asmodee","10":"first","11":"instock","12":"shipping-taxable","13":"purchasable","14":"product-type-simple"},"_links":{"self":[{"href":"https:\/\/shapp.mx\/ludoteka\/wp-json\/wp\/v2\/product\/17295","targetHints":{"allow":["GET"]}}],"collection":[{"href":"https:\/\/shapp.mx\/ludoteka\/wp-json\/wp\/v2\/product"}],"about":[{"href":"https:\/\/shapp.mx\/ludoteka\/wp-json\/wp\/v2\/types\/product"}],"wp:featuredmedia":[{"embeddable":true,"href":"https:\/\/shapp.mx\/ludoteka\/wp-json\/wp\/v2\/media\/18390"}],"wp:attachment":[{"href":"https:\/\/shapp.mx\/ludoteka\/wp-json\/wp\/v2\/media?parent=17295"}],"wp:term":[{"taxonomy":"product_brand","embeddable":true,"href":"https:\/\/shapp.mx\/ludoteka\/wp-json\/wp\/v2\/product_brand?post=17295"},{"taxonomy":"product_cat","embeddable":true,"href":"https:\/\/shapp.mx\/ludoteka\/wp-json\/wp\/v2\/product_cat?post=17295"},{"taxonomy":"product_tag","embeddable":true,"href":"https:\/\/shapp.mx\/ludoteka\/wp-json\/wp\/v2\/product_tag?post=17295"},{"taxonomy":"editoriales","embeddable":true,"href":"https:\/\/shapp.mx\/ludoteka\/wp-json\/wp\/v2\/editoriales?post=17295"}],"curies":[{"name":"wp","href":"https:\/\/api.w.org\/{rel}","templated":true}]}}