{"id":17296,"date":"2023-04-21T16:32:07","date_gmt":"2023-04-21T22:32:07","guid":{"rendered":"https:\/\/arka.design\/ludoteka\/?post_type=product&#038;p=17296"},"modified":"2023-06-29T13:34:26","modified_gmt":"2023-06-29T19:34:26","slug":"incomodos-invitados","status":"publish","type":"product","link":"https:\/\/shapp.mx\/ludoteka\/producto\/incomodos-invitados\/","title":{"rendered":"Incomodos invitados"},"content":{"rendered":"<p>Inc\u00f3modos Invitados: El Caso Walton es un innovador juego de cartas de misterio e investigaci\u00f3n donde cada juego recrea la noche en que el Sr. Walton fue asesinado. Nunca jugar\u00e1s dos juegos similares. Adem\u00e1s, su atractivo sistema de cubierta brillante te involucrar\u00e1 activamente en las investigaciones, lo que te permitir\u00e1 utilizar habilidades de detective genuinas para resolver cada caso. \u00bfSer\u00e1s el primero en resolver el misterio? \u00bfQui\u00e9n mat\u00f3 al Sr. Walton? \u00bfPor qu\u00e9 lo mataron? \u00bfC\u00f3mo pusieron fin a su vida?<\/p>\n<p>Juego de cartas de misterio e investigaci\u00f3n. M\u00e1s de 3.600 soluciones de carcasas diferentes. Utiliza tus habilidades deductivas para resolver el crimen. Infinita reproducci\u00f3n gracias al sistema Brilliant Deck creado por Megacorpin Games.7 niveles de dificultad.<\/p>\n","protected":false},"excerpt":{"rendered":"<p>Inc\u00f3modos Invitados: El Caso Walton es un innovador juego de cartas de misterio e investigaci\u00f3n donde cada juego recrea la noche en que el Sr. Walton fue asesinado. Nunca jugar\u00e1s dos juegos similares. Adem\u00e1s, su atractivo sistema de cubierta brillante te involucrar\u00e1 activamente en las investigaciones, lo que te permitir\u00e1 utilizar habilidades de detective genuinas [&hellip;]<\/p>\n","protected":false},"featured_media":18391,"template":"","meta":{"inline_featured_image":false,"_juego_de_la_semana":"no","_idioma":"Espa\u00f1ol","_jugadores-minimos":"1","_jugadores-maximos":"8","_duracion-minima":"45","_duracion-maxima":"75","_edad-recomendada":"12","_editorial":"Maldito Games","imagen-header":"19044","_precio-proveedor":"","_fecha-compra":0},"product_brand":[],"product_cat":[162,171],"product_tag":[],"editoriales":[187],"class_list":{"0":"post-17296","1":"product","2":"type-product","3":"status-publish","4":"has-post-thumbnail","6":"product_cat-destacados","7":"product_cat-party-game","8":"editoriales-maldito-games","10":"first","11":"instock","12":"shipping-taxable","13":"purchasable","14":"product-type-simple"},"_links":{"self":[{"href":"https:\/\/shapp.mx\/ludoteka\/wp-json\/wp\/v2\/product\/17296","targetHints":{"allow":["GET"]}}],"collection":[{"href":"https:\/\/shapp.mx\/ludoteka\/wp-json\/wp\/v2\/product"}],"about":[{"href":"https:\/\/shapp.mx\/ludoteka\/wp-json\/wp\/v2\/types\/product"}],"wp:featuredmedia":[{"embeddable":true,"href":"https:\/\/shapp.mx\/ludoteka\/wp-json\/wp\/v2\/media\/18391"}],"wp:attachment":[{"href":"https:\/\/shapp.mx\/ludoteka\/wp-json\/wp\/v2\/media?parent=17296"}],"wp:term":[{"taxonomy":"product_brand","embeddable":true,"href":"https:\/\/shapp.mx\/ludoteka\/wp-json\/wp\/v2\/product_brand?post=17296"},{"taxonomy":"product_cat","embeddable":true,"href":"https:\/\/shapp.mx\/ludoteka\/wp-json\/wp\/v2\/product_cat?post=17296"},{"taxonomy":"product_tag","embeddable":true,"href":"https:\/\/shapp.mx\/ludoteka\/wp-json\/wp\/v2\/product_tag?post=17296"},{"taxonomy":"editoriales","embeddable":true,"href":"https:\/\/shapp.mx\/ludoteka\/wp-json\/wp\/v2\/editoriales?post=17296"}],"curies":[{"name":"wp","href":"https:\/\/api.w.org\/{rel}","templated":true}]}}