{"id":17297,"date":"2023-04-21T16:32:08","date_gmt":"2023-04-21T22:32:08","guid":{"rendered":"https:\/\/arka.design\/ludoteka\/?post_type=product&#038;p=17297"},"modified":"2023-06-29T13:25:42","modified_gmt":"2023-06-29T19:25:42","slug":"interferencias","status":"publish","type":"product","link":"https:\/\/shapp.mx\/ludoteka\/producto\/interferencias\/","title":{"rendered":"Interferencias"},"content":{"rendered":"<p>\u00a1El mundo esta lleno de interferencias! Y es que una cosa es lo que uno dibuja, y otra lo que los dem\u00e1s interpretan. Un divertido juego basado en el cl\u00e1sico juego del tel\u00e9fono loco, pero en esta ocasi\u00f3n se juega a trav\u00e9s de dibujos. Empieza escribiendo y dibujando la palabra de tu carta, esfu\u00e9rzate un poquito en dibujar o ya empezamos mal. Ahora p\u00e1sale tu cuaderno al jugador de tu derecha para que intente adivinar qu\u00e9 es tu dibujo, lo escribe y lo vuelve a pasar para que el otro jugador haga su dibujo, y as\u00ed hasta que cada jugador vuelva a tener su cuaderno. \u00bfCrees que se llegar\u00e1 a la misma palabra con la que se empez\u00f3? \u00bfC\u00f3mo un culturista se ha convertido en Miss Universo? Hasta que no juegas no te das cuentas de lo divertid\u00edsimo que es. \u00a1Llorar\u00e1s de la risa!<\/p>\n","protected":false},"excerpt":{"rendered":"<p>\u00a1El mundo esta lleno de interferencias! Y es que una cosa es lo que uno dibuja, y otra lo que los dem\u00e1s interpretan. Un divertido juego basado en el cl\u00e1sico juego del tel\u00e9fono loco, pero en esta ocasi\u00f3n se juega a trav\u00e9s de dibujos. Empieza escribiendo y dibujando la palabra de tu carta, esfu\u00e9rzate un [&hellip;]<\/p>\n","protected":false},"featured_media":18392,"template":"","meta":{"inline_featured_image":false,"_juego_de_la_semana":"no","_idioma":"Espa\u00f1ol","_jugadores-minimos":"4","_jugadores-maximos":"6","_duracion-minima":"30","_duracion-maxima":"","_edad-recomendada":"8","_editorial":"Goliath Games","imagen-header":"19044","_precio-proveedor":"","_fecha-compra":0},"product_brand":[],"product_cat":[171],"product_tag":[],"editoriales":[],"class_list":{"0":"post-17297","1":"product","2":"type-product","3":"status-publish","4":"has-post-thumbnail","6":"product_cat-party-game","8":"first","9":"instock","10":"shipping-taxable","11":"purchasable","12":"product-type-simple"},"_links":{"self":[{"href":"https:\/\/shapp.mx\/ludoteka\/wp-json\/wp\/v2\/product\/17297","targetHints":{"allow":["GET"]}}],"collection":[{"href":"https:\/\/shapp.mx\/ludoteka\/wp-json\/wp\/v2\/product"}],"about":[{"href":"https:\/\/shapp.mx\/ludoteka\/wp-json\/wp\/v2\/types\/product"}],"wp:featuredmedia":[{"embeddable":true,"href":"https:\/\/shapp.mx\/ludoteka\/wp-json\/wp\/v2\/media\/18392"}],"wp:attachment":[{"href":"https:\/\/shapp.mx\/ludoteka\/wp-json\/wp\/v2\/media?parent=17297"}],"wp:term":[{"taxonomy":"product_brand","embeddable":true,"href":"https:\/\/shapp.mx\/ludoteka\/wp-json\/wp\/v2\/product_brand?post=17297"},{"taxonomy":"product_cat","embeddable":true,"href":"https:\/\/shapp.mx\/ludoteka\/wp-json\/wp\/v2\/product_cat?post=17297"},{"taxonomy":"product_tag","embeddable":true,"href":"https:\/\/shapp.mx\/ludoteka\/wp-json\/wp\/v2\/product_tag?post=17297"},{"taxonomy":"editoriales","embeddable":true,"href":"https:\/\/shapp.mx\/ludoteka\/wp-json\/wp\/v2\/editoriales?post=17297"}],"curies":[{"name":"wp","href":"https:\/\/api.w.org\/{rel}","templated":true}]}}