{"id":17299,"date":"2023-04-21T16:32:08","date_gmt":"2023-04-21T22:32:08","guid":{"rendered":"https:\/\/arka.design\/ludoteka\/?post_type=product&#038;p=17299"},"modified":"2023-06-29T13:28:13","modified_gmt":"2023-06-29T19:28:13","slug":"just-one","status":"publish","type":"product","link":"https:\/\/shapp.mx\/ludoteka\/producto\/just-one\/","title":{"rendered":"Just One"},"content":{"rendered":"<h3 class=\"a-spacing-mini\">Just One &#8211; Ayuda a que otro jugador descubra la palabra misteriosa<\/h3>\n<p>Just One es un party game cooperativo. \u00a1Todos los participantes juegan para conseguir la mejor puntuaci\u00f3n! Juntos, los jugadores tienen que hacer que uno de ellos (el jugador activo) adivine una palabra misteriosa, escribiendo en secreto una pista en sus atriles.<\/p>\n<p><span class=\"a-text-italic\">Just One<\/span>\u00a0es un juego cooperativo de adivinanzas para entre 4 y 7 jugadores. Vuestra misi\u00f3n es averiguar cuantas m\u00e1s palabras secretas mejor, antes de que se acaben las cartas del mazo. Un divertido juego perfecto para toda la familia y que supone una manera divertida de mejorar habilidades como la deducci\u00f3n l\u00f3gica y herramientas como el vocabulario, la capacidad de expresi\u00f3n y la s\u00edntesis.<\/p>\n<p>Cuando sea tu turno, coge la primera carta del mont\u00f3n y col\u00f3cala en tu atril de manera que no puedas ver las palabras que contiene. El resto de jugadores eligen una de ellas, indicando el n\u00famero que le corresponde, y escriben secretamente una pista.<\/p>\n","protected":false},"excerpt":{"rendered":"<p>Just One &#8211; Ayuda a que otro jugador descubra la palabra misteriosa Just One es un party game cooperativo. \u00a1Todos los participantes juegan para conseguir la mejor puntuaci\u00f3n! Juntos, los jugadores tienen que hacer que uno de ellos (el jugador activo) adivine una palabra misteriosa, escribiendo en secreto una pista en sus atriles. Just One\u00a0es [&hellip;]<\/p>\n","protected":false},"featured_media":18394,"template":"","meta":{"inline_featured_image":false,"_juego_de_la_semana":"no","_idioma":"Espa\u00f1ol","_jugadores-minimos":"3","_jugadores-maximos":"7","_duracion-minima":"20","_duracion-maxima":"","_edad-recomendada":"8","_editorial":"Asmodee","imagen-header":"19044","_precio-proveedor":"","_fecha-compra":0},"product_brand":[],"product_cat":[171],"product_tag":[],"editoriales":[182],"class_list":{"0":"post-17299","1":"product","2":"type-product","3":"status-publish","4":"has-post-thumbnail","6":"product_cat-party-game","7":"editoriales-asmodee","9":"first","10":"instock","11":"shipping-taxable","12":"purchasable","13":"product-type-simple"},"_links":{"self":[{"href":"https:\/\/shapp.mx\/ludoteka\/wp-json\/wp\/v2\/product\/17299","targetHints":{"allow":["GET"]}}],"collection":[{"href":"https:\/\/shapp.mx\/ludoteka\/wp-json\/wp\/v2\/product"}],"about":[{"href":"https:\/\/shapp.mx\/ludoteka\/wp-json\/wp\/v2\/types\/product"}],"wp:featuredmedia":[{"embeddable":true,"href":"https:\/\/shapp.mx\/ludoteka\/wp-json\/wp\/v2\/media\/18394"}],"wp:attachment":[{"href":"https:\/\/shapp.mx\/ludoteka\/wp-json\/wp\/v2\/media?parent=17299"}],"wp:term":[{"taxonomy":"product_brand","embeddable":true,"href":"https:\/\/shapp.mx\/ludoteka\/wp-json\/wp\/v2\/product_brand?post=17299"},{"taxonomy":"product_cat","embeddable":true,"href":"https:\/\/shapp.mx\/ludoteka\/wp-json\/wp\/v2\/product_cat?post=17299"},{"taxonomy":"product_tag","embeddable":true,"href":"https:\/\/shapp.mx\/ludoteka\/wp-json\/wp\/v2\/product_tag?post=17299"},{"taxonomy":"editoriales","embeddable":true,"href":"https:\/\/shapp.mx\/ludoteka\/wp-json\/wp\/v2\/editoriales?post=17299"}],"curies":[{"name":"wp","href":"https:\/\/api.w.org\/{rel}","templated":true}]}}