{"id":17300,"date":"2023-04-21T16:32:08","date_gmt":"2023-04-21T22:32:08","guid":{"rendered":"https:\/\/arka.design\/ludoteka\/?post_type=product&#038;p=17300"},"modified":"2023-06-29T13:29:46","modified_gmt":"2023-06-29T19:29:46","slug":"king-of-tokio","status":"publish","type":"product","link":"https:\/\/shapp.mx\/ludoteka\/producto\/king-of-tokio\/","title":{"rendered":"King of Tokio"},"content":{"rendered":"<p><span data-sheets-value=\"{&quot;1&quot;:2,&quot;2&quot;:&quot;Una serie de monstruos mutantes, robots gigantes y extra\u00f1os extraterrestres est\u00e1n peleando a la mitad de Tokyo y destruyendo la ciudad en el proceso \u00bftu misi\u00f3n es detenerlos? \u00a1No! \u00a1En King of Tokyo t\u00fa eres una de esas gigantescas criaturas y lo que quieres es derrotar a los dem\u00e1s para proclamarte rey de la ciudad! En este divertido juego tiraremos unos dados para definir la acciones de nuestro monstruo, el primero en llegar a 20 puntos de victoria o el que derrote a los dem\u00e1s monstruos ser\u00e1 el ganador y por tanto en nuevo Rey de Tokyo. Jugar King of Tokyo es muy sencillo, al inicio de cada turno deber\u00e1s tirar los seis dados que te podr\u00e1n dar 1, 2 o 3 puntos de victoria, energ\u00eda que podremos usar para comprar cartas con poderes que har\u00e1n a nuestro monstruo a\u00fan m\u00e1s peligroso, ataques que nos ayudar\u00e1n a da\u00f1ar y bajarle vida al resto de nuestros contrincantes o bien corazones que nos permitir\u00e1n curar las heridas que nos hayan hecho los dem\u00e1s monstruos. Luego de haber tirado podremos decidir si queremos quedarnos con algunos y tirar nuevamente otros, esto lo podremos hacer hasta dos veces m\u00e1s luego de nuestra primera tirada. El jugador m\u00e1s feroz ocupar\u00e1 el centro de Tokio y ganar\u00e1 puntos de victoria extras \u00bfel problema? todos los dem\u00e1s quieren tambi\u00e9n ser el rey y concentrar\u00e1n sus ataque en ese jugador \u00bflo peor? no puedes curarte mientras est\u00e9s en el centro de Tokyo\u2026 \u00bfQui\u00e9n dijo que ser el rey de Tokyo ser\u00eda f\u00e1cil? King of Tokyo es un divertido juego que llevar\u00e1 a todos los jugadores a la orilla de su asiento tratando de derrotar a los dem\u00e1s. Traiciones, conflictos y mucha diversi\u00f3n es lo que te espera en el camino de convertirte en el rey de Tokyo.&quot;}\" data-sheets-userformat=\"{&quot;2&quot;:2,&quot;4&quot;:{&quot;1&quot;:2,&quot;2&quot;:16637160}}\">Una serie de monstruos mutantes, robots gigantes y extra\u00f1os extraterrestres est\u00e1n peleando a la mitad de Tokyo y destruyendo la ciudad en el proceso \u00bftu misi\u00f3n es detenerlos? \u00a1No! \u00a1En King of Tokyo t\u00fa eres una de esas gigantescas criaturas y lo que quieres es derrotar a los dem\u00e1s para proclamarte rey de la ciudad!<\/span><\/p>\n<p><span data-sheets-value=\"{&quot;1&quot;:2,&quot;2&quot;:&quot;Una serie de monstruos mutantes, robots gigantes y extra\u00f1os extraterrestres est\u00e1n peleando a la mitad de Tokyo y destruyendo la ciudad en el proceso \u00bftu misi\u00f3n es detenerlos? \u00a1No! \u00a1En King of Tokyo t\u00fa eres una de esas gigantescas criaturas y lo que quieres es derrotar a los dem\u00e1s para proclamarte rey de la ciudad! En este divertido juego tiraremos unos dados para definir la acciones de nuestro monstruo, el primero en llegar a 20 puntos de victoria o el que derrote a los dem\u00e1s monstruos ser\u00e1 el ganador y por tanto en nuevo Rey de Tokyo. Jugar King of Tokyo es muy sencillo, al inicio de cada turno deber\u00e1s tirar los seis dados que te podr\u00e1n dar 1, 2 o 3 puntos de victoria, energ\u00eda que podremos usar para comprar cartas con poderes que har\u00e1n a nuestro monstruo a\u00fan m\u00e1s peligroso, ataques que nos ayudar\u00e1n a da\u00f1ar y bajarle vida al resto de nuestros contrincantes o bien corazones que nos permitir\u00e1n curar las heridas que nos hayan hecho los dem\u00e1s monstruos. Luego de haber tirado podremos decidir si queremos quedarnos con algunos y tirar nuevamente otros, esto lo podremos hacer hasta dos veces m\u00e1s luego de nuestra primera tirada. El jugador m\u00e1s feroz ocupar\u00e1 el centro de Tokio y ganar\u00e1 puntos de victoria extras \u00bfel problema? todos los dem\u00e1s quieren tambi\u00e9n ser el rey y concentrar\u00e1n sus ataque en ese jugador \u00bflo peor? no puedes curarte mientras est\u00e9s en el centro de Tokyo\u2026 \u00bfQui\u00e9n dijo que ser el rey de Tokyo ser\u00eda f\u00e1cil? King of Tokyo es un divertido juego que llevar\u00e1 a todos los jugadores a la orilla de su asiento tratando de derrotar a los dem\u00e1s. Traiciones, conflictos y mucha diversi\u00f3n es lo que te espera en el camino de convertirte en el rey de Tokyo.&quot;}\" data-sheets-userformat=\"{&quot;2&quot;:2,&quot;4&quot;:{&quot;1&quot;:2,&quot;2&quot;:16637160}}\">En este divertido juego tiraremos unos dados para definir la acciones de nuestro monstruo, el primero en llegar a 20 puntos de victoria o el que derrote a los dem\u00e1s monstruos ser\u00e1 el ganador y por tanto en nuevo Rey de Tokyo. Jugar King of Tokyo es muy sencillo, al inicio de cada turno deber\u00e1s tirar los seis dados que te podr\u00e1n dar 1, 2 o 3 puntos de victoria, energ\u00eda que podremos usar para comprar cartas con poderes que har\u00e1n a nuestro monstruo a\u00fan m\u00e1s peligroso, ataques que nos ayudar\u00e1n a da\u00f1ar y bajarle vida al resto de nuestros contrincantes o bien corazones que nos permitir\u00e1n curar las heridas que nos hayan hecho los dem\u00e1s monstruos.<\/span><\/p>\n<p><span data-sheets-value=\"{&quot;1&quot;:2,&quot;2&quot;:&quot;Una serie de monstruos mutantes, robots gigantes y extra\u00f1os extraterrestres est\u00e1n peleando a la mitad de Tokyo y destruyendo la ciudad en el proceso \u00bftu misi\u00f3n es detenerlos? \u00a1No! \u00a1En King of Tokyo t\u00fa eres una de esas gigantescas criaturas y lo que quieres es derrotar a los dem\u00e1s para proclamarte rey de la ciudad! En este divertido juego tiraremos unos dados para definir la acciones de nuestro monstruo, el primero en llegar a 20 puntos de victoria o el que derrote a los dem\u00e1s monstruos ser\u00e1 el ganador y por tanto en nuevo Rey de Tokyo. Jugar King of Tokyo es muy sencillo, al inicio de cada turno deber\u00e1s tirar los seis dados que te podr\u00e1n dar 1, 2 o 3 puntos de victoria, energ\u00eda que podremos usar para comprar cartas con poderes que har\u00e1n a nuestro monstruo a\u00fan m\u00e1s peligroso, ataques que nos ayudar\u00e1n a da\u00f1ar y bajarle vida al resto de nuestros contrincantes o bien corazones que nos permitir\u00e1n curar las heridas que nos hayan hecho los dem\u00e1s monstruos. Luego de haber tirado podremos decidir si queremos quedarnos con algunos y tirar nuevamente otros, esto lo podremos hacer hasta dos veces m\u00e1s luego de nuestra primera tirada. El jugador m\u00e1s feroz ocupar\u00e1 el centro de Tokio y ganar\u00e1 puntos de victoria extras \u00bfel problema? todos los dem\u00e1s quieren tambi\u00e9n ser el rey y concentrar\u00e1n sus ataque en ese jugador \u00bflo peor? no puedes curarte mientras est\u00e9s en el centro de Tokyo\u2026 \u00bfQui\u00e9n dijo que ser el rey de Tokyo ser\u00eda f\u00e1cil? King of Tokyo es un divertido juego que llevar\u00e1 a todos los jugadores a la orilla de su asiento tratando de derrotar a los dem\u00e1s. Traiciones, conflictos y mucha diversi\u00f3n es lo que te espera en el camino de convertirte en el rey de Tokyo.&quot;}\" data-sheets-userformat=\"{&quot;2&quot;:2,&quot;4&quot;:{&quot;1&quot;:2,&quot;2&quot;:16637160}}\">Luego de haber tirado podremos decidir si queremos quedarnos con algunos y tirar nuevamente otros, esto lo podremos hacer hasta dos veces m\u00e1s luego de nuestra primera tirada.<\/span><\/p>\n<p><span data-sheets-value=\"{&quot;1&quot;:2,&quot;2&quot;:&quot;Una serie de monstruos mutantes, robots gigantes y extra\u00f1os extraterrestres est\u00e1n peleando a la mitad de Tokyo y destruyendo la ciudad en el proceso \u00bftu misi\u00f3n es detenerlos? \u00a1No! \u00a1En King of Tokyo t\u00fa eres una de esas gigantescas criaturas y lo que quieres es derrotar a los dem\u00e1s para proclamarte rey de la ciudad! En este divertido juego tiraremos unos dados para definir la acciones de nuestro monstruo, el primero en llegar a 20 puntos de victoria o el que derrote a los dem\u00e1s monstruos ser\u00e1 el ganador y por tanto en nuevo Rey de Tokyo. Jugar King of Tokyo es muy sencillo, al inicio de cada turno deber\u00e1s tirar los seis dados que te podr\u00e1n dar 1, 2 o 3 puntos de victoria, energ\u00eda que podremos usar para comprar cartas con poderes que har\u00e1n a nuestro monstruo a\u00fan m\u00e1s peligroso, ataques que nos ayudar\u00e1n a da\u00f1ar y bajarle vida al resto de nuestros contrincantes o bien corazones que nos permitir\u00e1n curar las heridas que nos hayan hecho los dem\u00e1s monstruos. Luego de haber tirado podremos decidir si queremos quedarnos con algunos y tirar nuevamente otros, esto lo podremos hacer hasta dos veces m\u00e1s luego de nuestra primera tirada. El jugador m\u00e1s feroz ocupar\u00e1 el centro de Tokio y ganar\u00e1 puntos de victoria extras \u00bfel problema? todos los dem\u00e1s quieren tambi\u00e9n ser el rey y concentrar\u00e1n sus ataque en ese jugador \u00bflo peor? no puedes curarte mientras est\u00e9s en el centro de Tokyo\u2026 \u00bfQui\u00e9n dijo que ser el rey de Tokyo ser\u00eda f\u00e1cil? King of Tokyo es un divertido juego que llevar\u00e1 a todos los jugadores a la orilla de su asiento tratando de derrotar a los dem\u00e1s. Traiciones, conflictos y mucha diversi\u00f3n es lo que te espera en el camino de convertirte en el rey de Tokyo.&quot;}\" data-sheets-userformat=\"{&quot;2&quot;:2,&quot;4&quot;:{&quot;1&quot;:2,&quot;2&quot;:16637160}}\">El jugador m\u00e1s feroz ocupar\u00e1 el centro de Tokio y ganar\u00e1 puntos de victoria extras \u00bfel problema? todos los dem\u00e1s quieren tambi\u00e9n ser el rey y concentrar\u00e1n sus ataque en ese jugador \u00bflo peor? no puedes curarte mientras est\u00e9s en el centro de Tokyo\u2026 \u00bfQui\u00e9n dijo que ser el rey de Tokyo ser\u00eda f\u00e1cil?<\/span><\/p>\n<p><span data-sheets-value=\"{&quot;1&quot;:2,&quot;2&quot;:&quot;Una serie de monstruos mutantes, robots gigantes y extra\u00f1os extraterrestres est\u00e1n peleando a la mitad de Tokyo y destruyendo la ciudad en el proceso \u00bftu misi\u00f3n es detenerlos? \u00a1No! \u00a1En King of Tokyo t\u00fa eres una de esas gigantescas criaturas y lo que quieres es derrotar a los dem\u00e1s para proclamarte rey de la ciudad! En este divertido juego tiraremos unos dados para definir la acciones de nuestro monstruo, el primero en llegar a 20 puntos de victoria o el que derrote a los dem\u00e1s monstruos ser\u00e1 el ganador y por tanto en nuevo Rey de Tokyo. Jugar King of Tokyo es muy sencillo, al inicio de cada turno deber\u00e1s tirar los seis dados que te podr\u00e1n dar 1, 2 o 3 puntos de victoria, energ\u00eda que podremos usar para comprar cartas con poderes que har\u00e1n a nuestro monstruo a\u00fan m\u00e1s peligroso, ataques que nos ayudar\u00e1n a da\u00f1ar y bajarle vida al resto de nuestros contrincantes o bien corazones que nos permitir\u00e1n curar las heridas que nos hayan hecho los dem\u00e1s monstruos. Luego de haber tirado podremos decidir si queremos quedarnos con algunos y tirar nuevamente otros, esto lo podremos hacer hasta dos veces m\u00e1s luego de nuestra primera tirada. El jugador m\u00e1s feroz ocupar\u00e1 el centro de Tokio y ganar\u00e1 puntos de victoria extras \u00bfel problema? todos los dem\u00e1s quieren tambi\u00e9n ser el rey y concentrar\u00e1n sus ataque en ese jugador \u00bflo peor? no puedes curarte mientras est\u00e9s en el centro de Tokyo\u2026 \u00bfQui\u00e9n dijo que ser el rey de Tokyo ser\u00eda f\u00e1cil? King of Tokyo es un divertido juego que llevar\u00e1 a todos los jugadores a la orilla de su asiento tratando de derrotar a los dem\u00e1s. Traiciones, conflictos y mucha diversi\u00f3n es lo que te espera en el camino de convertirte en el rey de Tokyo.&quot;}\" data-sheets-userformat=\"{&quot;2&quot;:2,&quot;4&quot;:{&quot;1&quot;:2,&quot;2&quot;:16637160}}\">King of Tokyo es un divertido juego que llevar\u00e1 a todos los jugadores a la orilla de su asiento tratando de derrotar a los dem\u00e1s. Traiciones, conflictos y mucha diversi\u00f3n es lo que te espera en el camino de convertirte en el rey de Tokyo.<\/span><\/p>\n","protected":false},"excerpt":{"rendered":"<p>Una serie de monstruos mutantes, robots gigantes y extra\u00f1os extraterrestres est\u00e1n peleando a la mitad de Tokyo y destruyendo la ciudad en el proceso \u00bftu misi\u00f3n es detenerlos? \u00a1No! \u00a1En King of Tokyo t\u00fa eres una de esas gigantescas criaturas y lo que quieres es derrotar a los dem\u00e1s para proclamarte rey de la ciudad! [&hellip;]<\/p>\n","protected":false},"featured_media":18395,"template":"","meta":{"inline_featured_image":false,"_juego_de_la_semana":"no","_idioma":"Espa\u00f1ol","_jugadores-minimos":"2","_jugadores-maximos":"6","_duracion-minima":"30","_duracion-maxima":"45","_edad-recomendada":"8","_editorial":"Devir","imagen-header":"19044","_precio-proveedor":"","_fecha-compra":0},"product_brand":[],"product_cat":[161],"product_tag":[],"editoriales":[184],"class_list":{"0":"post-17300","1":"product","2":"type-product","3":"status-publish","4":"has-post-thumbnail","6":"product_cat-dados","7":"editoriales-devir","9":"first","10":"instock","11":"shipping-taxable","12":"purchasable","13":"product-type-simple"},"_links":{"self":[{"href":"https:\/\/shapp.mx\/ludoteka\/wp-json\/wp\/v2\/product\/17300","targetHints":{"allow":["GET"]}}],"collection":[{"href":"https:\/\/shapp.mx\/ludoteka\/wp-json\/wp\/v2\/product"}],"about":[{"href":"https:\/\/shapp.mx\/ludoteka\/wp-json\/wp\/v2\/types\/product"}],"wp:featuredmedia":[{"embeddable":true,"href":"https:\/\/shapp.mx\/ludoteka\/wp-json\/wp\/v2\/media\/18395"}],"wp:attachment":[{"href":"https:\/\/shapp.mx\/ludoteka\/wp-json\/wp\/v2\/media?parent=17300"}],"wp:term":[{"taxonomy":"product_brand","embeddable":true,"href":"https:\/\/shapp.mx\/ludoteka\/wp-json\/wp\/v2\/product_brand?post=17300"},{"taxonomy":"product_cat","embeddable":true,"href":"https:\/\/shapp.mx\/ludoteka\/wp-json\/wp\/v2\/product_cat?post=17300"},{"taxonomy":"product_tag","embeddable":true,"href":"https:\/\/shapp.mx\/ludoteka\/wp-json\/wp\/v2\/product_tag?post=17300"},{"taxonomy":"editoriales","embeddable":true,"href":"https:\/\/shapp.mx\/ludoteka\/wp-json\/wp\/v2\/editoriales?post=17300"}],"curies":[{"name":"wp","href":"https:\/\/api.w.org\/{rel}","templated":true}]}}