{"id":17301,"date":"2023-04-21T16:32:08","date_gmt":"2023-04-21T22:32:08","guid":{"rendered":"https:\/\/arka.design\/ludoteka\/?post_type=product&#038;p=17301"},"modified":"2023-06-29T13:31:23","modified_gmt":"2023-06-29T19:31:23","slug":"laberinto-magico","status":"publish","type":"product","link":"https:\/\/shapp.mx\/ludoteka\/producto\/laberinto-magico\/","title":{"rendered":"Laberinto Magico"},"content":{"rendered":"<p><span data-sheets-value=\"{&quot;1&quot;:2,&quot;2&quot;:&quot;En El Laberinto M\u00e1gico, somos j\u00f3venes aprendices de magos que una tarde jugando hemos perdido algunos importantes objetos de nuestro maestro en un patio del castillo, ahora lo que necesitamos hacer es recuperarlos antes de que nuestro maestro regrese y se de cuenta de lo que ha pasado. Los objetos perdidos van apareciendo en el patio uno a uno, y ver d\u00f3nde se encuentran es muy f\u00e1cil, pues est\u00e1n a la vista de todos, el problema ser\u00e1 llegar a ellos, pues aunque este patio no lo parece, es un Laberinto M\u00e1gico cuyas paredes son invisibles. As\u00ed es, poco a poco, al ir caminando en el laberinto chocaremos con unas paredes invisibles y as\u00ed nos daremos cuenta de que ese camino est\u00e1 bloqueado. Esto nos regresar\u00e1 al inicio y tendremos que usar nuestra buena memoria y habilidad para partir de nuevo recordando los lugares donde hay paredes y as\u00ed poder evitarlas en nuestro camino a recuperar el objeto disponible. Aquel Mago que recupere la mayor cantidad de objetos ser\u00e1 el ganador. El Laberinto M\u00e1gico es un divertido juego en el que chicos y grandes pondr\u00e1n a prueba su memoria y tratar\u00e1n de no perder su camino.&quot;}\" data-sheets-userformat=\"{&quot;2&quot;:2,&quot;4&quot;:{&quot;1&quot;:2,&quot;2&quot;:16637160}}\">En El Laberinto M\u00e1gico, somos j\u00f3venes aprendices de magos que una tarde jugando hemos perdido algunos importantes objetos de nuestro maestro en un patio del castillo, ahora lo que necesitamos hacer es recuperarlos antes de que nuestro maestro regrese y se de cuenta de lo que ha pasado. Los objetos perdidos van apareciendo en el patio uno a uno, y ver d\u00f3nde se encuentran es muy f\u00e1cil, pues est\u00e1n a la vista de todos, el problema ser\u00e1 llegar a ellos, pues aunque este patio no lo parece, es un Laberinto M\u00e1gico cuyas paredes son invisibles.<\/span><\/p>\n<p><span data-sheets-value=\"{&quot;1&quot;:2,&quot;2&quot;:&quot;En El Laberinto M\u00e1gico, somos j\u00f3venes aprendices de magos que una tarde jugando hemos perdido algunos importantes objetos de nuestro maestro en un patio del castillo, ahora lo que necesitamos hacer es recuperarlos antes de que nuestro maestro regrese y se de cuenta de lo que ha pasado. Los objetos perdidos van apareciendo en el patio uno a uno, y ver d\u00f3nde se encuentran es muy f\u00e1cil, pues est\u00e1n a la vista de todos, el problema ser\u00e1 llegar a ellos, pues aunque este patio no lo parece, es un Laberinto M\u00e1gico cuyas paredes son invisibles. As\u00ed es, poco a poco, al ir caminando en el laberinto chocaremos con unas paredes invisibles y as\u00ed nos daremos cuenta de que ese camino est\u00e1 bloqueado. Esto nos regresar\u00e1 al inicio y tendremos que usar nuestra buena memoria y habilidad para partir de nuevo recordando los lugares donde hay paredes y as\u00ed poder evitarlas en nuestro camino a recuperar el objeto disponible. Aquel Mago que recupere la mayor cantidad de objetos ser\u00e1 el ganador. El Laberinto M\u00e1gico es un divertido juego en el que chicos y grandes pondr\u00e1n a prueba su memoria y tratar\u00e1n de no perder su camino.&quot;}\" data-sheets-userformat=\"{&quot;2&quot;:2,&quot;4&quot;:{&quot;1&quot;:2,&quot;2&quot;:16637160}}\">As\u00ed es, poco a poco, al ir caminando en el laberinto chocaremos con unas paredes invisibles y as\u00ed nos daremos cuenta de que ese camino est\u00e1 bloqueado.<\/span><\/p>\n<p><span data-sheets-value=\"{&quot;1&quot;:2,&quot;2&quot;:&quot;En El Laberinto M\u00e1gico, somos j\u00f3venes aprendices de magos que una tarde jugando hemos perdido algunos importantes objetos de nuestro maestro en un patio del castillo, ahora lo que necesitamos hacer es recuperarlos antes de que nuestro maestro regrese y se de cuenta de lo que ha pasado. Los objetos perdidos van apareciendo en el patio uno a uno, y ver d\u00f3nde se encuentran es muy f\u00e1cil, pues est\u00e1n a la vista de todos, el problema ser\u00e1 llegar a ellos, pues aunque este patio no lo parece, es un Laberinto M\u00e1gico cuyas paredes son invisibles. As\u00ed es, poco a poco, al ir caminando en el laberinto chocaremos con unas paredes invisibles y as\u00ed nos daremos cuenta de que ese camino est\u00e1 bloqueado. Esto nos regresar\u00e1 al inicio y tendremos que usar nuestra buena memoria y habilidad para partir de nuevo recordando los lugares donde hay paredes y as\u00ed poder evitarlas en nuestro camino a recuperar el objeto disponible. Aquel Mago que recupere la mayor cantidad de objetos ser\u00e1 el ganador. El Laberinto M\u00e1gico es un divertido juego en el que chicos y grandes pondr\u00e1n a prueba su memoria y tratar\u00e1n de no perder su camino.&quot;}\" data-sheets-userformat=\"{&quot;2&quot;:2,&quot;4&quot;:{&quot;1&quot;:2,&quot;2&quot;:16637160}}\">Esto nos regresar\u00e1 al inicio y tendremos que usar nuestra buena memoria y habilidad para partir de nuevo recordando los lugares donde hay paredes y as\u00ed poder evitarlas en nuestro camino a recuperar el objeto disponible. Aquel Mago que recupere la mayor cantidad de objetos ser\u00e1 el ganador.<\/span><\/p>\n<p><span data-sheets-value=\"{&quot;1&quot;:2,&quot;2&quot;:&quot;En El Laberinto M\u00e1gico, somos j\u00f3venes aprendices de magos que una tarde jugando hemos perdido algunos importantes objetos de nuestro maestro en un patio del castillo, ahora lo que necesitamos hacer es recuperarlos antes de que nuestro maestro regrese y se de cuenta de lo que ha pasado. Los objetos perdidos van apareciendo en el patio uno a uno, y ver d\u00f3nde se encuentran es muy f\u00e1cil, pues est\u00e1n a la vista de todos, el problema ser\u00e1 llegar a ellos, pues aunque este patio no lo parece, es un Laberinto M\u00e1gico cuyas paredes son invisibles. As\u00ed es, poco a poco, al ir caminando en el laberinto chocaremos con unas paredes invisibles y as\u00ed nos daremos cuenta de que ese camino est\u00e1 bloqueado. Esto nos regresar\u00e1 al inicio y tendremos que usar nuestra buena memoria y habilidad para partir de nuevo recordando los lugares donde hay paredes y as\u00ed poder evitarlas en nuestro camino a recuperar el objeto disponible. Aquel Mago que recupere la mayor cantidad de objetos ser\u00e1 el ganador. El Laberinto M\u00e1gico es un divertido juego en el que chicos y grandes pondr\u00e1n a prueba su memoria y tratar\u00e1n de no perder su camino.&quot;}\" data-sheets-userformat=\"{&quot;2&quot;:2,&quot;4&quot;:{&quot;1&quot;:2,&quot;2&quot;:16637160}}\">El Laberinto M\u00e1gico es un divertido juego en el que chicos y grandes pondr\u00e1n a prueba su memoria y tratar\u00e1n de no perder su camino.<\/span><\/p>\n","protected":false},"excerpt":{"rendered":"<p>En El Laberinto M\u00e1gico, somos j\u00f3venes aprendices de magos que una tarde jugando hemos perdido algunos importantes objetos de nuestro maestro en un patio del castillo, ahora lo que necesitamos hacer es recuperarlos antes de que nuestro maestro regrese y se de cuenta de lo que ha pasado. Los objetos perdidos van apareciendo en el [&hellip;]<\/p>\n","protected":false},"featured_media":18396,"template":"","meta":{"inline_featured_image":false,"_juego_de_la_semana":"no","_idioma":"Espa\u00f1ol","_jugadores-minimos":"2","_jugadores-maximos":"6","_duracion-minima":"30","_duracion-maxima":"45","_edad-recomendada":"6","_editorial":"Devir","imagen-header":"19044","_precio-proveedor":"","_fecha-compra":0},"product_brand":[],"product_cat":[165],"product_tag":[],"editoriales":[184],"class_list":{"0":"post-17301","1":"product","2":"type-product","3":"status-publish","4":"has-post-thumbnail","6":"product_cat-infantil","7":"editoriales-devir","9":"first","10":"outofstock","11":"shipping-taxable","12":"product-type-simple"},"_links":{"self":[{"href":"https:\/\/shapp.mx\/ludoteka\/wp-json\/wp\/v2\/product\/17301","targetHints":{"allow":["GET"]}}],"collection":[{"href":"https:\/\/shapp.mx\/ludoteka\/wp-json\/wp\/v2\/product"}],"about":[{"href":"https:\/\/shapp.mx\/ludoteka\/wp-json\/wp\/v2\/types\/product"}],"wp:featuredmedia":[{"embeddable":true,"href":"https:\/\/shapp.mx\/ludoteka\/wp-json\/wp\/v2\/media\/18396"}],"wp:attachment":[{"href":"https:\/\/shapp.mx\/ludoteka\/wp-json\/wp\/v2\/media?parent=17301"}],"wp:term":[{"taxonomy":"product_brand","embeddable":true,"href":"https:\/\/shapp.mx\/ludoteka\/wp-json\/wp\/v2\/product_brand?post=17301"},{"taxonomy":"product_cat","embeddable":true,"href":"https:\/\/shapp.mx\/ludoteka\/wp-json\/wp\/v2\/product_cat?post=17301"},{"taxonomy":"product_tag","embeddable":true,"href":"https:\/\/shapp.mx\/ludoteka\/wp-json\/wp\/v2\/product_tag?post=17301"},{"taxonomy":"editoriales","embeddable":true,"href":"https:\/\/shapp.mx\/ludoteka\/wp-json\/wp\/v2\/editoriales?post=17301"}],"curies":[{"name":"wp","href":"https:\/\/api.w.org\/{rel}","templated":true}]}}