{"id":17303,"date":"2023-04-21T16:32:09","date_gmt":"2023-04-21T22:32:09","guid":{"rendered":"https:\/\/arka.design\/ludoteka\/?post_type=product&#038;p=17303"},"modified":"2023-07-06T12:19:39","modified_gmt":"2023-07-06T18:19:39","slug":"legado-perdido-segunda-cronica","status":"publish","type":"product","link":"https:\/\/shapp.mx\/ludoteka\/producto\/legado-perdido-segunda-cronica\/","title":{"rendered":"Legado Perdido"},"content":{"rendered":"<p>Cada serie de Legado Perdido pude jugarse de forma independiente o combinada con otras series para crear exclusivos juegos personalizados.<\/p>\n<p>En tiempos inmemoriales, una nave procedente de un lejano planeta apareci\u00f3 en el cielo. Da\u00f1ada en combate, la nave se desintegr\u00f3, trazando l\u00edneas de fuego por todo el horizonte. Aquellos restos, como estrellas fugaces, se estrellaron contra la superficie, y en los siglos venideros acabar\u00edan inscritos en las leyendas como el Legado Perdido. \u00c2\u00a1Descubre el paradero del Legado Perdido y gana la partida!<\/p>\n<p>Un juego de Seiji Kanai (Love Letter), Hayato Kisaragi y Masato Uesugi (Bienvenido a la Mazmorra)<\/p>\n","protected":false},"excerpt":{"rendered":"<p>Cada serie de Legado Perdido pude jugarse de forma independiente o combinada con otras series para crear exclusivos juegos personalizados. En tiempos inmemoriales, una nave procedente de un lejano planeta apareci\u00f3 en el cielo. Da\u00f1ada en combate, la nave se desintegr\u00f3, trazando l\u00edneas de fuego por todo el horizonte. Aquellos restos, como estrellas fugaces, se [&hellip;]<\/p>\n","protected":false},"featured_media":18398,"template":"","meta":{"inline_featured_image":false,"_juego_de_la_semana":"no","_idioma":"Espa\u00f1ol","_jugadores-minimos":"2","_jugadores-maximos":"6","_duracion-minima":"10","_duracion-maxima":"","_edad-recomendada":"10","_editorial":"Devir","imagen-header":"19044","_precio-proveedor":"","_fecha-compra":0},"product_brand":[],"product_cat":[162,168],"product_tag":[],"editoriales":[184],"class_list":{"0":"post-17303","1":"product","2":"type-product","3":"status-publish","4":"has-post-thumbnail","6":"product_cat-destacados","7":"product_cat-juegos-de-cartas","8":"editoriales-devir","10":"first","11":"instock","12":"shipping-taxable","13":"purchasable","14":"product-type-simple"},"_links":{"self":[{"href":"https:\/\/shapp.mx\/ludoteka\/wp-json\/wp\/v2\/product\/17303","targetHints":{"allow":["GET"]}}],"collection":[{"href":"https:\/\/shapp.mx\/ludoteka\/wp-json\/wp\/v2\/product"}],"about":[{"href":"https:\/\/shapp.mx\/ludoteka\/wp-json\/wp\/v2\/types\/product"}],"wp:featuredmedia":[{"embeddable":true,"href":"https:\/\/shapp.mx\/ludoteka\/wp-json\/wp\/v2\/media\/18398"}],"wp:attachment":[{"href":"https:\/\/shapp.mx\/ludoteka\/wp-json\/wp\/v2\/media?parent=17303"}],"wp:term":[{"taxonomy":"product_brand","embeddable":true,"href":"https:\/\/shapp.mx\/ludoteka\/wp-json\/wp\/v2\/product_brand?post=17303"},{"taxonomy":"product_cat","embeddable":true,"href":"https:\/\/shapp.mx\/ludoteka\/wp-json\/wp\/v2\/product_cat?post=17303"},{"taxonomy":"product_tag","embeddable":true,"href":"https:\/\/shapp.mx\/ludoteka\/wp-json\/wp\/v2\/product_tag?post=17303"},{"taxonomy":"editoriales","embeddable":true,"href":"https:\/\/shapp.mx\/ludoteka\/wp-json\/wp\/v2\/editoriales?post=17303"}],"curies":[{"name":"wp","href":"https:\/\/api.w.org\/{rel}","templated":true}]}}