{"id":17304,"date":"2023-04-21T16:32:09","date_gmt":"2023-04-21T22:32:09","guid":{"rendered":"https:\/\/arka.design\/ludoteka\/?post_type=product&#038;p=17304"},"modified":"2023-06-29T13:20:24","modified_gmt":"2023-06-29T19:20:24","slug":"mazescape","status":"publish","type":"product","link":"https:\/\/shapp.mx\/ludoteka\/producto\/mazescape\/","title":{"rendered":"Mazescape"},"content":{"rendered":"<p>Mazescape es un fascinante e intrigante juego de laberintos para un jugador que garantiza intensos momentos de aturdimiento cerebral mientras buscas la salida. Es un juego que puedes llevar a cualquier parte y jugar una y otra vez para descubrir todos los diferentes rincones de los siete mapas incluidos.<\/p>\n<p>Es un concepto completamente \u00fanico que promete sorprender y crear dolores de cabeza en igual medida. En este original juego de Devir, creado por dise\u00f1adores chilenos\u00a0<a href=\"https:\/\/devir.cl\/autor\/pablo-cespedes\/\">Pablo C\u00e9spedes<\/a>\u00a0y\u00a0<a href=\"https:\/\/devir.cl\/autor\/victor-hugo-cisternas\/\">V\u00edctor Hugo Cisternas<\/a>, desplegar\u00e1s un mapa sobre la mesa, donde comenzar\u00e1s en la rosa de los vientos con el puntero que encontrar\u00e1s en la caja, movi\u00e9ndolo por los caminos laber\u00ednticos marcados en blanco sin ni siquiera levantarlo del mapa. Tendr\u00e1s que abrir y cerrar diferentes partes del mapa en busca del Tri\u00e1ngulo Imposible que te permitir\u00e1 escapar del laberinto. Puedes pasar por debajo de los puentes, subir escaleras y correr en c\u00edrculos en el laberinto y en tu propia cabeza hasta que la salida finalmente te lleve al siguiente mapa.<\/p>\n<p>En Mazescape Lab\u00fdrinthos atravesar\u00e1s tres territorios bien definidos: los muelles, el cementerio y la monta\u00f1a. El primero de los mapas te ayudar\u00e1 a comprender los conceptos m\u00e1s esenciales del juego. Luego. a partir de ah\u00ed, se ir\u00e1n complicando progresivamente hasta llegar al desaf\u00edo final. Tambi\u00e9n tienen un mont\u00f3n de objetivos secundarios que puedes explorar para aprovechar al m\u00e1ximo el juego.<\/p>\n","protected":false},"excerpt":{"rendered":"<p>Mazescape es un fascinante e intrigante juego de laberintos para un jugador que garantiza intensos momentos de aturdimiento cerebral mientras buscas la salida. Es un juego que puedes llevar a cualquier parte y jugar una y otra vez para descubrir todos los diferentes rincones de los siete mapas incluidos. Es un concepto completamente \u00fanico que [&hellip;]<\/p>\n","protected":false},"featured_media":18400,"template":"","meta":{"inline_featured_image":false,"_juego_de_la_semana":"no","_idioma":"Espa\u00f1ol","_jugadores-minimos":"1","_jugadores-maximos":"","_duracion-minima":"5","_duracion-maxima":"90","_edad-recomendada":"8","_editorial":"Devir","imagen-header":"19044","_precio-proveedor":"","_fecha-compra":0},"product_brand":[],"product_cat":[162],"product_tag":[],"editoriales":[184],"class_list":{"0":"post-17304","1":"product","2":"type-product","3":"status-publish","4":"has-post-thumbnail","6":"product_cat-destacados","7":"editoriales-devir","9":"first","10":"instock","11":"shipping-taxable","12":"purchasable","13":"product-type-simple"},"_links":{"self":[{"href":"https:\/\/shapp.mx\/ludoteka\/wp-json\/wp\/v2\/product\/17304","targetHints":{"allow":["GET"]}}],"collection":[{"href":"https:\/\/shapp.mx\/ludoteka\/wp-json\/wp\/v2\/product"}],"about":[{"href":"https:\/\/shapp.mx\/ludoteka\/wp-json\/wp\/v2\/types\/product"}],"wp:featuredmedia":[{"embeddable":true,"href":"https:\/\/shapp.mx\/ludoteka\/wp-json\/wp\/v2\/media\/18400"}],"wp:attachment":[{"href":"https:\/\/shapp.mx\/ludoteka\/wp-json\/wp\/v2\/media?parent=17304"}],"wp:term":[{"taxonomy":"product_brand","embeddable":true,"href":"https:\/\/shapp.mx\/ludoteka\/wp-json\/wp\/v2\/product_brand?post=17304"},{"taxonomy":"product_cat","embeddable":true,"href":"https:\/\/shapp.mx\/ludoteka\/wp-json\/wp\/v2\/product_cat?post=17304"},{"taxonomy":"product_tag","embeddable":true,"href":"https:\/\/shapp.mx\/ludoteka\/wp-json\/wp\/v2\/product_tag?post=17304"},{"taxonomy":"editoriales","embeddable":true,"href":"https:\/\/shapp.mx\/ludoteka\/wp-json\/wp\/v2\/editoriales?post=17304"}],"curies":[{"name":"wp","href":"https:\/\/api.w.org\/{rel}","templated":true}]}}