{"id":17306,"date":"2023-04-21T16:32:09","date_gmt":"2023-04-21T22:32:09","guid":{"rendered":"https:\/\/arka.design\/ludoteka\/?post_type=product&#038;p=17306"},"modified":"2023-06-29T13:16:48","modified_gmt":"2023-06-29T19:16:48","slug":"megacity-oceania","status":"publish","type":"product","link":"https:\/\/shapp.mx\/ludoteka\/producto\/megacity-oceania\/","title":{"rendered":"Megacity Oceania"},"content":{"rendered":"<p>Comienza la construcci\u00f3n de la primera MegaCity oce\u00e1nica. Usted es la pr\u00f3xima generaci\u00f3n de arquitectos construyendo superestructuras imponentes en inmensas plataformas flotantes.<\/p>\n","protected":false},"excerpt":{"rendered":"<p>Comienza la construcci\u00f3n de la primera MegaCity oce\u00e1nica. Usted es la pr\u00f3xima generaci\u00f3n de arquitectos construyendo superestructuras imponentes en inmensas plataformas flotantes.<\/p>\n","protected":false},"featured_media":18548,"template":"","meta":{"inline_featured_image":false,"_juego_de_la_semana":"no","_idioma":"Espa\u00f1ol","_jugadores-minimos":"2","_jugadores-maximos":"4","_duracion-minima":"","_duracion-maxima":"","_edad-recomendada":"","_editorial":"Devir","imagen-header":"19044","_precio-proveedor":"","_fecha-compra":0},"product_brand":[],"product_cat":[162],"product_tag":[],"editoriales":[184],"class_list":{"0":"post-17306","1":"product","2":"type-product","3":"status-publish","4":"has-post-thumbnail","6":"product_cat-destacados","7":"editoriales-devir","9":"first","10":"instock","11":"shipping-taxable","12":"purchasable","13":"product-type-simple"},"_links":{"self":[{"href":"https:\/\/shapp.mx\/ludoteka\/wp-json\/wp\/v2\/product\/17306","targetHints":{"allow":["GET"]}}],"collection":[{"href":"https:\/\/shapp.mx\/ludoteka\/wp-json\/wp\/v2\/product"}],"about":[{"href":"https:\/\/shapp.mx\/ludoteka\/wp-json\/wp\/v2\/types\/product"}],"wp:featuredmedia":[{"embeddable":true,"href":"https:\/\/shapp.mx\/ludoteka\/wp-json\/wp\/v2\/media\/18548"}],"wp:attachment":[{"href":"https:\/\/shapp.mx\/ludoteka\/wp-json\/wp\/v2\/media?parent=17306"}],"wp:term":[{"taxonomy":"product_brand","embeddable":true,"href":"https:\/\/shapp.mx\/ludoteka\/wp-json\/wp\/v2\/product_brand?post=17306"},{"taxonomy":"product_cat","embeddable":true,"href":"https:\/\/shapp.mx\/ludoteka\/wp-json\/wp\/v2\/product_cat?post=17306"},{"taxonomy":"product_tag","embeddable":true,"href":"https:\/\/shapp.mx\/ludoteka\/wp-json\/wp\/v2\/product_tag?post=17306"},{"taxonomy":"editoriales","embeddable":true,"href":"https:\/\/shapp.mx\/ludoteka\/wp-json\/wp\/v2\/editoriales?post=17306"}],"curies":[{"name":"wp","href":"https:\/\/api.w.org\/{rel}","templated":true}]}}