{"id":17309,"date":"2023-04-21T16:32:10","date_gmt":"2023-04-21T22:32:10","guid":{"rendered":"https:\/\/arka.design\/ludoteka\/?post_type=product&#038;p=17309"},"modified":"2023-06-29T13:13:03","modified_gmt":"2023-06-29T19:13:03","slug":"pick-a-foca","status":"publish","type":"product","link":"https:\/\/shapp.mx\/ludoteka\/producto\/pick-a-foca\/","title":{"rendered":"Pick A Foca"},"content":{"rendered":"<p>Juego de percepci\u00f3n y velocidad. Busca las diferencias entre las cartas y acumula todas.<br \/>\nJ\u00fantalo con con Pick a Oso Polar para jugar con hasta 8 jugadores.<\/p>\n<p>Cada jugador recibe una carta boca abajo. A la voz de \u00ab\u00a1YA!\u00bb, voltea tu carta y apres\u00farate a coger otro cerdo que sea exactamente igual o muestre una \u00fanica diferencia con respecto a tu carta. Sigue cogiendo tantas cartas v\u00e1lidas como puedas. Cuando ya no puedas m\u00e1s, grita \u00ab\u00a1ALTO!\u00bb y recibe tu recompensa.<\/p>\n<p>\u00a1Consigue m\u00e1s cartas que los dem\u00e1s y ser\u00e1s el ganador!<\/p>\n<p>Pon a prueba tus reflejos y tu percepci\u00f3n visual. Tendr\u00e1s que conseguir el mayor n\u00famero de seguidores posibles para ganar m\u00e1s cartas que tus contrincantes. Tendr\u00e1s que encontrar una carta id\u00e9ntica a la tuya o que solo se diferencia de la anterior en una sola caracter\u00edstica.<\/p>\n","protected":false},"excerpt":{"rendered":"<p>Juego de percepci\u00f3n y velocidad. Busca las diferencias entre las cartas y acumula todas. J\u00fantalo con con Pick a Oso Polar para jugar con hasta 8 jugadores. Cada jugador recibe una carta boca abajo. A la voz de \u00ab\u00a1YA!\u00bb, voltea tu carta y apres\u00farate a coger otro cerdo que sea exactamente igual o muestre una [&hellip;]<\/p>\n","protected":false},"featured_media":18413,"template":"","meta":{"inline_featured_image":false,"_juego_de_la_semana":"no","_idioma":"Espa\u00f1ol","_jugadores-minimos":"1","_jugadores-maximos":"5","_duracion-minima":"15","_duracion-maxima":"","_edad-recomendada":"8","_editorial":"Devir","imagen-header":"19044","_precio-proveedor":"","_fecha-compra":0},"product_brand":[],"product_cat":[168],"product_tag":[],"editoriales":[184],"class_list":{"0":"post-17309","1":"product","2":"type-product","3":"status-publish","4":"has-post-thumbnail","6":"product_cat-juegos-de-cartas","7":"editoriales-devir","9":"first","10":"instock","11":"shipping-taxable","12":"purchasable","13":"product-type-simple"},"_links":{"self":[{"href":"https:\/\/shapp.mx\/ludoteka\/wp-json\/wp\/v2\/product\/17309","targetHints":{"allow":["GET"]}}],"collection":[{"href":"https:\/\/shapp.mx\/ludoteka\/wp-json\/wp\/v2\/product"}],"about":[{"href":"https:\/\/shapp.mx\/ludoteka\/wp-json\/wp\/v2\/types\/product"}],"wp:featuredmedia":[{"embeddable":true,"href":"https:\/\/shapp.mx\/ludoteka\/wp-json\/wp\/v2\/media\/18413"}],"wp:attachment":[{"href":"https:\/\/shapp.mx\/ludoteka\/wp-json\/wp\/v2\/media?parent=17309"}],"wp:term":[{"taxonomy":"product_brand","embeddable":true,"href":"https:\/\/shapp.mx\/ludoteka\/wp-json\/wp\/v2\/product_brand?post=17309"},{"taxonomy":"product_cat","embeddable":true,"href":"https:\/\/shapp.mx\/ludoteka\/wp-json\/wp\/v2\/product_cat?post=17309"},{"taxonomy":"product_tag","embeddable":true,"href":"https:\/\/shapp.mx\/ludoteka\/wp-json\/wp\/v2\/product_tag?post=17309"},{"taxonomy":"editoriales","embeddable":true,"href":"https:\/\/shapp.mx\/ludoteka\/wp-json\/wp\/v2\/editoriales?post=17309"}],"curies":[{"name":"wp","href":"https:\/\/api.w.org\/{rel}","templated":true}]}}