{"id":17311,"date":"2023-04-21T16:32:10","date_gmt":"2023-04-21T22:32:10","guid":{"rendered":"https:\/\/arka.design\/ludoteka\/?post_type=product&#038;p=17311"},"modified":"2023-06-29T13:15:27","modified_gmt":"2023-06-29T19:15:27","slug":"plenus-2","status":"publish","type":"product","link":"https:\/\/shapp.mx\/ludoteka\/producto\/plenus-2\/","title":{"rendered":"Plenus 2"},"content":{"rendered":"<p>\u00a1Plenus vuelve con m\u00e1s fuerza que nunca! El juego de lanzar dados y escribir que m\u00e1s risas y piques ha dado regresa con una nueva versi\u00f3n cargada de sorpresas.<br \/>\nUn nuevo panel completamente distinto en el que encontraremos bombas, que nos permitir\u00e1n tachar muchas casillas de golpe, corazones, que nos dar\u00e1n puntos adicionales y nuevas formas de puntuar. \u00a1Lanza tu dado de bonificaci\u00f3n y sorprende al resto de jugadores! Con Plenus 2, el doble de risas, el doble de diversi\u00f3n.<\/p>\n","protected":false},"excerpt":{"rendered":"<p>\u00a1Plenus vuelve con m\u00e1s fuerza que nunca! El juego de lanzar dados y escribir que m\u00e1s risas y piques ha dado regresa con una nueva versi\u00f3n cargada de sorpresas. Un nuevo panel completamente distinto en el que encontraremos bombas, que nos permitir\u00e1n tachar muchas casillas de golpe, corazones, que nos dar\u00e1n puntos adicionales y nuevas [&hellip;]<\/p>\n","protected":false},"featured_media":19004,"template":"","meta":{"inline_featured_image":false,"_juego_de_la_semana":"no","_idioma":"Espa\u00f1ol","_jugadores-minimos":"1","_jugadores-maximos":"6","_duracion-minima":"20","_duracion-maxima":"","_edad-recomendada":"8","_editorial":"Devir","imagen-header":"19044","_precio-proveedor":"","_fecha-compra":0},"product_brand":[],"product_cat":[161],"product_tag":[],"editoriales":[184],"class_list":{"0":"post-17311","1":"product","2":"type-product","3":"status-publish","4":"has-post-thumbnail","6":"product_cat-dados","7":"editoriales-devir","9":"first","10":"instock","11":"shipping-taxable","12":"purchasable","13":"product-type-simple"},"_links":{"self":[{"href":"https:\/\/shapp.mx\/ludoteka\/wp-json\/wp\/v2\/product\/17311","targetHints":{"allow":["GET"]}}],"collection":[{"href":"https:\/\/shapp.mx\/ludoteka\/wp-json\/wp\/v2\/product"}],"about":[{"href":"https:\/\/shapp.mx\/ludoteka\/wp-json\/wp\/v2\/types\/product"}],"wp:featuredmedia":[{"embeddable":true,"href":"https:\/\/shapp.mx\/ludoteka\/wp-json\/wp\/v2\/media\/19004"}],"wp:attachment":[{"href":"https:\/\/shapp.mx\/ludoteka\/wp-json\/wp\/v2\/media?parent=17311"}],"wp:term":[{"taxonomy":"product_brand","embeddable":true,"href":"https:\/\/shapp.mx\/ludoteka\/wp-json\/wp\/v2\/product_brand?post=17311"},{"taxonomy":"product_cat","embeddable":true,"href":"https:\/\/shapp.mx\/ludoteka\/wp-json\/wp\/v2\/product_cat?post=17311"},{"taxonomy":"product_tag","embeddable":true,"href":"https:\/\/shapp.mx\/ludoteka\/wp-json\/wp\/v2\/product_tag?post=17311"},{"taxonomy":"editoriales","embeddable":true,"href":"https:\/\/shapp.mx\/ludoteka\/wp-json\/wp\/v2\/editoriales?post=17311"}],"curies":[{"name":"wp","href":"https:\/\/api.w.org\/{rel}","templated":true}]}}