{"id":17312,"date":"2023-04-21T16:32:11","date_gmt":"2023-04-21T22:32:11","guid":{"rendered":"https:\/\/arka.design\/ludoteka\/?post_type=product&#038;p=17312"},"modified":"2023-06-29T13:07:16","modified_gmt":"2023-06-29T19:07:16","slug":"qwirkle","status":"publish","type":"product","link":"https:\/\/shapp.mx\/ludoteka\/producto\/qwirkle\/","title":{"rendered":"Qwirkle"},"content":{"rendered":"<p>El juego consta de 108 azulejos de madera con seis formas en seis colores. Utilizando los jugadores de azulejos anotan puntos construyendo l\u00edneas que comparten un atributo com\u00fan, ya sea color o forma. Qwirkle es un juego r\u00e1pido para aprender, pero pronto descubrir\u00e1s que necesitas pensar estrat\u00e9gicamente para anotar m\u00e1s puntos puntos<\/p>\n","protected":false},"excerpt":{"rendered":"<p>El juego consta de 108 azulejos de madera con seis formas en seis colores. Utilizando los jugadores de azulejos anotan puntos construyendo l\u00edneas que comparten un atributo com\u00fan, ya sea color o forma. Qwirkle es un juego r\u00e1pido para aprender, pero pronto descubrir\u00e1s que necesitas pensar estrat\u00e9gicamente para anotar m\u00e1s puntos puntos<\/p>\n","protected":false},"featured_media":18416,"template":"","meta":{"inline_featured_image":false,"_juego_de_la_semana":"no","_idioma":"Ingles","_jugadores-minimos":"2","_jugadores-maximos":"4","_duracion-minima":"20","_duracion-maxima":"","_edad-recomendada":"12","_editorial":"MindWare","imagen-header":"19044","_precio-proveedor":"","_fecha-compra":0},"product_brand":[],"product_cat":[171],"product_tag":[],"editoriales":[188],"class_list":{"0":"post-17312","1":"product","2":"type-product","3":"status-publish","4":"has-post-thumbnail","6":"product_cat-party-game","7":"editoriales-mindware","9":"first","10":"outofstock","11":"shipping-taxable","12":"purchasable","13":"product-type-simple"},"_links":{"self":[{"href":"https:\/\/shapp.mx\/ludoteka\/wp-json\/wp\/v2\/product\/17312","targetHints":{"allow":["GET"]}}],"collection":[{"href":"https:\/\/shapp.mx\/ludoteka\/wp-json\/wp\/v2\/product"}],"about":[{"href":"https:\/\/shapp.mx\/ludoteka\/wp-json\/wp\/v2\/types\/product"}],"wp:featuredmedia":[{"embeddable":true,"href":"https:\/\/shapp.mx\/ludoteka\/wp-json\/wp\/v2\/media\/18416"}],"wp:attachment":[{"href":"https:\/\/shapp.mx\/ludoteka\/wp-json\/wp\/v2\/media?parent=17312"}],"wp:term":[{"taxonomy":"product_brand","embeddable":true,"href":"https:\/\/shapp.mx\/ludoteka\/wp-json\/wp\/v2\/product_brand?post=17312"},{"taxonomy":"product_cat","embeddable":true,"href":"https:\/\/shapp.mx\/ludoteka\/wp-json\/wp\/v2\/product_cat?post=17312"},{"taxonomy":"product_tag","embeddable":true,"href":"https:\/\/shapp.mx\/ludoteka\/wp-json\/wp\/v2\/product_tag?post=17312"},{"taxonomy":"editoriales","embeddable":true,"href":"https:\/\/shapp.mx\/ludoteka\/wp-json\/wp\/v2\/editoriales?post=17312"}],"curies":[{"name":"wp","href":"https:\/\/api.w.org\/{rel}","templated":true}]}}