{"id":17314,"date":"2023-04-21T16:32:11","date_gmt":"2023-04-21T22:32:11","guid":{"rendered":"https:\/\/arka.design\/ludoteka\/?post_type=product&#038;p=17314"},"modified":"2023-06-29T12:58:14","modified_gmt":"2023-06-29T18:58:14","slug":"rhino-hero-super","status":"publish","type":"product","link":"https:\/\/shapp.mx\/ludoteka\/producto\/rhino-hero-super\/","title":{"rendered":"Rhino Hero Super"},"content":{"rendered":"<p>Juego de habilidad en el que cada jugador dispondr\u00e1 de una mano de tejado que indican las paredes que se deben colocar. Estas paredes deben colocarse sobre una serie de puntos marcados en unos cimientos antes de colocar la carta de tejado. Luego, el jugador lanzar\u00e1 un dado que determinar\u00e1 cuantas plantas puede ascender su personaje. Pero si accedemos a una planta ocupada por otro jugador, ocurrir\u00e1 un combate. El que pierda el combate deber\u00e1 descender una planta.<\/p>\n","protected":false},"excerpt":{"rendered":"<p>Juego de habilidad en el que cada jugador dispondr\u00e1 de una mano de tejado que indican las paredes que se deben colocar. Estas paredes deben colocarse sobre una serie de puntos marcados en unos cimientos antes de colocar la carta de tejado. Luego, el jugador lanzar\u00e1 un dado que determinar\u00e1 cuantas plantas puede ascender su [&hellip;]<\/p>\n","protected":false},"featured_media":18418,"template":"","meta":{"inline_featured_image":false,"_juego_de_la_semana":"no","_idioma":"Espa\u00f1ol","_jugadores-minimos":"2","_jugadores-maximos":"4","_duracion-minima":"20","_duracion-maxima":"","_edad-recomendada":"5","_editorial":"Haba","imagen-header":"19044","_precio-proveedor":"","_fecha-compra":0},"product_brand":[],"product_cat":[165],"product_tag":[],"editoriales":[185],"class_list":{"0":"post-17314","1":"product","2":"type-product","3":"status-publish","4":"has-post-thumbnail","6":"product_cat-infantil","7":"editoriales-haba","9":"first","10":"instock","11":"shipping-taxable","12":"purchasable","13":"product-type-simple"},"_links":{"self":[{"href":"https:\/\/shapp.mx\/ludoteka\/wp-json\/wp\/v2\/product\/17314","targetHints":{"allow":["GET"]}}],"collection":[{"href":"https:\/\/shapp.mx\/ludoteka\/wp-json\/wp\/v2\/product"}],"about":[{"href":"https:\/\/shapp.mx\/ludoteka\/wp-json\/wp\/v2\/types\/product"}],"wp:featuredmedia":[{"embeddable":true,"href":"https:\/\/shapp.mx\/ludoteka\/wp-json\/wp\/v2\/media\/18418"}],"wp:attachment":[{"href":"https:\/\/shapp.mx\/ludoteka\/wp-json\/wp\/v2\/media?parent=17314"}],"wp:term":[{"taxonomy":"product_brand","embeddable":true,"href":"https:\/\/shapp.mx\/ludoteka\/wp-json\/wp\/v2\/product_brand?post=17314"},{"taxonomy":"product_cat","embeddable":true,"href":"https:\/\/shapp.mx\/ludoteka\/wp-json\/wp\/v2\/product_cat?post=17314"},{"taxonomy":"product_tag","embeddable":true,"href":"https:\/\/shapp.mx\/ludoteka\/wp-json\/wp\/v2\/product_tag?post=17314"},{"taxonomy":"editoriales","embeddable":true,"href":"https:\/\/shapp.mx\/ludoteka\/wp-json\/wp\/v2\/editoriales?post=17314"}],"curies":[{"name":"wp","href":"https:\/\/api.w.org\/{rel}","templated":true}]}}