{"id":17315,"date":"2023-04-21T16:32:11","date_gmt":"2023-04-21T22:32:11","guid":{"rendered":"https:\/\/arka.design\/ludoteka\/?post_type=product&#038;p=17315"},"modified":"2023-06-29T12:57:09","modified_gmt":"2023-06-29T18:57:09","slug":"saboteur","status":"publish","type":"product","link":"https:\/\/shapp.mx\/ludoteka\/producto\/saboteur\/","title":{"rendered":"Saboteur"},"content":{"rendered":"<p>Est\u00e1s buscando oro en lo profundo del laberinto sombr\u00edo de un t\u00fanel minero, cuando de repente un pico rompe tu l\u00e1mpara y la caverna se vuelve negra. El saboteador ha golpeado de nuevo. . . pero \u00bfqui\u00e9n es el saboteador?<\/p>\n","protected":false},"excerpt":{"rendered":"<p>Est\u00e1s buscando oro en lo profundo del laberinto sombr\u00edo de un t\u00fanel minero, cuando de repente un pico rompe tu l\u00e1mpara y la caverna se vuelve negra. El saboteador ha golpeado de nuevo. . . pero \u00bfqui\u00e9n es el saboteador?<\/p>\n","protected":false},"featured_media":18419,"template":"","meta":{"inline_featured_image":false,"_juego_de_la_semana":"no","_idioma":"Espa\u00f1ol","_jugadores-minimos":"2","_jugadores-maximos":"12","_duracion-minima":"30","_duracion-maxima":"","_edad-recomendada":"8","_editorial":"Amigo","imagen-header":"19044","_precio-proveedor":"","_fecha-compra":0},"product_brand":[],"product_cat":[162,168],"product_tag":[],"editoriales":[181],"class_list":{"0":"post-17315","1":"product","2":"type-product","3":"status-publish","4":"has-post-thumbnail","6":"product_cat-destacados","7":"product_cat-juegos-de-cartas","8":"editoriales-amigo","10":"first","11":"instock","12":"shipping-taxable","13":"product-type-simple"},"_links":{"self":[{"href":"https:\/\/shapp.mx\/ludoteka\/wp-json\/wp\/v2\/product\/17315","targetHints":{"allow":["GET"]}}],"collection":[{"href":"https:\/\/shapp.mx\/ludoteka\/wp-json\/wp\/v2\/product"}],"about":[{"href":"https:\/\/shapp.mx\/ludoteka\/wp-json\/wp\/v2\/types\/product"}],"wp:featuredmedia":[{"embeddable":true,"href":"https:\/\/shapp.mx\/ludoteka\/wp-json\/wp\/v2\/media\/18419"}],"wp:attachment":[{"href":"https:\/\/shapp.mx\/ludoteka\/wp-json\/wp\/v2\/media?parent=17315"}],"wp:term":[{"taxonomy":"product_brand","embeddable":true,"href":"https:\/\/shapp.mx\/ludoteka\/wp-json\/wp\/v2\/product_brand?post=17315"},{"taxonomy":"product_cat","embeddable":true,"href":"https:\/\/shapp.mx\/ludoteka\/wp-json\/wp\/v2\/product_cat?post=17315"},{"taxonomy":"product_tag","embeddable":true,"href":"https:\/\/shapp.mx\/ludoteka\/wp-json\/wp\/v2\/product_tag?post=17315"},{"taxonomy":"editoriales","embeddable":true,"href":"https:\/\/shapp.mx\/ludoteka\/wp-json\/wp\/v2\/editoriales?post=17315"}],"curies":[{"name":"wp","href":"https:\/\/api.w.org\/{rel}","templated":true}]}}