{"id":17317,"date":"2023-04-21T16:32:12","date_gmt":"2023-04-21T22:32:12","guid":{"rendered":"https:\/\/arka.design\/ludoteka\/?post_type=product&#038;p=17317"},"modified":"2023-06-29T12:52:51","modified_gmt":"2023-06-29T18:52:51","slug":"seafall","status":"publish","type":"product","link":"https:\/\/shapp.mx\/ludoteka\/producto\/seafall\/","title":{"rendered":"SeaFall"},"content":{"rendered":"<p>Es un juego 4X (explorar, expandir, explotar y exterminar) ambientado en un mundo de \u00abla era de la vela\u00bb que recuerda a nuestro mundo. En SeaFall, el mundo est\u00e1 empezando a salir de una edad oscura y ha comenzado a redescubrir la tecnolog\u00eda mar\u00edtima. Los jugadores asumen el papel de un imperio de la parte continental que consulta con un consorcio de asesores para descubrir nuevas islas, explorar esas islas, desarrollar el comercio, enviar grupos de asalto, participar en combates de barco a barco y m\u00e1s. SeaFall evoluciona a medida que se juega, configurando sus rencores en la historia del juego y construyendo una narrativa diferente en cada mesa a medida que los jugadores se abren al mundo.<\/p>\n","protected":false},"excerpt":{"rendered":"<p>Es un juego 4X (explorar, expandir, explotar y exterminar) ambientado en un mundo de \u00abla era de la vela\u00bb que recuerda a nuestro mundo. En SeaFall, el mundo est\u00e1 empezando a salir de una edad oscura y ha comenzado a redescubrir la tecnolog\u00eda mar\u00edtima. Los jugadores asumen el papel de un imperio de la parte [&hellip;]<\/p>\n","protected":false},"featured_media":18421,"template":"","meta":{"inline_featured_image":false,"_juego_de_la_semana":"no","_idioma":"Ingles","_jugadores-minimos":"3","_jugadores-maximos":"5","_duracion-minima":"90","_duracion-maxima":"120","_edad-recomendada":"8","_editorial":"","imagen-header":"19044","_precio-proveedor":"","_fecha-compra":0},"product_brand":[],"product_cat":[162,164],"product_tag":[],"editoriales":[],"class_list":{"0":"post-17317","1":"product","2":"type-product","3":"status-publish","4":"has-post-thumbnail","6":"product_cat-destacados","7":"product_cat-eurogame","9":"first","10":"instock","11":"sale","12":"featured","13":"shipping-taxable","14":"purchasable","15":"product-type-simple"},"_links":{"self":[{"href":"https:\/\/shapp.mx\/ludoteka\/wp-json\/wp\/v2\/product\/17317","targetHints":{"allow":["GET"]}}],"collection":[{"href":"https:\/\/shapp.mx\/ludoteka\/wp-json\/wp\/v2\/product"}],"about":[{"href":"https:\/\/shapp.mx\/ludoteka\/wp-json\/wp\/v2\/types\/product"}],"wp:featuredmedia":[{"embeddable":true,"href":"https:\/\/shapp.mx\/ludoteka\/wp-json\/wp\/v2\/media\/18421"}],"wp:attachment":[{"href":"https:\/\/shapp.mx\/ludoteka\/wp-json\/wp\/v2\/media?parent=17317"}],"wp:term":[{"taxonomy":"product_brand","embeddable":true,"href":"https:\/\/shapp.mx\/ludoteka\/wp-json\/wp\/v2\/product_brand?post=17317"},{"taxonomy":"product_cat","embeddable":true,"href":"https:\/\/shapp.mx\/ludoteka\/wp-json\/wp\/v2\/product_cat?post=17317"},{"taxonomy":"product_tag","embeddable":true,"href":"https:\/\/shapp.mx\/ludoteka\/wp-json\/wp\/v2\/product_tag?post=17317"},{"taxonomy":"editoriales","embeddable":true,"href":"https:\/\/shapp.mx\/ludoteka\/wp-json\/wp\/v2\/editoriales?post=17317"}],"curies":[{"name":"wp","href":"https:\/\/api.w.org\/{rel}","templated":true}]}}