{"id":17318,"date":"2023-04-21T16:32:12","date_gmt":"2023-04-21T22:32:12","guid":{"rendered":"https:\/\/arka.design\/ludoteka\/?post_type=product&#038;p=17318"},"modified":"2023-06-29T12:53:38","modified_gmt":"2023-06-29T18:53:38","slug":"stella","status":"publish","type":"product","link":"https:\/\/shapp.mx\/ludoteka\/producto\/stella\/","title":{"rendered":"Stella"},"content":{"rendered":"<p>Un nuevo juego emocionante en el universo DIXIT: Starseekers Explora el cielo y trae algo de luz de vuelta a tu mundo. Toma riesgos calculados, pero ten cuidado con la ca\u00edda. uego de intercambio de im\u00e1genes: en cada ronda, los jugadores interpretan cartas Dixit en un tablero despu\u00e9s de recibir una palabra de pista com\u00fan. Cada jugador observa las cartas Dixit y asocia secretamente estas cartas con la palabra pista, marcando en sus pizarras personales borrables las cartas que eligen.<\/p>\n","protected":false},"excerpt":{"rendered":"<p>Un nuevo juego emocionante en el universo DIXIT: Starseekers Explora el cielo y trae algo de luz de vuelta a tu mundo. Toma riesgos calculados, pero ten cuidado con la ca\u00edda. uego de intercambio de im\u00e1genes: en cada ronda, los jugadores interpretan cartas Dixit en un tablero despu\u00e9s de recibir una palabra de pista com\u00fan. [&hellip;]<\/p>\n","protected":false},"featured_media":18428,"template":"","meta":{"inline_featured_image":false,"_juego_de_la_semana":"no","_idioma":"Espa\u00f1ol","_jugadores-minimos":"3","_jugadores-maximos":"6","_duracion-minima":"30","_duracion-maxima":"","_edad-recomendada":"8","_editorial":"Libellud","imagen-header":"19044","_precio-proveedor":"","_fecha-compra":0},"product_brand":[],"product_cat":[162,168],"product_tag":[],"editoriales":[186],"class_list":{"0":"post-17318","1":"product","2":"type-product","3":"status-publish","4":"has-post-thumbnail","6":"product_cat-destacados","7":"product_cat-juegos-de-cartas","8":"editoriales-libellud","10":"first","11":"instock","12":"featured","13":"shipping-taxable","14":"purchasable","15":"product-type-simple"},"_links":{"self":[{"href":"https:\/\/shapp.mx\/ludoteka\/wp-json\/wp\/v2\/product\/17318","targetHints":{"allow":["GET"]}}],"collection":[{"href":"https:\/\/shapp.mx\/ludoteka\/wp-json\/wp\/v2\/product"}],"about":[{"href":"https:\/\/shapp.mx\/ludoteka\/wp-json\/wp\/v2\/types\/product"}],"wp:featuredmedia":[{"embeddable":true,"href":"https:\/\/shapp.mx\/ludoteka\/wp-json\/wp\/v2\/media\/18428"}],"wp:attachment":[{"href":"https:\/\/shapp.mx\/ludoteka\/wp-json\/wp\/v2\/media?parent=17318"}],"wp:term":[{"taxonomy":"product_brand","embeddable":true,"href":"https:\/\/shapp.mx\/ludoteka\/wp-json\/wp\/v2\/product_brand?post=17318"},{"taxonomy":"product_cat","embeddable":true,"href":"https:\/\/shapp.mx\/ludoteka\/wp-json\/wp\/v2\/product_cat?post=17318"},{"taxonomy":"product_tag","embeddable":true,"href":"https:\/\/shapp.mx\/ludoteka\/wp-json\/wp\/v2\/product_tag?post=17318"},{"taxonomy":"editoriales","embeddable":true,"href":"https:\/\/shapp.mx\/ludoteka\/wp-json\/wp\/v2\/editoriales?post=17318"}],"curies":[{"name":"wp","href":"https:\/\/api.w.org\/{rel}","templated":true}]}}