{"id":17320,"date":"2023-04-21T16:32:13","date_gmt":"2023-04-21T22:32:13","guid":{"rendered":"https:\/\/arka.design\/ludoteka\/?post_type=product&#038;p=17320"},"modified":"2023-06-29T12:52:10","modified_gmt":"2023-06-29T18:52:10","slug":"sushi-go-party","status":"publish","type":"product","link":"https:\/\/shapp.mx\/ludoteka\/producto\/sushi-go-party\/","title":{"rendered":"Sushi Go Party"},"content":{"rendered":"<p>Conv\u00edrtete en el mejor cocinero de sushi consiguiendo la mayor cantidad de puntos, acumula el mayor n?mero de platos de sushi iguales. Esta versi\u00f3n adem\u00e1s del juego b\u00e1sico, incluye m?s de 20 platos diferentes, adem\u00e1s de poder jugar hasta 8 jugadores as\u00ed que escoge tu propio men\u00fa al iniciar la partida.<\/p>\n","protected":false},"excerpt":{"rendered":"<p>Conv\u00edrtete en el mejor cocinero de sushi consiguiendo la mayor cantidad de puntos, acumula el mayor n?mero de platos de sushi iguales. Esta versi\u00f3n adem\u00e1s del juego b\u00e1sico, incluye m?s de 20 platos diferentes, adem\u00e1s de poder jugar hasta 8 jugadores as\u00ed que escoge tu propio men\u00fa al iniciar la partida.<\/p>\n","protected":false},"featured_media":18430,"template":"","meta":{"inline_featured_image":false,"_juego_de_la_semana":"no","_idioma":"Espa\u00f1ol","_jugadores-minimos":"2","_jugadores-maximos":"8","_duracion-minima":"20","_duracion-maxima":"","_edad-recomendada":"8","_editorial":"Devir","imagen-header":"19044","_precio-proveedor":"","_fecha-compra":0},"product_brand":[],"product_cat":[168,171],"product_tag":[],"editoriales":[184],"class_list":{"0":"post-17320","1":"product","2":"type-product","3":"status-publish","4":"has-post-thumbnail","6":"product_cat-juegos-de-cartas","7":"product_cat-party-game","8":"editoriales-devir","10":"first","11":"instock","12":"shipping-taxable","13":"purchasable","14":"product-type-simple"},"_links":{"self":[{"href":"https:\/\/shapp.mx\/ludoteka\/wp-json\/wp\/v2\/product\/17320","targetHints":{"allow":["GET"]}}],"collection":[{"href":"https:\/\/shapp.mx\/ludoteka\/wp-json\/wp\/v2\/product"}],"about":[{"href":"https:\/\/shapp.mx\/ludoteka\/wp-json\/wp\/v2\/types\/product"}],"wp:featuredmedia":[{"embeddable":true,"href":"https:\/\/shapp.mx\/ludoteka\/wp-json\/wp\/v2\/media\/18430"}],"wp:attachment":[{"href":"https:\/\/shapp.mx\/ludoteka\/wp-json\/wp\/v2\/media?parent=17320"}],"wp:term":[{"taxonomy":"product_brand","embeddable":true,"href":"https:\/\/shapp.mx\/ludoteka\/wp-json\/wp\/v2\/product_brand?post=17320"},{"taxonomy":"product_cat","embeddable":true,"href":"https:\/\/shapp.mx\/ludoteka\/wp-json\/wp\/v2\/product_cat?post=17320"},{"taxonomy":"product_tag","embeddable":true,"href":"https:\/\/shapp.mx\/ludoteka\/wp-json\/wp\/v2\/product_tag?post=17320"},{"taxonomy":"editoriales","embeddable":true,"href":"https:\/\/shapp.mx\/ludoteka\/wp-json\/wp\/v2\/editoriales?post=17320"}],"curies":[{"name":"wp","href":"https:\/\/api.w.org\/{rel}","templated":true}]}}