{"id":17321,"date":"2023-04-21T16:32:13","date_gmt":"2023-04-21T22:32:13","guid":{"rendered":"https:\/\/arka.design\/ludoteka\/?post_type=product&#038;p=17321"},"modified":"2023-06-29T12:47:47","modified_gmt":"2023-06-29T18:47:47","slug":"time-bomb-evolution","status":"publish","type":"product","link":"https:\/\/shapp.mx\/ludoteka\/producto\/time-bomb-evolution\/","title":{"rendered":"Time Bomb Evolution"},"content":{"rendered":"<p>Conoce la nueva evoluci\u00f3n del minijuego m\u00e1s vendido: bomba de tiempo. Moriarty ahora ha plantado bombas en varios monumentos de Londres y el equipo de Sherlock Holmes debe desactivarlas todas. Pero ten cuidado: cada desactivaci\u00f3n ahora desencadena efectos inesperados, y m\u00e1s que nunca cuestionar\u00e1s la identidad secreta de los otros jugadores. Da rienda suelta al placer \u00fanico de este incre\u00edble juego de deducci\u00f3n y farol en una nueva versi\u00f3n, m\u00e1s explosivo que nunca.<\/p>\n","protected":false},"excerpt":{"rendered":"<p>Conoce la nueva evoluci\u00f3n del minijuego m\u00e1s vendido: bomba de tiempo. Moriarty ahora ha plantado bombas en varios monumentos de Londres y el equipo de Sherlock Holmes debe desactivarlas todas. Pero ten cuidado: cada desactivaci\u00f3n ahora desencadena efectos inesperados, y m\u00e1s que nunca cuestionar\u00e1s la identidad secreta de los otros jugadores. Da rienda suelta al [&hellip;]<\/p>\n","protected":false},"featured_media":18433,"template":"","meta":{"inline_featured_image":false,"_juego_de_la_semana":"no","_idioma":"Espa\u00f1ol","_jugadores-minimos":"4","_jugadores-maximos":"6","_duracion-minima":"15","_duracion-maxima":"","_edad-recomendada":"8","_editorial":"Devir","imagen-header":"19044","_precio-proveedor":"","_fecha-compra":0},"product_brand":[],"product_cat":[168],"product_tag":[],"editoriales":[184],"class_list":{"0":"post-17321","1":"product","2":"type-product","3":"status-publish","4":"has-post-thumbnail","6":"product_cat-juegos-de-cartas","7":"editoriales-devir","9":"first","10":"outofstock","11":"shipping-taxable","12":"product-type-simple"},"_links":{"self":[{"href":"https:\/\/shapp.mx\/ludoteka\/wp-json\/wp\/v2\/product\/17321","targetHints":{"allow":["GET"]}}],"collection":[{"href":"https:\/\/shapp.mx\/ludoteka\/wp-json\/wp\/v2\/product"}],"about":[{"href":"https:\/\/shapp.mx\/ludoteka\/wp-json\/wp\/v2\/types\/product"}],"wp:featuredmedia":[{"embeddable":true,"href":"https:\/\/shapp.mx\/ludoteka\/wp-json\/wp\/v2\/media\/18433"}],"wp:attachment":[{"href":"https:\/\/shapp.mx\/ludoteka\/wp-json\/wp\/v2\/media?parent=17321"}],"wp:term":[{"taxonomy":"product_brand","embeddable":true,"href":"https:\/\/shapp.mx\/ludoteka\/wp-json\/wp\/v2\/product_brand?post=17321"},{"taxonomy":"product_cat","embeddable":true,"href":"https:\/\/shapp.mx\/ludoteka\/wp-json\/wp\/v2\/product_cat?post=17321"},{"taxonomy":"product_tag","embeddable":true,"href":"https:\/\/shapp.mx\/ludoteka\/wp-json\/wp\/v2\/product_tag?post=17321"},{"taxonomy":"editoriales","embeddable":true,"href":"https:\/\/shapp.mx\/ludoteka\/wp-json\/wp\/v2\/editoriales?post=17321"}],"curies":[{"name":"wp","href":"https:\/\/api.w.org\/{rel}","templated":true}]}}