{"id":17323,"date":"2023-04-21T16:32:13","date_gmt":"2023-04-21T22:32:13","guid":{"rendered":"https:\/\/arka.design\/ludoteka\/?post_type=product&#038;p=17323"},"modified":"2023-06-29T12:50:24","modified_gmt":"2023-06-29T18:50:24","slug":"winspan","status":"publish","type":"product","link":"https:\/\/shapp.mx\/ludoteka\/producto\/winspan\/","title":{"rendered":"Winspan"},"content":{"rendered":"<p>Un juego competitivo de producci\u00f3n y coleccionismo de aves, son unos apasionados de las aves (investigadores, observadores de aves, ornit\u00f3logos y coleccionistas) que intentan descubrir y atraer a las m\u00e1s interesantes a sus aviarios. Cada ave es un nuevo engranaje en las potentes cadenas de combinaciones (acciones) que formaran en sus h\u00e1bitats.<\/p>\n<p>En\u00a0<em>Wingspan<\/em>, un juego competitivo de producci\u00f3n y coleccionismo de aves, ser\u00e9is\u00a0unos apasionados de las aves (investigadores, observadores de aves, ornit\u00f3logos y coleccionistas) que intentan descubrir y atraer a las m\u00e1s interesantes a vuestros aviarios. Cada ave es un nuevo engranaje en las potentes cadenas de combinaciones (acciones) que formar\u00e9is en vuestros h\u00e1bitats. Estos h\u00e1bitats se centran en diversos aspectos fundamentales del crecimiento:<br \/>\n\u2022 Gana fichas de alimento con dados especiales que se lanzan en una torre de\u00a0dados con forma de comedero de aves<br \/>\n\u2022 Pon huevos usando miniaturas jaspeadas en diversos colores<br \/>\n\u2022 Elige entre cientos de cartas de ave \u00fanicas y ju\u00e9galas<\/p>\n<p>El ganador ser\u00e1 quien m\u00e1s puntos acumule sumando aves, cartas de bonificaci\u00f3n, objetivos de final de ronda, huevos, alimento acumulado y aves solapadas.<\/p>\n","protected":false},"excerpt":{"rendered":"<p>Un juego competitivo de producci\u00f3n y coleccionismo de aves, son unos apasionados de las aves (investigadores, observadores de aves, ornit\u00f3logos y coleccionistas) que intentan descubrir y atraer a las m\u00e1s interesantes a sus aviarios. Cada ave es un nuevo engranaje en las potentes cadenas de combinaciones (acciones) que formaran en sus h\u00e1bitats. En\u00a0Wingspan, un juego [&hellip;]<\/p>\n","protected":false},"featured_media":18435,"template":"","meta":{"inline_featured_image":false,"_juego_de_la_semana":"no","_idioma":"Espa\u00f1ol","_jugadores-minimos":"1","_jugadores-maximos":"5","_duracion-minima":"40","_duracion-maxima":"70","_edad-recomendada":"14","_editorial":"Maldito Games","imagen-header":"19044","_precio-proveedor":"","_fecha-compra":0},"product_brand":[],"product_cat":[164,168,171],"product_tag":[],"editoriales":[187],"class_list":{"0":"post-17323","1":"product","2":"type-product","3":"status-publish","4":"has-post-thumbnail","6":"product_cat-eurogame","7":"product_cat-juegos-de-cartas","8":"product_cat-party-game","9":"editoriales-maldito-games","11":"first","12":"instock","13":"featured","14":"shipping-taxable","15":"purchasable","16":"product-type-simple"},"_links":{"self":[{"href":"https:\/\/shapp.mx\/ludoteka\/wp-json\/wp\/v2\/product\/17323","targetHints":{"allow":["GET"]}}],"collection":[{"href":"https:\/\/shapp.mx\/ludoteka\/wp-json\/wp\/v2\/product"}],"about":[{"href":"https:\/\/shapp.mx\/ludoteka\/wp-json\/wp\/v2\/types\/product"}],"wp:featuredmedia":[{"embeddable":true,"href":"https:\/\/shapp.mx\/ludoteka\/wp-json\/wp\/v2\/media\/18435"}],"wp:attachment":[{"href":"https:\/\/shapp.mx\/ludoteka\/wp-json\/wp\/v2\/media?parent=17323"}],"wp:term":[{"taxonomy":"product_brand","embeddable":true,"href":"https:\/\/shapp.mx\/ludoteka\/wp-json\/wp\/v2\/product_brand?post=17323"},{"taxonomy":"product_cat","embeddable":true,"href":"https:\/\/shapp.mx\/ludoteka\/wp-json\/wp\/v2\/product_cat?post=17323"},{"taxonomy":"product_tag","embeddable":true,"href":"https:\/\/shapp.mx\/ludoteka\/wp-json\/wp\/v2\/product_tag?post=17323"},{"taxonomy":"editoriales","embeddable":true,"href":"https:\/\/shapp.mx\/ludoteka\/wp-json\/wp\/v2\/editoriales?post=17323"}],"curies":[{"name":"wp","href":"https:\/\/api.w.org\/{rel}","templated":true}]}}