{"id":17325,"date":"2023-04-21T16:32:14","date_gmt":"2023-04-21T22:32:14","guid":{"rendered":"https:\/\/arka.design\/ludoteka\/?post_type=product&#038;p=17325"},"modified":"2023-06-29T12:46:56","modified_gmt":"2023-06-29T18:46:56","slug":"winspan-oceania","status":"publish","type":"product","link":"https:\/\/shapp.mx\/ludoteka\/producto\/winspan-oceania\/","title":{"rendered":"Winspan Oceania"},"content":{"rendered":"<p>En esta segunda expansi\u00f3n a Wingspan, presentamos a las coloridas e impresionantes aves de Ocean\u00eda. Las tarjetas Oceania Bird est\u00e1n dise\u00f1adas para ser barajadas en las tarjetas de p\u00e1jaro desde el juego base, con o sin otras expansiones. Esta expansi\u00f3n incluye nuevas alfombrillas para jugadores y un nuevo tipo de comida, lo que permite a los jugadores explorar diferentes estrategias en este nuevo entorno. Tambi\u00e9n incluye nuevas tarjetas de bonificaci\u00f3n y m\u00e1s objetivos de fin de ronda, as\u00ed como un nuevo color de huevos.<\/p>\n<p>&nbsp;<\/p>\n","protected":false},"excerpt":{"rendered":"<p>En esta segunda expansi\u00f3n a Wingspan, presentamos a las coloridas e impresionantes aves de Ocean\u00eda. Las tarjetas Oceania Bird est\u00e1n dise\u00f1adas para ser barajadas en las tarjetas de p\u00e1jaro desde el juego base, con o sin otras expansiones. Esta expansi\u00f3n incluye nuevas alfombrillas para jugadores y un nuevo tipo de comida, lo que permite a [&hellip;]<\/p>\n","protected":false},"featured_media":18437,"template":"","meta":{"inline_featured_image":false,"_juego_de_la_semana":"no","_idioma":"Espa\u00f1ol","_jugadores-minimos":"1","_jugadores-maximos":"5","_duracion-minima":"40","_duracion-maxima":"70","_edad-recomendada":"14","_editorial":"Maldito Games","imagen-header":"19044","_precio-proveedor":"","_fecha-compra":0},"product_brand":[],"product_cat":[162,164,168],"product_tag":[],"editoriales":[187],"class_list":{"0":"post-17325","1":"product","2":"type-product","3":"status-publish","4":"has-post-thumbnail","6":"product_cat-destacados","7":"product_cat-eurogame","8":"product_cat-juegos-de-cartas","9":"editoriales-maldito-games","11":"first","12":"instock","13":"featured","14":"shipping-taxable","15":"purchasable","16":"product-type-simple"},"_links":{"self":[{"href":"https:\/\/shapp.mx\/ludoteka\/wp-json\/wp\/v2\/product\/17325","targetHints":{"allow":["GET"]}}],"collection":[{"href":"https:\/\/shapp.mx\/ludoteka\/wp-json\/wp\/v2\/product"}],"about":[{"href":"https:\/\/shapp.mx\/ludoteka\/wp-json\/wp\/v2\/types\/product"}],"wp:featuredmedia":[{"embeddable":true,"href":"https:\/\/shapp.mx\/ludoteka\/wp-json\/wp\/v2\/media\/18437"}],"wp:attachment":[{"href":"https:\/\/shapp.mx\/ludoteka\/wp-json\/wp\/v2\/media?parent=17325"}],"wp:term":[{"taxonomy":"product_brand","embeddable":true,"href":"https:\/\/shapp.mx\/ludoteka\/wp-json\/wp\/v2\/product_brand?post=17325"},{"taxonomy":"product_cat","embeddable":true,"href":"https:\/\/shapp.mx\/ludoteka\/wp-json\/wp\/v2\/product_cat?post=17325"},{"taxonomy":"product_tag","embeddable":true,"href":"https:\/\/shapp.mx\/ludoteka\/wp-json\/wp\/v2\/product_tag?post=17325"},{"taxonomy":"editoriales","embeddable":true,"href":"https:\/\/shapp.mx\/ludoteka\/wp-json\/wp\/v2\/editoriales?post=17325"}],"curies":[{"name":"wp","href":"https:\/\/api.w.org\/{rel}","templated":true}]}}