{"id":18703,"date":"2023-06-16T11:21:21","date_gmt":"2023-06-16T17:21:21","guid":{"rendered":"https:\/\/shapp.mx\/ludoteka\/?post_type=product&#038;p=18703"},"modified":"2023-06-29T12:44:15","modified_gmt":"2023-06-29T18:44:15","slug":"banana-azul","status":"publish","type":"product","link":"https:\/\/shapp.mx\/ludoteka\/producto\/banana-azul\/","title":{"rendered":"Banana Azul"},"content":{"rendered":"<p>Una banana azul, un flamenco verde y una pelota de baloncesto rosa&#8230;<br \/>\n\u00a1Algo no est\u00e1 yendo bien!<br \/>\nLos jugadores con la mayor velocidad y capacidad de pensamiento lateral ser\u00e1n los que acaben llev\u00e1ndose la mayor cantidad de cartas con los objetos y colores requeridos.<\/p>\n","protected":false},"excerpt":{"rendered":"<p>Una banana azul, un flamenco verde y una pelota de baloncesto rosa&#8230; \u00a1Algo no est\u00e1 yendo bien! Los jugadores con la mayor velocidad y capacidad de pensamiento lateral ser\u00e1n los que acaben llev\u00e1ndose la mayor cantidad de cartas con los objetos y colores requeridos.<\/p>\n","protected":false},"featured_media":18967,"template":"","meta":{"inline_featured_image":false,"_juego_de_la_semana":"no","_idioma":"Espa\u00f1ol","_jugadores-minimos":"2","_jugadores-maximos":"5","_duracion-minima":"20","_duracion-maxima":"","_edad-recomendada":"10","_editorial":"","imagen-header":"19044","_precio-proveedor":"","_fecha-compra":0},"product_brand":[],"product_cat":[168],"product_tag":[],"editoriales":[],"class_list":{"0":"post-18703","1":"product","2":"type-product","3":"status-publish","4":"has-post-thumbnail","6":"product_cat-juegos-de-cartas","8":"first","9":"instock","10":"shipping-taxable","11":"purchasable","12":"product-type-simple"},"_links":{"self":[{"href":"https:\/\/shapp.mx\/ludoteka\/wp-json\/wp\/v2\/product\/18703","targetHints":{"allow":["GET"]}}],"collection":[{"href":"https:\/\/shapp.mx\/ludoteka\/wp-json\/wp\/v2\/product"}],"about":[{"href":"https:\/\/shapp.mx\/ludoteka\/wp-json\/wp\/v2\/types\/product"}],"wp:featuredmedia":[{"embeddable":true,"href":"https:\/\/shapp.mx\/ludoteka\/wp-json\/wp\/v2\/media\/18967"}],"wp:attachment":[{"href":"https:\/\/shapp.mx\/ludoteka\/wp-json\/wp\/v2\/media?parent=18703"}],"wp:term":[{"taxonomy":"product_brand","embeddable":true,"href":"https:\/\/shapp.mx\/ludoteka\/wp-json\/wp\/v2\/product_brand?post=18703"},{"taxonomy":"product_cat","embeddable":true,"href":"https:\/\/shapp.mx\/ludoteka\/wp-json\/wp\/v2\/product_cat?post=18703"},{"taxonomy":"product_tag","embeddable":true,"href":"https:\/\/shapp.mx\/ludoteka\/wp-json\/wp\/v2\/product_tag?post=18703"},{"taxonomy":"editoriales","embeddable":true,"href":"https:\/\/shapp.mx\/ludoteka\/wp-json\/wp\/v2\/editoriales?post=18703"}],"curies":[{"name":"wp","href":"https:\/\/api.w.org\/{rel}","templated":true}]}}