{"id":18704,"date":"2023-06-16T11:41:48","date_gmt":"2023-06-16T17:41:48","guid":{"rendered":"https:\/\/shapp.mx\/ludoteka\/?post_type=product&#038;p=18704"},"modified":"2023-06-29T12:43:20","modified_gmt":"2023-06-29T18:43:20","slug":"blockbuster","status":"publish","type":"product","link":"https:\/\/shapp.mx\/ludoteka\/producto\/blockbuster\/","title":{"rendered":"Blockbuster"},"content":{"rendered":"<p>Vuelve a los 90: Devuelve la \u00e9poca dorada de los alquileres de videos con un juego de cine para adolescentes y adultos por igual TRIPLE CHARADES JEOPARDY: Elige tres pel\u00edculas cl\u00e1sicas y compite para describirlas, citarlas y actuar para el resto de tu equipoMOVIE BUZZER BATTLE: Desaf\u00eda a un jugador a un enfrentamiento cabeza a cabeza y grita tantas pel\u00edculas como puedas antes de que se acabe el tiempo. PR\u00c1CTICA PERFECTA PARA HOLLYWOOD: Comienza tu carrera en el espect\u00e1culo mientras te enfrentas a charadas para 200 pel\u00edculas diferentes. F\u00e1cil de aprender, r\u00e1pido de jugar<\/p>\n","protected":false},"excerpt":{"rendered":"<p>Vuelve a los 90: Devuelve la \u00e9poca dorada de los alquileres de videos con un juego de cine para adolescentes y adultos por igual TRIPLE CHARADES JEOPARDY: Elige tres pel\u00edculas cl\u00e1sicas y compite para describirlas, citarlas y actuar para el resto de tu equipoMOVIE BUZZER BATTLE: Desaf\u00eda a un jugador a un enfrentamiento cabeza a [&hellip;]<\/p>\n","protected":false},"featured_media":18442,"template":"","meta":{"inline_featured_image":false,"_juego_de_la_semana":"no","_idioma":"Espa\u00f1ol","_jugadores-minimos":"4","_jugadores-maximos":"12","_duracion-minima":"","_duracion-maxima":"","_edad-recomendada":"12","_editorial":"","imagen-header":"19044","_precio-proveedor":"","_fecha-compra":0},"product_brand":[],"product_cat":[168,171],"product_tag":[],"editoriales":[],"class_list":{"0":"post-18704","1":"product","2":"type-product","3":"status-publish","4":"has-post-thumbnail","6":"product_cat-juegos-de-cartas","7":"product_cat-party-game","9":"first","10":"instock","11":"shipping-taxable","12":"purchasable","13":"product-type-simple"},"_links":{"self":[{"href":"https:\/\/shapp.mx\/ludoteka\/wp-json\/wp\/v2\/product\/18704","targetHints":{"allow":["GET"]}}],"collection":[{"href":"https:\/\/shapp.mx\/ludoteka\/wp-json\/wp\/v2\/product"}],"about":[{"href":"https:\/\/shapp.mx\/ludoteka\/wp-json\/wp\/v2\/types\/product"}],"wp:featuredmedia":[{"embeddable":true,"href":"https:\/\/shapp.mx\/ludoteka\/wp-json\/wp\/v2\/media\/18442"}],"wp:attachment":[{"href":"https:\/\/shapp.mx\/ludoteka\/wp-json\/wp\/v2\/media?parent=18704"}],"wp:term":[{"taxonomy":"product_brand","embeddable":true,"href":"https:\/\/shapp.mx\/ludoteka\/wp-json\/wp\/v2\/product_brand?post=18704"},{"taxonomy":"product_cat","embeddable":true,"href":"https:\/\/shapp.mx\/ludoteka\/wp-json\/wp\/v2\/product_cat?post=18704"},{"taxonomy":"product_tag","embeddable":true,"href":"https:\/\/shapp.mx\/ludoteka\/wp-json\/wp\/v2\/product_tag?post=18704"},{"taxonomy":"editoriales","embeddable":true,"href":"https:\/\/shapp.mx\/ludoteka\/wp-json\/wp\/v2\/editoriales?post=18704"}],"curies":[{"name":"wp","href":"https:\/\/api.w.org\/{rel}","templated":true}]}}