{"id":18706,"date":"2023-06-16T11:45:49","date_gmt":"2023-06-16T17:45:49","guid":{"rendered":"https:\/\/shapp.mx\/ludoteka\/?post_type=product&#038;p=18706"},"modified":"2023-06-29T12:42:46","modified_gmt":"2023-06-29T18:42:46","slug":"cafe","status":"publish","type":"product","link":"https:\/\/shapp.mx\/ludoteka\/producto\/cafe\/","title":{"rendered":"Caf\u00e9"},"content":{"rendered":"<p>En 1713, el rey D. Jo\u00e3o V orden\u00f3 al sargento Francisco de Melo Palheta viajar a la Guayana Francesa con objeto de conseguir en secreto semillas de caf\u00e9 para sembrarlas en Brasil. En 1800, Brasil ya era uno de los mayores productores de caf\u00e9 del mundo. Beber caf\u00e9 se hizo popular en la cultura portuguesa y los granos de caf\u00e9 provenientes de Brasil, Santo Tom\u00e9 y Pr\u00edncipe, Angola y Timor estaban entre los m\u00e1s apreciados a comienzos del siglo XX. En este juego, los jugadores dirigen compa\u00f1\u00edas que producen, procesan y venden caf\u00e9 a las cafeter\u00edas m\u00e1s exclusivas de la B\u00e9lle \u00c9poque portuguesa.<\/p>\n","protected":false},"excerpt":{"rendered":"<p>En 1713, el rey D. Jo\u00e3o V orden\u00f3 al sargento Francisco de Melo Palheta viajar a la Guayana Francesa con objeto de conseguir en secreto semillas de caf\u00e9 para sembrarlas en Brasil. En 1800, Brasil ya era uno de los mayores productores de caf\u00e9 del mundo. Beber caf\u00e9 se hizo popular en la cultura portuguesa [&hellip;]<\/p>\n","protected":false},"featured_media":18970,"template":"","meta":{"inline_featured_image":false,"_juego_de_la_semana":"no","_idioma":"Espa\u00f1ol","_jugadores-minimos":"2","_jugadores-maximos":"4","_duracion-minima":"20","_duracion-maxima":"45","_edad-recomendada":"8","_editorial":"Maldito Games","imagen-header":"19044","_precio-proveedor":"","_fecha-compra":0},"product_brand":[],"product_cat":[162,164],"product_tag":[],"editoriales":[187],"class_list":{"0":"post-18706","1":"product","2":"type-product","3":"status-publish","4":"has-post-thumbnail","6":"product_cat-destacados","7":"product_cat-eurogame","8":"editoriales-maldito-games","10":"first","11":"instock","12":"shipping-taxable","13":"purchasable","14":"product-type-simple"},"_links":{"self":[{"href":"https:\/\/shapp.mx\/ludoteka\/wp-json\/wp\/v2\/product\/18706","targetHints":{"allow":["GET"]}}],"collection":[{"href":"https:\/\/shapp.mx\/ludoteka\/wp-json\/wp\/v2\/product"}],"about":[{"href":"https:\/\/shapp.mx\/ludoteka\/wp-json\/wp\/v2\/types\/product"}],"wp:featuredmedia":[{"embeddable":true,"href":"https:\/\/shapp.mx\/ludoteka\/wp-json\/wp\/v2\/media\/18970"}],"wp:attachment":[{"href":"https:\/\/shapp.mx\/ludoteka\/wp-json\/wp\/v2\/media?parent=18706"}],"wp:term":[{"taxonomy":"product_brand","embeddable":true,"href":"https:\/\/shapp.mx\/ludoteka\/wp-json\/wp\/v2\/product_brand?post=18706"},{"taxonomy":"product_cat","embeddable":true,"href":"https:\/\/shapp.mx\/ludoteka\/wp-json\/wp\/v2\/product_cat?post=18706"},{"taxonomy":"product_tag","embeddable":true,"href":"https:\/\/shapp.mx\/ludoteka\/wp-json\/wp\/v2\/product_tag?post=18706"},{"taxonomy":"editoriales","embeddable":true,"href":"https:\/\/shapp.mx\/ludoteka\/wp-json\/wp\/v2\/editoriales?post=18706"}],"curies":[{"name":"wp","href":"https:\/\/api.w.org\/{rel}","templated":true}]}}