{"id":18711,"date":"2023-06-16T12:03:19","date_gmt":"2023-06-16T18:03:19","guid":{"rendered":"https:\/\/shapp.mx\/ludoteka\/?post_type=product&#038;p=18711"},"modified":"2023-06-29T12:37:52","modified_gmt":"2023-06-29T18:37:52","slug":"cryptid","status":"publish","type":"product","link":"https:\/\/shapp.mx\/ludoteka\/producto\/cryptid\/","title":{"rendered":"Cryptid"},"content":{"rendered":"<p>Serpientes marinas, yeti, el chupacabras: hab\u00e9is seguido las pistas que conocen al hallazgo de la criatura, muy pronto el mundo entero conocer\u00e1 la historia de\u00a0Cryptid. Con la esperanza de resolver el misterio, os hab\u00e9is reunido un grupo de criptozo\u00f3logos, con la \u00fanica obsesi\u00f3n de encontrarlo. Pero no est\u00e1is dispuestos a compartir la gloria de este extraordinario descubrimiento. Si quieres localizar al monstruo, deber\u00e1s revelar informaci\u00f3n que solo tu conoces, pero cuidado, se prudente con las pistas que das a tus competidores o tu nombre pasar\u00e1 al olvido.<\/p>\n","protected":false},"excerpt":{"rendered":"<p>Serpientes marinas, yeti, el chupacabras: hab\u00e9is seguido las pistas que conocen al hallazgo de la criatura, muy pronto el mundo entero conocer\u00e1 la historia de\u00a0Cryptid. Con la esperanza de resolver el misterio, os hab\u00e9is reunido un grupo de criptozo\u00f3logos, con la \u00fanica obsesi\u00f3n de encontrarlo. Pero no est\u00e1is dispuestos a compartir la gloria de este [&hellip;]<\/p>\n","protected":false},"featured_media":18369,"template":"","meta":{"inline_featured_image":false,"_juego_de_la_semana":"no","_idioma":"Espa\u00f1ol","_jugadores-minimos":"3","_jugadores-maximos":"5","_duracion-minima":"30","_duracion-maxima":"48","_edad-recomendada":"14","_editorial":"Osprey Games","imagen-header":"19044","_precio-proveedor":"","_fecha-compra":0},"product_brand":[],"product_cat":[164],"product_tag":[],"editoriales":[195],"class_list":{"0":"post-18711","1":"product","2":"type-product","3":"status-publish","4":"has-post-thumbnail","6":"product_cat-eurogame","7":"editoriales-osprey-games","9":"first","10":"instock","11":"shipping-taxable","12":"purchasable","13":"product-type-simple"},"_links":{"self":[{"href":"https:\/\/shapp.mx\/ludoteka\/wp-json\/wp\/v2\/product\/18711","targetHints":{"allow":["GET"]}}],"collection":[{"href":"https:\/\/shapp.mx\/ludoteka\/wp-json\/wp\/v2\/product"}],"about":[{"href":"https:\/\/shapp.mx\/ludoteka\/wp-json\/wp\/v2\/types\/product"}],"wp:featuredmedia":[{"embeddable":true,"href":"https:\/\/shapp.mx\/ludoteka\/wp-json\/wp\/v2\/media\/18369"}],"wp:attachment":[{"href":"https:\/\/shapp.mx\/ludoteka\/wp-json\/wp\/v2\/media?parent=18711"}],"wp:term":[{"taxonomy":"product_brand","embeddable":true,"href":"https:\/\/shapp.mx\/ludoteka\/wp-json\/wp\/v2\/product_brand?post=18711"},{"taxonomy":"product_cat","embeddable":true,"href":"https:\/\/shapp.mx\/ludoteka\/wp-json\/wp\/v2\/product_cat?post=18711"},{"taxonomy":"product_tag","embeddable":true,"href":"https:\/\/shapp.mx\/ludoteka\/wp-json\/wp\/v2\/product_tag?post=18711"},{"taxonomy":"editoriales","embeddable":true,"href":"https:\/\/shapp.mx\/ludoteka\/wp-json\/wp\/v2\/editoriales?post=18711"}],"curies":[{"name":"wp","href":"https:\/\/api.w.org\/{rel}","templated":true}]}}