{"id":18712,"date":"2023-06-16T12:05:49","date_gmt":"2023-06-16T18:05:49","guid":{"rendered":"https:\/\/shapp.mx\/ludoteka\/?post_type=product&#038;p=18712"},"modified":"2023-06-29T12:37:19","modified_gmt":"2023-06-29T18:37:19","slug":"cubirds","status":"publish","type":"product","link":"https:\/\/shapp.mx\/ludoteka\/producto\/cubirds\/","title":{"rendered":"Cubirds"},"content":{"rendered":"<p>Los jugadores comienzan cada ronda de CuBirds con cartas de p\u00e1jaros en la mano y una bandada mixta de p\u00e1jaros en el centro de la mesa para elegir. Saca cartas, forma tu parvada y juega la serie de p\u00e1jaros id\u00e9nticos (tu parvada) desde tu mano para formar tu \u00e1rea de puntuaci\u00f3n. Tu objetivo es ser el primer jugador en reunir 1 de cada especie diferente o dos especies con al menos tres aves id\u00e9nticas de cada una. Cada p\u00e1jaro viene con una peque\u00f1a parvada o 1 puntaje de parvada grande, por lo que puedes esperar una parvada m\u00e1s grande para tener una puntuaci\u00f3n a\u00fan m\u00e1s alta. Ten cuidado, sin embargo, ya que la ronda termina cuando un jugador vac\u00eda su mano, obligando a todos los jugadores a descartar sus manos y planes.<\/p>\n","protected":false},"excerpt":{"rendered":"<p>Los jugadores comienzan cada ronda de CuBirds con cartas de p\u00e1jaros en la mano y una bandada mixta de p\u00e1jaros en el centro de la mesa para elegir. Saca cartas, forma tu parvada y juega la serie de p\u00e1jaros id\u00e9nticos (tu parvada) desde tu mano para formar tu \u00e1rea de puntuaci\u00f3n. Tu objetivo es ser [&hellip;]<\/p>\n","protected":false},"featured_media":18370,"template":"","meta":{"inline_featured_image":false,"_juego_de_la_semana":"no","_idioma":"Espa\u00f1ol","_jugadores-minimos":"2","_jugadores-maximos":"5","_duracion-minima":"20","_duracion-maxima":"","_edad-recomendada":"8","_editorial":"","imagen-header":"19044","_precio-proveedor":"","_fecha-compra":0},"product_brand":[],"product_cat":[162,168],"product_tag":[],"editoriales":[],"class_list":{"0":"post-18712","1":"product","2":"type-product","3":"status-publish","4":"has-post-thumbnail","6":"product_cat-destacados","7":"product_cat-juegos-de-cartas","9":"first","10":"instock","11":"shipping-taxable","12":"purchasable","13":"product-type-simple"},"_links":{"self":[{"href":"https:\/\/shapp.mx\/ludoteka\/wp-json\/wp\/v2\/product\/18712","targetHints":{"allow":["GET"]}}],"collection":[{"href":"https:\/\/shapp.mx\/ludoteka\/wp-json\/wp\/v2\/product"}],"about":[{"href":"https:\/\/shapp.mx\/ludoteka\/wp-json\/wp\/v2\/types\/product"}],"wp:featuredmedia":[{"embeddable":true,"href":"https:\/\/shapp.mx\/ludoteka\/wp-json\/wp\/v2\/media\/18370"}],"wp:attachment":[{"href":"https:\/\/shapp.mx\/ludoteka\/wp-json\/wp\/v2\/media?parent=18712"}],"wp:term":[{"taxonomy":"product_brand","embeddable":true,"href":"https:\/\/shapp.mx\/ludoteka\/wp-json\/wp\/v2\/product_brand?post=18712"},{"taxonomy":"product_cat","embeddable":true,"href":"https:\/\/shapp.mx\/ludoteka\/wp-json\/wp\/v2\/product_cat?post=18712"},{"taxonomy":"product_tag","embeddable":true,"href":"https:\/\/shapp.mx\/ludoteka\/wp-json\/wp\/v2\/product_tag?post=18712"},{"taxonomy":"editoriales","embeddable":true,"href":"https:\/\/shapp.mx\/ludoteka\/wp-json\/wp\/v2\/editoriales?post=18712"}],"curies":[{"name":"wp","href":"https:\/\/api.w.org\/{rel}","templated":true}]}}