{"id":18719,"date":"2023-06-16T12:39:45","date_gmt":"2023-06-16T18:39:45","guid":{"rendered":"https:\/\/shapp.mx\/ludoteka\/?post_type=product&#038;p=18719"},"modified":"2023-06-29T12:34:36","modified_gmt":"2023-06-29T18:34:36","slug":"formula","status":"publish","type":"product","link":"https:\/\/shapp.mx\/ludoteka\/producto\/formula\/","title":{"rendered":"Formula"},"content":{"rendered":"<p>Es un juego donde las matem\u00e1ticas te har\u00e1n pasar ratos muy divertidos. Juega hasta 3 n\u00fameros de tu mano y cambia el signo de operaci\u00f3n para crear una nueva igualdad correcta. Quien se deshaga antes de las cartas de su mano, habr\u00e1 vencido.<\/p>\n","protected":false},"excerpt":{"rendered":"<p>Es un juego donde las matem\u00e1ticas te har\u00e1n pasar ratos muy divertidos. Juega hasta 3 n\u00fameros de tu mano y cambia el signo de operaci\u00f3n para crear una nueva igualdad correcta. Quien se deshaga antes de las cartas de su mano, habr\u00e1 vencido.<\/p>\n","protected":false},"featured_media":18993,"template":"","meta":{"inline_featured_image":false,"_juego_de_la_semana":"no","_idioma":"Espa\u00f1ol","_jugadores-minimos":"2","_jugadores-maximos":"5","_duracion-minima":"15","_duracion-maxima":"","_edad-recomendada":"8","_editorial":"","imagen-header":"19044","_precio-proveedor":"","_fecha-compra":0},"product_brand":[],"product_cat":[168],"product_tag":[],"editoriales":[],"class_list":{"0":"post-18719","1":"product","2":"type-product","3":"status-publish","4":"has-post-thumbnail","6":"product_cat-juegos-de-cartas","8":"first","9":"instock","10":"shipping-taxable","11":"purchasable","12":"product-type-simple"},"_links":{"self":[{"href":"https:\/\/shapp.mx\/ludoteka\/wp-json\/wp\/v2\/product\/18719","targetHints":{"allow":["GET"]}}],"collection":[{"href":"https:\/\/shapp.mx\/ludoteka\/wp-json\/wp\/v2\/product"}],"about":[{"href":"https:\/\/shapp.mx\/ludoteka\/wp-json\/wp\/v2\/types\/product"}],"wp:featuredmedia":[{"embeddable":true,"href":"https:\/\/shapp.mx\/ludoteka\/wp-json\/wp\/v2\/media\/18993"}],"wp:attachment":[{"href":"https:\/\/shapp.mx\/ludoteka\/wp-json\/wp\/v2\/media?parent=18719"}],"wp:term":[{"taxonomy":"product_brand","embeddable":true,"href":"https:\/\/shapp.mx\/ludoteka\/wp-json\/wp\/v2\/product_brand?post=18719"},{"taxonomy":"product_cat","embeddable":true,"href":"https:\/\/shapp.mx\/ludoteka\/wp-json\/wp\/v2\/product_cat?post=18719"},{"taxonomy":"product_tag","embeddable":true,"href":"https:\/\/shapp.mx\/ludoteka\/wp-json\/wp\/v2\/product_tag?post=18719"},{"taxonomy":"editoriales","embeddable":true,"href":"https:\/\/shapp.mx\/ludoteka\/wp-json\/wp\/v2\/editoriales?post=18719"}],"curies":[{"name":"wp","href":"https:\/\/api.w.org\/{rel}","templated":true}]}}