{"id":18720,"date":"2023-06-16T12:46:54","date_gmt":"2023-06-16T18:46:54","guid":{"rendered":"https:\/\/shapp.mx\/ludoteka\/?post_type=product&#038;p=18720"},"modified":"2023-06-29T12:33:40","modified_gmt":"2023-06-29T18:33:40","slug":"funky-pollo","status":"publish","type":"product","link":"https:\/\/shapp.mx\/ludoteka\/producto\/funky-pollo\/","title":{"rendered":"Funky Pollo"},"content":{"rendered":"<p>\u00bfUn juego para hacer el baile del pollo? \u00a1S\u00ed! Aqu\u00ed est\u00e1 Funky Chicken el juego que sigue las reglas de Happy Salm\u00f3n, pero en lugar de saludos tiene pasos de baile. \u00bfEst\u00e1s preparado para esta versi\u00f3n \u201cmovida\u201d de Happy Salm\u00f3n?<\/p>\n","protected":false},"excerpt":{"rendered":"<p>\u00bfUn juego para hacer el baile del pollo? \u00a1S\u00ed! Aqu\u00ed est\u00e1 Funky Chicken el juego que sigue las reglas de Happy Salm\u00f3n, pero en lugar de saludos tiene pasos de baile. \u00bfEst\u00e1s preparado para esta versi\u00f3n \u201cmovida\u201d de Happy Salm\u00f3n?<\/p>\n","protected":false},"featured_media":18995,"template":"","meta":{"inline_featured_image":false,"_juego_de_la_semana":"no","_idioma":"Espa\u00f1ol","_jugadores-minimos":"3","_jugadores-maximos":"6","_duracion-minima":"5","_duracion-maxima":"","_edad-recomendada":"","_editorial":"","imagen-header":"19044","_precio-proveedor":"","_fecha-compra":0},"product_brand":[],"product_cat":[168,171],"product_tag":[],"editoriales":[],"class_list":{"0":"post-18720","1":"product","2":"type-product","3":"status-publish","4":"has-post-thumbnail","6":"product_cat-juegos-de-cartas","7":"product_cat-party-game","9":"first","10":"instock","11":"shipping-taxable","12":"purchasable","13":"product-type-simple"},"_links":{"self":[{"href":"https:\/\/shapp.mx\/ludoteka\/wp-json\/wp\/v2\/product\/18720","targetHints":{"allow":["GET"]}}],"collection":[{"href":"https:\/\/shapp.mx\/ludoteka\/wp-json\/wp\/v2\/product"}],"about":[{"href":"https:\/\/shapp.mx\/ludoteka\/wp-json\/wp\/v2\/types\/product"}],"wp:featuredmedia":[{"embeddable":true,"href":"https:\/\/shapp.mx\/ludoteka\/wp-json\/wp\/v2\/media\/18995"}],"wp:attachment":[{"href":"https:\/\/shapp.mx\/ludoteka\/wp-json\/wp\/v2\/media?parent=18720"}],"wp:term":[{"taxonomy":"product_brand","embeddable":true,"href":"https:\/\/shapp.mx\/ludoteka\/wp-json\/wp\/v2\/product_brand?post=18720"},{"taxonomy":"product_cat","embeddable":true,"href":"https:\/\/shapp.mx\/ludoteka\/wp-json\/wp\/v2\/product_cat?post=18720"},{"taxonomy":"product_tag","embeddable":true,"href":"https:\/\/shapp.mx\/ludoteka\/wp-json\/wp\/v2\/product_tag?post=18720"},{"taxonomy":"editoriales","embeddable":true,"href":"https:\/\/shapp.mx\/ludoteka\/wp-json\/wp\/v2\/editoriales?post=18720"}],"curies":[{"name":"wp","href":"https:\/\/api.w.org\/{rel}","templated":true}]}}