{"id":18725,"date":"2023-06-16T13:22:00","date_gmt":"2023-06-16T19:22:00","guid":{"rendered":"https:\/\/shapp.mx\/ludoteka\/?post_type=product&#038;p=18725"},"modified":"2023-06-29T12:23:09","modified_gmt":"2023-06-29T18:23:09","slug":"mision-cumplida","status":"publish","type":"product","link":"https:\/\/shapp.mx\/ludoteka\/producto\/mision-cumplida\/","title":{"rendered":"Misi\u00f3n Cumplida"},"content":{"rendered":"<p>En\u00a0Misi\u00f3n Cumplida, vuestro objetivo ser\u00e1 cumplir la mayor cantidad de retos posibles antes de que se os acaben las cartas. Cada partida se preparar\u00e1 con un m\u00e1ximo de objetivos y los jugadores, de forma cooperativa, deber\u00e1n intentar cumplirlos con ciertas restricciones en la comunicaci\u00f3n. Cumplid objetivos, aprended a comunicaros y&#8230; \u00a1no os qued\u00e9is sin cartas! S\u00f3lo as\u00ed vencer\u00e9is en este entretenido juego.<\/p>\n","protected":false},"excerpt":{"rendered":"<p>En\u00a0Misi\u00f3n Cumplida, vuestro objetivo ser\u00e1 cumplir la mayor cantidad de retos posibles antes de que se os acaben las cartas. Cada partida se preparar\u00e1 con un m\u00e1ximo de objetivos y los jugadores, de forma cooperativa, deber\u00e1n intentar cumplirlos con ciertas restricciones en la comunicaci\u00f3n. Cumplid objetivos, aprended a comunicaros y&#8230; \u00a1no os qued\u00e9is sin cartas! [&hellip;]<\/p>\n","protected":false},"featured_media":19001,"template":"","meta":{"inline_featured_image":false,"_juego_de_la_semana":"no","_idioma":"Espa\u00f1ol","_jugadores-minimos":"1","_jugadores-maximos":"4","_duracion-minima":"20","_duracion-maxima":"","_edad-recomendada":"8","_editorial":"","imagen-header":"19044","_precio-proveedor":"","_fecha-compra":0},"product_brand":[],"product_cat":[168],"product_tag":[],"editoriales":[],"class_list":{"0":"post-18725","1":"product","2":"type-product","3":"status-publish","4":"has-post-thumbnail","6":"product_cat-juegos-de-cartas","8":"first","9":"instock","10":"shipping-taxable","11":"purchasable","12":"product-type-simple"},"_links":{"self":[{"href":"https:\/\/shapp.mx\/ludoteka\/wp-json\/wp\/v2\/product\/18725","targetHints":{"allow":["GET"]}}],"collection":[{"href":"https:\/\/shapp.mx\/ludoteka\/wp-json\/wp\/v2\/product"}],"about":[{"href":"https:\/\/shapp.mx\/ludoteka\/wp-json\/wp\/v2\/types\/product"}],"wp:featuredmedia":[{"embeddable":true,"href":"https:\/\/shapp.mx\/ludoteka\/wp-json\/wp\/v2\/media\/19001"}],"wp:attachment":[{"href":"https:\/\/shapp.mx\/ludoteka\/wp-json\/wp\/v2\/media?parent=18725"}],"wp:term":[{"taxonomy":"product_brand","embeddable":true,"href":"https:\/\/shapp.mx\/ludoteka\/wp-json\/wp\/v2\/product_brand?post=18725"},{"taxonomy":"product_cat","embeddable":true,"href":"https:\/\/shapp.mx\/ludoteka\/wp-json\/wp\/v2\/product_cat?post=18725"},{"taxonomy":"product_tag","embeddable":true,"href":"https:\/\/shapp.mx\/ludoteka\/wp-json\/wp\/v2\/product_tag?post=18725"},{"taxonomy":"editoriales","embeddable":true,"href":"https:\/\/shapp.mx\/ludoteka\/wp-json\/wp\/v2\/editoriales?post=18725"}],"curies":[{"name":"wp","href":"https:\/\/api.w.org\/{rel}","templated":true}]}}