{"id":18727,"date":"2023-06-16T13:32:09","date_gmt":"2023-06-16T19:32:09","guid":{"rendered":"https:\/\/shapp.mx\/ludoteka\/?post_type=product&#038;p=18727"},"modified":"2023-06-29T12:22:07","modified_gmt":"2023-06-29T18:22:07","slug":"mision-rescate","status":"publish","type":"product","link":"https:\/\/shapp.mx\/ludoteka\/producto\/mision-rescate\/","title":{"rendered":"Mision rescate"},"content":{"rendered":"<p>Es un juego cooperativo y muy r\u00e1pido para jugar en solitario o en equipo. \u00a1ALERTA! \u00a1ALERTA! El Robot ED-210 ha tomado el control de la base espacial, ha secuestrado a toda la tripulaci\u00f3n&#8230; \u00a1y ha colocado una bomba! La base espacial est\u00e1 en peligro y sois el equipo de rescate. Deb\u00e9is trabajar en equipo porque solo dispon\u00e9is de 3 minutos para liberar al capit\u00e1n, 2 minutos para desactivar la bomba y 1 minuto para escapar en el cohete. Buscad los elementos necesarios para rescatar a cada astronauta, tratad de recordar d\u00f3nde est\u00e1 todo por si lo necesit\u00e1is m\u00e1s adelante, cumplid los objetivos en el tiempo l\u00edmite y tened mucho cuidado con los eventos, que os har\u00e1n perder vuestro precioso tiempo.<\/p>\n","protected":false},"excerpt":{"rendered":"<p>Es un juego cooperativo y muy r\u00e1pido para jugar en solitario o en equipo. \u00a1ALERTA! \u00a1ALERTA! El Robot ED-210 ha tomado el control de la base espacial, ha secuestrado a toda la tripulaci\u00f3n&#8230; \u00a1y ha colocado una bomba! La base espacial est\u00e1 en peligro y sois el equipo de rescate. Deb\u00e9is trabajar en equipo porque [&hellip;]<\/p>\n","protected":false},"featured_media":18403,"template":"","meta":{"inline_featured_image":false,"_juego_de_la_semana":"no","_idioma":"Espa\u00f1ol","_jugadores-minimos":"1","_jugadores-maximos":"6","_duracion-minima":"10","_duracion-maxima":"","_edad-recomendada":"4","_editorial":"","imagen-header":"19044","_precio-proveedor":"","_fecha-compra":0},"product_brand":[],"product_cat":[162],"product_tag":[],"editoriales":[],"class_list":{"0":"post-18727","1":"product","2":"type-product","3":"status-publish","4":"has-post-thumbnail","6":"product_cat-destacados","8":"first","9":"instock","10":"shipping-taxable","11":"purchasable","12":"product-type-simple"},"_links":{"self":[{"href":"https:\/\/shapp.mx\/ludoteka\/wp-json\/wp\/v2\/product\/18727","targetHints":{"allow":["GET"]}}],"collection":[{"href":"https:\/\/shapp.mx\/ludoteka\/wp-json\/wp\/v2\/product"}],"about":[{"href":"https:\/\/shapp.mx\/ludoteka\/wp-json\/wp\/v2\/types\/product"}],"wp:featuredmedia":[{"embeddable":true,"href":"https:\/\/shapp.mx\/ludoteka\/wp-json\/wp\/v2\/media\/18403"}],"wp:attachment":[{"href":"https:\/\/shapp.mx\/ludoteka\/wp-json\/wp\/v2\/media?parent=18727"}],"wp:term":[{"taxonomy":"product_brand","embeddable":true,"href":"https:\/\/shapp.mx\/ludoteka\/wp-json\/wp\/v2\/product_brand?post=18727"},{"taxonomy":"product_cat","embeddable":true,"href":"https:\/\/shapp.mx\/ludoteka\/wp-json\/wp\/v2\/product_cat?post=18727"},{"taxonomy":"product_tag","embeddable":true,"href":"https:\/\/shapp.mx\/ludoteka\/wp-json\/wp\/v2\/product_tag?post=18727"},{"taxonomy":"editoriales","embeddable":true,"href":"https:\/\/shapp.mx\/ludoteka\/wp-json\/wp\/v2\/editoriales?post=18727"}],"curies":[{"name":"wp","href":"https:\/\/api.w.org\/{rel}","templated":true}]}}